{"id":3221,"date":"2025-06-03T14:53:57","date_gmt":"2025-06-03T11:53:57","guid":{"rendered":"https:\/\/sacracosmetics.com\/?post_type=product&#038;p=3221"},"modified":"2026-04-17T15:47:43","modified_gmt":"2026-04-17T12:47:43","slug":"das-power-trio-bundel","status":"publish","type":"product","link":"https:\/\/sacracosmetics.com\/de\/product\/das-power-trio-bundel\/","title":{"rendered":"Das Power Trio Bundle"},"content":{"rendered":"","protected":false},"excerpt":{"rendered":"<p data-start=\"305\" data-end=\"677\">Ein komplettes Programm f\u00fcr alle, die sich eine glattere, strahlendere und ges\u00fcnder aussehende Haut w\u00fcnschen. Dieses dreistufige Ritual verleiht jedem Teint Klarheit, Feuchtigkeit, Komfort und Ausstrahlung - egal, ob Ihre Haut jung oder reif, normal oder empfindlich, minimalistisch oder gesundheitsorientiert ist. Reine Pflanzenstoffe und biotechnologische Wirkstoffe wirken zusammen, um der Haut ein strahlendes, ausgeglichenes und wundersch\u00f6n verfeinertes Aussehen zu verleihen.<\/p>\n<p data-start=\"1497\" data-end=\"1643\"><strong data-start=\"1497\" data-end=\"1532\">ULTRA Kl\u00e4rendes Serum (50 ml):<\/strong><br data-start=\"1532\" data-end=\"1535\" \/>4% Glykols\u00e4ure und beruhigende pflanzliche Wirkstoffe gl\u00e4tten, erhellen und kl\u00e4ren die Haut, ohne sie auszutrocknen oder zu reizen.<\/p>\n<p data-start=\"1645\" data-end=\"1818\"><strong data-start=\"1645\" data-end=\"1681\">ELIXIR Tagescreme (50 ml):<\/strong><br data-start=\"1681\" data-end=\"1684\" \/>Eine federleichte Feuchtigkeitspflege mit Peptiden, Hyalurons\u00e4ure und Omega-reichen \u00d6len, die Feuchtigkeit spendet, strafft und vor UV-Strahlung und Umweltverschmutzung sch\u00fctzt.<\/p>\n<p data-start=\"1820\" data-end=\"1987\"><strong data-start=\"1820\" data-end=\"1851\">ELIXIR Nachtserum (30 ml):<\/strong><br data-start=\"1851\" data-end=\"1854\" \/>Eine konzentrierte Mischung aus 11 n\u00e4hrstoffreichen pflanzlichen Wirkstoffen, die die Haut \u00fcber Nacht beruhigen, auff\u00fcllen und wiederherstellen - f\u00fcr einen strahlenden Teint am Morgen.<\/p>\n<p data-start=\"1989\" data-end=\"2042\">Minimale Schritte. Multifunktionale Pflege. Starke Leistung. Echte Ergebnisse.<\/p>\n<h2 data-start=\"997\" data-end=\"1017\"><\/h2>","protected":false},"featured_media":4209,"comment_status":"open","ping_status":"closed","template":"","meta":{"_acf_changed":false},"product_brand":[],"product_cat":[142,143,141],"product_tag":[],"class_list":{"0":"post-3221","1":"product","2":"type-product","3":"status-publish","4":"has-post-thumbnail","6":"product_cat-elixir","7":"product_cat-the-power-trio","8":"product_cat-ultra","9":"member-discount","10":"discount-restricted","12":"first","13":"instock","14":"shipping-taxable","15":"purchasable","16":"product-type-simple"},"acf":[],"aioseo_notices":[],"aioseo_head":"\n\t\t<!-- All in One SEO Pro 4.9.3 - aioseo.com -->\n\t<meta name=\"description\" content=\"Biotech meets nature. Exfoliation, hydration, barrier repair &amp; SPF protection in one minimalist ritual for sensitive skin.\" \/>\n\t<meta name=\"robots\" content=\"max-image-preview:large\" \/>\n\t<link rel=\"canonical\" href=\"https:\/\/sacracosmetics.com\/de\/product\/das-power-trio-bundel\/\" \/>\n\t<meta name=\"generator\" content=\"All in One SEO Pro (AIOSEO) 4.9.3\" \/>\n\t\t<meta property=\"og:locale\" content=\"de_DE\" \/>\n\t\t<meta property=\"og:site_name\" content=\"Sacra Cosmetics -\" \/>\n\t\t<meta property=\"og:type\" content=\"article\" \/>\n\t\t<meta property=\"og:title\" content=\"The Power Trio Bundle - Clean Skincare, Powered by Nature\" \/>\n\t\t<meta property=\"og:description\" content=\"Biotech meets nature. Exfoliation, hydration, barrier repair &amp; SPF protection in one minimalist ritual for sensitive skin.\" \/>\n\t\t<meta property=\"og:url\" content=\"https:\/\/sacracosmetics.com\/de\/product\/das-power-trio-bundel\/\" \/>\n\t\t<meta property=\"article:published_time\" content=\"2025-06-03T11:53:57+00:00\" \/>\n\t\t<meta property=\"article:modified_time\" content=\"2026-04-17T12:47:43+00:00\" \/>\n\t\t<meta property=\"article:publisher\" content=\"https:\/\/www.facebook.com\/people\/Sacra\/61559924301009\/\" \/>\n\t\t<meta name=\"twitter:card\" content=\"summary_large_image\" \/>\n\t\t<meta name=\"twitter:title\" content=\"The Power Trio Bundle - Clean Skincare, Powered by Nature\" \/>\n\t\t<meta name=\"twitter:description\" content=\"Biotech meets nature. Exfoliation, hydration, barrier repair &amp; SPF protection in one minimalist ritual for sensitive skin.\" \/>\n\t\t<script type=\"application\/ld+json\" class=\"aioseo-schema\">\n\t\t\t{\"@context\":\"https:\\\/\\\/schema.org\",\"@graph\":[{\"@type\":\"BreadcrumbList\",\"@id\":\"https:\\\/\\\/sacracosmetics.com\\\/de\\\/product\\\/das-power-trio-bundel\\\/#breadcrumblist\",\"itemListElement\":[{\"@type\":\"ListItem\",\"@id\":\"https:\\\/\\\/sacracosmetics.com\\\/de#listItem\",\"position\":1,\"name\":\"Home\",\"item\":\"https:\\\/\\\/sacracosmetics.com\\\/de\",\"nextItem\":{\"@type\":\"ListItem\",\"@id\":\"https:\\\/\\\/sacracosmetics.com\\\/de\\\/neu-in\\\/#listItem\",\"name\":\"New In\"}},{\"@type\":\"ListItem\",\"@id\":\"https:\\\/\\\/sacracosmetics.com\\\/de\\\/neu-in\\\/#listItem\",\"position\":2,\"name\":\"New In\",\"item\":\"https:\\\/\\\/sacracosmetics.com\\\/de\\\/neu-in\\\/\",\"nextItem\":{\"@type\":\"ListItem\",\"@id\":\"https:\\\/\\\/sacracosmetics.com\\\/de\\\/product-category\\\/alle\\\/#listItem\",\"name\":\"All\"},\"previousItem\":{\"@type\":\"ListItem\",\"@id\":\"https:\\\/\\\/sacracosmetics.com\\\/de#listItem\",\"name\":\"Home\"}},{\"@type\":\"ListItem\",\"@id\":\"https:\\\/\\\/sacracosmetics.com\\\/de\\\/product-category\\\/alle\\\/#listItem\",\"position\":3,\"name\":\"All\",\"item\":\"https:\\\/\\\/sacracosmetics.com\\\/de\\\/product-category\\\/alle\\\/\",\"nextItem\":{\"@type\":\"ListItem\",\"@id\":\"https:\\\/\\\/sacracosmetics.com\\\/de\\\/product-category\\\/alle\\\/ultra\\\/#listItem\",\"name\":\"ULTRA\"},\"previousItem\":{\"@type\":\"ListItem\",\"@id\":\"https:\\\/\\\/sacracosmetics.com\\\/de\\\/neu-in\\\/#listItem\",\"name\":\"New In\"}},{\"@type\":\"ListItem\",\"@id\":\"https:\\\/\\\/sacracosmetics.com\\\/de\\\/product-category\\\/alle\\\/ultra\\\/#listItem\",\"position\":4,\"name\":\"ULTRA\",\"item\":\"https:\\\/\\\/sacracosmetics.com\\\/de\\\/product-category\\\/alle\\\/ultra\\\/\",\"nextItem\":{\"@type\":\"ListItem\",\"@id\":\"https:\\\/\\\/sacracosmetics.com\\\/de\\\/product\\\/das-power-trio-bundel\\\/#listItem\",\"name\":\"The Power Trio Bundle\"},\"previousItem\":{\"@type\":\"ListItem\",\"@id\":\"https:\\\/\\\/sacracosmetics.com\\\/de\\\/product-category\\\/alle\\\/#listItem\",\"name\":\"All\"}},{\"@type\":\"ListItem\",\"@id\":\"https:\\\/\\\/sacracosmetics.com\\\/de\\\/product\\\/das-power-trio-bundel\\\/#listItem\",\"position\":5,\"name\":\"The Power Trio Bundle\",\"previousItem\":{\"@type\":\"ListItem\",\"@id\":\"https:\\\/\\\/sacracosmetics.com\\\/de\\\/product-category\\\/alle\\\/ultra\\\/#listItem\",\"name\":\"ULTRA\"}}]},{\"@type\":\"Organization\",\"@id\":\"https:\\\/\\\/sacracosmetics.com\\\/de\\\/#organization\",\"name\":\"Sacra Cosmetics\",\"url\":\"https:\\\/\\\/sacracosmetics.com\\\/de\\\/\",\"telephone\":\"+40770310183\",\"logo\":{\"@type\":\"ImageObject\",\"url\":\"https:\\\/\\\/sacracosmetics.com\\\/wp-content\\\/uploads\\\/2025\\\/06\\\/logo-500.png\",\"@id\":\"https:\\\/\\\/sacracosmetics.com\\\/de\\\/product\\\/das-power-trio-bundel\\\/#organizationLogo\",\"width\":500,\"height\":500,\"caption\":\"Sacra Cosmetics\"},\"image\":{\"@id\":\"https:\\\/\\\/sacracosmetics.com\\\/de\\\/product\\\/das-power-trio-bundel\\\/#organizationLogo\"},\"sameAs\":[\"https:\\\/\\\/www.facebook.com\\\/people\\\/Sacra\\\/61559924301009\\\/\",\"https:\\\/\\\/www.instagram.com\\\/sacra.cosmetics\\\/\"]},{\"@type\":\"Product\",\"@id\":\"https:\\\/\\\/sacracosmetics.com\\\/de\\\/product\\\/das-power-trio-bundel\\\/#wooCommerceProduct\",\"name\":\"The Power Trio Bundle\",\"description\":\"A complete routine for anyone who wants smoother, brighter, healthier-looking skin. This three-step ritual brings clarity, hydration, comfort, and glow to every complexion \\u2014 whether your skin is young or mature, normal or sensitive, minimalist or health-focused. Clean botanicals and biotech actives work together to reveal skin that looks luminous, balanced, and beautifully refined.\\r\\nULTRA Clarifying Serum (50 ml):4% Glycolic Acid and soothing botanicals smooth, brighten, and clear the skin without dryness or irritation.\\r\\nELIXIR Day Cream (50 ml):A feather-light moisturiser with peptides, Hyaluronic Acid, and omega-rich oils to hydrate, firm, and shield against UV and pollution.\\r\\nELIXIR Night Serum (30 ml):A concentrated blend of 11 nutrient-rich botanicals that calm, replenish, and restore the skin overnight for a luminous morning glow.\\r\\nMinimal steps. Multifunctional care. Potent performance. Real results.\",\"url\":\"https:\\\/\\\/sacracosmetics.com\\\/de\\\/product\\\/das-power-trio-bundel\\\/\",\"sku\":\"the-power-trio-bundle\",\"image\":{\"@type\":\"ImageObject\",\"url\":\"https:\\\/\\\/sacracosmetics.com\\\/wp-content\\\/uploads\\\/2025\\\/06\\\/ChatGPT-Image-Dec-19-2025-at-12_18_13-PM.png\",\"@id\":\"https:\\\/\\\/sacracosmetics.com\\\/de\\\/product\\\/das-power-trio-bundel\\\/#productImage\",\"width\":1536,\"height\":1024},\"offers\":{\"@type\":\"Offer\",\"url\":\"https:\\\/\\\/sacracosmetics.com\\\/de\\\/product\\\/das-power-trio-bundel\\\/#wooCommerceOffer\",\"price\":160,\"priceCurrency\":\"EUR\",\"category\":\"ELIXIR\",\"availability\":\"https:\\\/\\\/schema.org\\\/InStock\",\"priceSpecification\":{\"@type\":\"PriceSpecification\",\"price\":160,\"priceCurrency\":\"EUR\",\"valueAddedTaxIncluded\":\"true\"},\"seller\":{\"@type\":\"Organization\",\"@id\":\"https:\\\/\\\/sacracosmetics.com\\\/de\\\/#organization\"}},\"aggregateRating\":{\"@type\":\"AggregateRating\",\"@id\":\"https:\\\/\\\/sacracosmetics.com\\\/de\\\/product\\\/das-power-trio-bundel\\\/#aggregrateRating\",\"worstRating\":1,\"bestRating\":5,\"ratingValue\":5,\"reviewCount\":1},\"review\":[{\"@type\":\"Review\",\"reviewRating\":{\"@type\":\"Rating\",\"ratingValue\":5,\"worstRating\":1,\"bestRating\":5},\"author\":{\"@type\":\"Person\",\"name\":\"Sacra Life\"},\"datePublished\":\"2025-10-08T10:07:04+03:00\",\"reviewBody\":\"Este un must have:) Ma bucur ca il am\"}]},{\"@type\":\"WebPage\",\"@id\":\"https:\\\/\\\/sacracosmetics.com\\\/de\\\/product\\\/das-power-trio-bundel\\\/#webpage\",\"url\":\"https:\\\/\\\/sacracosmetics.com\\\/de\\\/product\\\/das-power-trio-bundel\\\/\",\"name\":\"The Power Trio Bundle - Clean Skincare, Powered by Nature\",\"description\":\"Biotech meets nature. Exfoliation, hydration, barrier repair & SPF protection in one minimalist ritual for sensitive skin.\",\"inLanguage\":\"de-DE\",\"isPartOf\":{\"@id\":\"https:\\\/\\\/sacracosmetics.com\\\/de\\\/#website\"},\"breadcrumb\":{\"@id\":\"https:\\\/\\\/sacracosmetics.com\\\/de\\\/product\\\/das-power-trio-bundel\\\/#breadcrumblist\"},\"image\":{\"@type\":\"ImageObject\",\"url\":\"https:\\\/\\\/sacracosmetics.com\\\/wp-content\\\/uploads\\\/2025\\\/06\\\/ChatGPT-Image-Dec-19-2025-at-12_18_13-PM.png\",\"@id\":\"https:\\\/\\\/sacracosmetics.com\\\/de\\\/product\\\/das-power-trio-bundel\\\/#mainImage\",\"width\":1536,\"height\":1024},\"primaryImageOfPage\":{\"@id\":\"https:\\\/\\\/sacracosmetics.com\\\/de\\\/product\\\/das-power-trio-bundel\\\/#mainImage\"},\"datePublished\":\"2025-06-03T14:53:57+03:00\",\"dateModified\":\"2026-04-17T15:47:43+03:00\"},{\"@type\":\"WebSite\",\"@id\":\"https:\\\/\\\/sacracosmetics.com\\\/de\\\/#website\",\"url\":\"https:\\\/\\\/sacracosmetics.com\\\/de\\\/\",\"name\":\"Sacra Cosmetics\",\"inLanguage\":\"de-DE\",\"publisher\":{\"@id\":\"https:\\\/\\\/sacracosmetics.com\\\/de\\\/#organization\"}}]}\n\t\t<\/script>\n\t\t<!-- All in One SEO Pro -->\r\n\t\t<title>The Power Trio Bundle - Clean Skincare, Powered by Nature<\/title>\n\n","aioseo_head_json":{"title":"Das Power Trio Bundle - Saubere Hautpflege, powered by Nature","description":"Biotech trifft Natur. Peeling, Feuchtigkeitszufuhr, Barrierereparatur und LSF-Schutz in einem minimalistischen Ritual f\u00fcr empfindliche Haut.","canonical_url":"https:\/\/sacracosmetics.com\/de\/product\/das-power-trio-bundel\/","robots":"max-image-preview:large","keywords":"","webmasterTools":{"miscellaneous":""},"schema":{"@context":"https:\/\/schema.org","@graph":[{"@type":"BreadcrumbList","@id":"https:\/\/sacracosmetics.com\/de\/product\/das-power-trio-bundel\/#breadcrumblist","itemListElement":[{"@type":"ListItem","@id":"https:\/\/sacracosmetics.com\/de#listItem","position":1,"name":"Home","item":"https:\/\/sacracosmetics.com\/de","nextItem":{"@type":"ListItem","@id":"https:\/\/sacracosmetics.com\/de\/neu-in\/#listItem","name":"New In"}},{"@type":"ListItem","@id":"https:\/\/sacracosmetics.com\/de\/neu-in\/#listItem","position":2,"name":"New In","item":"https:\/\/sacracosmetics.com\/de\/neu-in\/","nextItem":{"@type":"ListItem","@id":"https:\/\/sacracosmetics.com\/de\/product-category\/alle\/#listItem","name":"All"},"previousItem":{"@type":"ListItem","@id":"https:\/\/sacracosmetics.com\/de#listItem","name":"Home"}},{"@type":"ListItem","@id":"https:\/\/sacracosmetics.com\/de\/product-category\/alle\/#listItem","position":3,"name":"All","item":"https:\/\/sacracosmetics.com\/de\/product-category\/alle\/","nextItem":{"@type":"ListItem","@id":"https:\/\/sacracosmetics.com\/de\/product-category\/alle\/ultra\/#listItem","name":"ULTRA"},"previousItem":{"@type":"ListItem","@id":"https:\/\/sacracosmetics.com\/de\/neu-in\/#listItem","name":"New In"}},{"@type":"ListItem","@id":"https:\/\/sacracosmetics.com\/de\/product-category\/alle\/ultra\/#listItem","position":4,"name":"ULTRA","item":"https:\/\/sacracosmetics.com\/de\/product-category\/alle\/ultra\/","nextItem":{"@type":"ListItem","@id":"https:\/\/sacracosmetics.com\/de\/product\/das-power-trio-bundel\/#listItem","name":"The Power Trio Bundle"},"previousItem":{"@type":"ListItem","@id":"https:\/\/sacracosmetics.com\/de\/product-category\/alle\/#listItem","name":"All"}},{"@type":"ListItem","@id":"https:\/\/sacracosmetics.com\/de\/product\/das-power-trio-bundel\/#listItem","position":5,"name":"The Power Trio Bundle","previousItem":{"@type":"ListItem","@id":"https:\/\/sacracosmetics.com\/de\/product-category\/alle\/ultra\/#listItem","name":"ULTRA"}}]},{"@type":"Organization","@id":"https:\/\/sacracosmetics.com\/de\/#organization","name":"Sacra Cosmetics","url":"https:\/\/sacracosmetics.com\/de\/","telephone":"+40770310183","logo":{"@type":"ImageObject","url":"https:\/\/sacracosmetics.com\/wp-content\/uploads\/2025\/06\/logo-500.png","@id":"https:\/\/sacracosmetics.com\/de\/product\/das-power-trio-bundel\/#organizationLogo","width":500,"height":500,"caption":"Sacra Cosmetics"},"image":{"@id":"https:\/\/sacracosmetics.com\/de\/product\/das-power-trio-bundel\/#organizationLogo"},"sameAs":["https:\/\/www.facebook.com\/people\/Sacra\/61559924301009\/","https:\/\/www.instagram.com\/sacra.cosmetics\/"]},{"@type":"Product","@id":"https:\/\/sacracosmetics.com\/de\/product\/das-power-trio-bundel\/#wooCommerceProduct","name":"The Power Trio Bundle","description":"A complete routine for anyone who wants smoother, brighter, healthier-looking skin. This three-step ritual brings clarity, hydration, comfort, and glow to every complexion \u2014 whether your skin is young or mature, normal or sensitive, minimalist or health-focused. Clean botanicals and biotech actives work together to reveal skin that looks luminous, balanced, and beautifully refined.\r\nULTRA Clarifying Serum (50 ml):4% Glycolic Acid and soothing botanicals smooth, brighten, and clear the skin without dryness or irritation.\r\nELIXIR Day Cream (50 ml):A feather-light moisturiser with peptides, Hyaluronic Acid, and omega-rich oils to hydrate, firm, and shield against UV and pollution.\r\nELIXIR Night Serum (30 ml):A concentrated blend of 11 nutrient-rich botanicals that calm, replenish, and restore the skin overnight for a luminous morning glow.\r\nMinimal steps. Multifunctional care. Potent performance. Real results.","url":"https:\/\/sacracosmetics.com\/de\/product\/das-power-trio-bundel\/","sku":"the-power-trio-bundle","image":{"@type":"ImageObject","url":"https:\/\/sacracosmetics.com\/wp-content\/uploads\/2025\/06\/ChatGPT-Image-Dec-19-2025-at-12_18_13-PM.png","@id":"https:\/\/sacracosmetics.com\/de\/product\/das-power-trio-bundel\/#productImage","width":1536,"height":1024},"offers":{"@type":"Offer","url":"https:\/\/sacracosmetics.com\/de\/product\/das-power-trio-bundel\/#wooCommerceOffer","price":160,"priceCurrency":"EUR","category":"ELIXIR","availability":"https:\/\/schema.org\/InStock","priceSpecification":{"@type":"PriceSpecification","price":160,"priceCurrency":"EUR","valueAddedTaxIncluded":"true"},"seller":{"@type":"Organization","@id":"https:\/\/sacracosmetics.com\/de\/#organization"}},"aggregateRating":{"@type":"AggregateRating","@id":"https:\/\/sacracosmetics.com\/de\/product\/das-power-trio-bundel\/#aggregrateRating","worstRating":1,"bestRating":5,"ratingValue":5,"reviewCount":1},"review":[{"@type":"Review","reviewRating":{"@type":"Rating","ratingValue":5,"worstRating":1,"bestRating":5},"author":{"@type":"Person","name":"Sacra Life"},"datePublished":"2025-10-08T10:07:04+03:00","reviewBody":"Este un must have:) Ma bucur ca il am"}]},{"@type":"WebPage","@id":"https:\/\/sacracosmetics.com\/de\/product\/das-power-trio-bundel\/#webpage","url":"https:\/\/sacracosmetics.com\/de\/product\/das-power-trio-bundel\/","name":"The Power Trio Bundle - Clean Skincare, Powered by Nature","description":"Biotech meets nature. Exfoliation, hydration, barrier repair & SPF protection in one minimalist ritual for sensitive skin.","inLanguage":"de-DE","isPartOf":{"@id":"https:\/\/sacracosmetics.com\/de\/#website"},"breadcrumb":{"@id":"https:\/\/sacracosmetics.com\/de\/product\/das-power-trio-bundel\/#breadcrumblist"},"image":{"@type":"ImageObject","url":"https:\/\/sacracosmetics.com\/wp-content\/uploads\/2025\/06\/ChatGPT-Image-Dec-19-2025-at-12_18_13-PM.png","@id":"https:\/\/sacracosmetics.com\/de\/product\/das-power-trio-bundel\/#mainImage","width":1536,"height":1024},"primaryImageOfPage":{"@id":"https:\/\/sacracosmetics.com\/de\/product\/das-power-trio-bundel\/#mainImage"},"datePublished":"2025-06-03T14:53:57+03:00","dateModified":"2026-04-17T15:47:43+03:00"},{"@type":"WebSite","@id":"https:\/\/sacracosmetics.com\/de\/#website","url":"https:\/\/sacracosmetics.com\/de\/","name":"Sacra Cosmetics","inLanguage":"de-DE","publisher":{"@id":"https:\/\/sacracosmetics.com\/de\/#organization"}}]},"og:locale":"de_DE","og:site_name":"Sacra Cosmetics -","og:type":"article","og:title":"The Power Trio Bundle - Clean Skincare, Powered by Nature","og:description":"Biotech meets nature. Exfoliation, hydration, barrier repair &amp; SPF protection in one minimalist ritual for sensitive skin.","og:url":"https:\/\/sacracosmetics.com\/de\/product\/das-power-trio-bundel\/","article:published_time":"2025-06-03T11:53:57+00:00","article:modified_time":"2026-04-17T12:47:43+00:00","article:publisher":"https:\/\/www.facebook.com\/people\/Sacra\/61559924301009\/","twitter:card":"summary_large_image","twitter:title":"The Power Trio Bundle - Clean Skincare, Powered by Nature","twitter:description":"Biotech meets nature. Exfoliation, hydration, barrier repair &amp; SPF protection in one minimalist ritual for sensitive skin."},"aioseo_meta_data":{"post_id":"3221","title":"#post_title #separator_sa Clean Skincare, Powered by Nature","description":"Biotech meets nature. Exfoliation, hydration, barrier repair &amp; SPF protection in one minimalist ritual for sensitive skin.","keywords":null,"keyphrases":{"focus":{"keyphrase":"","score":0,"analysis":{"keyphraseInTitle":{"score":0,"maxScore":9,"error":1}}},"additional":[]},"primary_term":null,"canonical_url":null,"og_title":null,"og_description":null,"og_object_type":"default","og_image_type":"default","og_image_url":null,"og_image_width":null,"og_image_height":null,"og_image_custom_url":null,"og_image_custom_fields":null,"og_video":"","og_custom_url":null,"og_article_section":null,"og_article_tags":null,"twitter_use_og":false,"twitter_card":"default","twitter_image_type":"default","twitter_image_url":null,"twitter_image_custom_url":null,"twitter_image_custom_fields":null,"twitter_title":null,"twitter_description":null,"schema":{"blockGraphs":[],"customGraphs":[],"default":{"data":{"Article":[],"Course":[],"Dataset":[],"FAQPage":[],"Movie":[],"Person":[],"Product":[],"ProductReview":[],"Car":[],"Recipe":[],"Service":[],"SoftwareApplication":[],"WebPage":[]},"graphName":"Product","isEnabled":true},"graphs":[]},"schema_type":"default","schema_type_options":null,"pillar_content":false,"robots_default":true,"robots_noindex":false,"robots_noarchive":false,"robots_nosnippet":false,"robots_nofollow":false,"robots_noimageindex":false,"robots_noodp":false,"robots_notranslate":false,"robots_max_snippet":"-1","robots_max_videopreview":"-1","robots_max_imagepreview":"large","priority":null,"frequency":"default","local_seo":null,"seo_analyzer_scan_date":"2026-02-20 06:46:33","breadcrumb_settings":null,"limit_modified_date":false,"reviewed_by":null,"open_ai":null,"ai":{"faqs":[],"keyPoints":[],"titles":[],"descriptions":[],"socialPosts":{"email":[],"linkedin":[],"twitter":[],"facebook":[],"instagram":[]}},"created":"2025-06-27 11:12:15","updated":"2026-04-17 13:04:33"},"aioseo_breadcrumb":"<div class=\"aioseo-breadcrumbs\"><span class=\"aioseo-breadcrumb\">\n\t<a href=\"https:\/\/sacracosmetics.com\/de\" title=\"Home\">Home<\/a>\n<\/span><span class=\"aioseo-breadcrumb-separator\">&raquo;<\/span><span class=\"aioseo-breadcrumb\">\n\t<a href=\"https:\/\/sacracosmetics.com\/de\/neu-in\/\" title=\"New In\">New In<\/a>\n<\/span><span class=\"aioseo-breadcrumb-separator\">&raquo;<\/span><span class=\"aioseo-breadcrumb\">\n\t<a href=\"https:\/\/sacracosmetics.com\/de\/product-category\/alle\/\" title=\"All\">All<\/a>\n<\/span><span class=\"aioseo-breadcrumb-separator\">&raquo;<\/span><span class=\"aioseo-breadcrumb\">\n\t<a href=\"https:\/\/sacracosmetics.com\/de\/product-category\/alle\/ultra\/\" title=\"ULTRA\">ULTRA<\/a>\n<\/span><span class=\"aioseo-breadcrumb-separator\">&raquo;<\/span><span class=\"aioseo-breadcrumb\">\n\tThe Power Trio Bundle\n<\/span><\/div>","aioseo_breadcrumb_json":[{"label":"Home","link":"https:\/\/sacracosmetics.com\/de"},{"label":"New In","link":"https:\/\/sacracosmetics.com\/de\/neu-in\/"},{"label":"All","link":"https:\/\/sacracosmetics.com\/de\/product-category\/alle\/"},{"label":"ULTRA","link":"https:\/\/sacracosmetics.com\/de\/product-category\/alle\/ultra\/"},{"label":"The Power Trio Bundle","link":"https:\/\/sacracosmetics.com\/de\/product\/das-power-trio-bundel\/"}],"_links":{"self":[{"href":"https:\/\/sacracosmetics.com\/de\/wp-json\/wp\/v2\/product\/3221","targetHints":{"allow":["GET"]}}],"collection":[{"href":"https:\/\/sacracosmetics.com\/de\/wp-json\/wp\/v2\/product"}],"about":[{"href":"https:\/\/sacracosmetics.com\/de\/wp-json\/wp\/v2\/types\/product"}],"replies":[{"embeddable":true,"href":"https:\/\/sacracosmetics.com\/de\/wp-json\/wp\/v2\/comments?post=3221"}],"wp:featuredmedia":[{"embeddable":true,"href":"https:\/\/sacracosmetics.com\/de\/wp-json\/wp\/v2\/media\/4209"}],"wp:attachment":[{"href":"https:\/\/sacracosmetics.com\/de\/wp-json\/wp\/v2\/media?parent=3221"}],"wp:term":[{"taxonomy":"product_brand","embeddable":true,"href":"https:\/\/sacracosmetics.com\/de\/wp-json\/wp\/v2\/product_brand?post=3221"},{"taxonomy":"product_cat","embeddable":true,"href":"https:\/\/sacracosmetics.com\/de\/wp-json\/wp\/v2\/product_cat?post=3221"},{"taxonomy":"product_tag","embeddable":true,"href":"https:\/\/sacracosmetics.com\/de\/wp-json\/wp\/v2\/product_tag?post=3221"}],"curies":[{"name":"wp","href":"https:\/\/api.w.org\/{rel}","templated":true}]}}