{"id":3874,"date":"2025-07-18T12:37:34","date_gmt":"2025-07-18T09:37:34","guid":{"rendered":"https:\/\/sacracosmetics.com\/?page_id=3874"},"modified":"2025-07-18T12:43:26","modified_gmt":"2025-07-18T09:43:26","slug":"politica-de-devoluciones","status":"publish","type":"page","link":"https:\/\/sacracosmetics.com\/es\/politica-de-devoluciones\/","title":{"rendered":"Pol\u00edtica de devoluciones"},"content":{"rendered":"<p>Queremos que est\u00e9 completamente satisfecho con su compra. Si por alguna raz\u00f3n no lo est\u00e1, puede devolver su pedido en el plazo de <strong>30 d\u00edas<\/strong> de recibir el paquete.<\/p>\n\n\n\n<p>Para iniciar una devoluci\u00f3n, env\u00ede un correo electr\u00f3nico a <strong><a>info@sacracosmetics.co.uk<\/a><\/strong> con su n\u00famero de pedido y el motivo de la devoluci\u00f3n.<br>Nuestro equipo le proporcionar\u00e1 todas las instrucciones necesarias.<\/p>\n\n\n\n<p>Tenga en cuenta lo siguiente:<\/p>\n\n\n\n<ul class=\"wp-block-list\">\n<li>Los productos devueltos deben <strong>sin usar, sin abrir y en su estado y embalaje originales<\/strong>.<\/li>\n\n\n\n<li>Los gastos de env\u00edo de la devoluci\u00f3n corren a cargo del cliente, a menos que el producto sea defectuoso o incorrecto.<\/li>\n\n\n\n<li>Los reembolsos se tramitar\u00e1n una vez recibidos e inspeccionados los art\u00edculos devueltos.<\/li>\n<\/ul>","protected":false},"excerpt":{"rendered":"<p>We want you to be completely satisfied with your purchase. If for any reason you are not, you may return your order within 30 days of receiving the package. To initiate a return, please send an email to info@sacracosmetics.co.uk with your order number and reason for return.Our team will provide you with all the necessary [&hellip;]<\/p>","protected":false},"author":1,"featured_media":0,"parent":0,"menu_order":0,"comment_status":"closed","ping_status":"closed","template":"","meta":{"_acf_changed":false,"footnotes":""},"class_list":["post-3874","page","type-page","status-publish","hentry"],"acf":[],"aioseo_notices":[],"aioseo_head":"\n\t\t<!-- All in One SEO Pro 4.9.3 - aioseo.com -->\n\t<meta name=\"description\" content=\"We want you to be completely satisfied with your purchase. If for any reason you are not, you may return your order within 30 days of receiving the package. To initiate a return, please send an email to info@sacracosmetics.co.uk with your order number and reason for return.Our team will provide you with all the necessary\" \/>\n\t<meta name=\"robots\" content=\"max-image-preview:large\" \/>\n\t<link rel=\"canonical\" href=\"https:\/\/sacracosmetics.com\/es\/politica-de-devoluciones\/\" \/>\n\t<meta name=\"generator\" content=\"All in One SEO Pro (AIOSEO) 4.9.3\" \/>\n\t\t<meta property=\"og:locale\" content=\"es_ES\" \/>\n\t\t<meta property=\"og:site_name\" content=\"Sacra Cosmetics -\" \/>\n\t\t<meta property=\"og:type\" content=\"article\" \/>\n\t\t<meta property=\"og:title\" content=\"Return policy - Sacra Cosmetics\" \/>\n\t\t<meta property=\"og:description\" content=\"We want you to be completely satisfied with your purchase. If for any reason you are not, you may return your order within 30 days of receiving the package. To initiate a return, please send an email to info@sacracosmetics.co.uk with your order number and reason for return.Our team will provide you with all the necessary\" \/>\n\t\t<meta property=\"og:url\" content=\"https:\/\/sacracosmetics.com\/es\/politica-de-devoluciones\/\" \/>\n\t\t<meta property=\"article:published_time\" content=\"2025-07-18T09:37:34+00:00\" \/>\n\t\t<meta property=\"article:modified_time\" content=\"2025-07-18T09:43:26+00:00\" \/>\n\t\t<meta property=\"article:publisher\" content=\"https:\/\/www.facebook.com\/people\/Sacra\/61559924301009\/\" \/>\n\t\t<meta name=\"twitter:card\" content=\"summary_large_image\" \/>\n\t\t<meta name=\"twitter:title\" content=\"Return policy - Sacra Cosmetics\" \/>\n\t\t<meta name=\"twitter:description\" content=\"We want you to be completely satisfied with your purchase. If for any reason you are not, you may return your order within 30 days of receiving the package. To initiate a return, please send an email to info@sacracosmetics.co.uk with your order number and reason for return.Our team will provide you with all the necessary\" \/>\n\t\t<script type=\"application\/ld+json\" class=\"aioseo-schema\">\n\t\t\t{\"@context\":\"https:\\\/\\\/schema.org\",\"@graph\":[{\"@type\":\"BreadcrumbList\",\"@id\":\"https:\\\/\\\/sacracosmetics.com\\\/es\\\/politica-de-devoluciones\\\/#breadcrumblist\",\"itemListElement\":[{\"@type\":\"ListItem\",\"@id\":\"https:\\\/\\\/sacracosmetics.com\\\/es#listItem\",\"position\":1,\"name\":\"Home\",\"item\":\"https:\\\/\\\/sacracosmetics.com\\\/es\",\"nextItem\":{\"@type\":\"ListItem\",\"@id\":\"https:\\\/\\\/sacracosmetics.com\\\/es\\\/politica-de-devoluciones\\\/#listItem\",\"name\":\"Return policy\"}},{\"@type\":\"ListItem\",\"@id\":\"https:\\\/\\\/sacracosmetics.com\\\/es\\\/politica-de-devoluciones\\\/#listItem\",\"position\":2,\"name\":\"Return policy\",\"previousItem\":{\"@type\":\"ListItem\",\"@id\":\"https:\\\/\\\/sacracosmetics.com\\\/es#listItem\",\"name\":\"Home\"}}]},{\"@type\":\"Organization\",\"@id\":\"https:\\\/\\\/sacracosmetics.com\\\/es\\\/#organization\",\"name\":\"Sacra Cosmetics\",\"url\":\"https:\\\/\\\/sacracosmetics.com\\\/es\\\/\",\"telephone\":\"+40770310183\",\"logo\":{\"@type\":\"ImageObject\",\"url\":\"https:\\\/\\\/sacracosmetics.com\\\/wp-content\\\/uploads\\\/2025\\\/06\\\/logo-500.png\",\"@id\":\"https:\\\/\\\/sacracosmetics.com\\\/es\\\/politica-de-devoluciones\\\/#organizationLogo\",\"width\":500,\"height\":500,\"caption\":\"Sacra Cosmetics\"},\"image\":{\"@id\":\"https:\\\/\\\/sacracosmetics.com\\\/es\\\/politica-de-devoluciones\\\/#organizationLogo\"},\"sameAs\":[\"https:\\\/\\\/www.facebook.com\\\/people\\\/Sacra\\\/61559924301009\\\/\",\"https:\\\/\\\/www.instagram.com\\\/sacra.cosmetics\\\/\"]},{\"@type\":\"WebPage\",\"@id\":\"https:\\\/\\\/sacracosmetics.com\\\/es\\\/politica-de-devoluciones\\\/#webpage\",\"url\":\"https:\\\/\\\/sacracosmetics.com\\\/es\\\/politica-de-devoluciones\\\/\",\"name\":\"Return policy - Sacra Cosmetics\",\"description\":\"We want you to be completely satisfied with your purchase. If for any reason you are not, you may return your order within 30 days of receiving the package. To initiate a return, please send an email to info@sacracosmetics.co.uk with your order number and reason for return.Our team will provide you with all the necessary\",\"inLanguage\":\"es-ES\",\"isPartOf\":{\"@id\":\"https:\\\/\\\/sacracosmetics.com\\\/es\\\/#website\"},\"breadcrumb\":{\"@id\":\"https:\\\/\\\/sacracosmetics.com\\\/es\\\/politica-de-devoluciones\\\/#breadcrumblist\"},\"datePublished\":\"2025-07-18T12:37:34+03:00\",\"dateModified\":\"2025-07-18T12:43:26+03:00\"},{\"@type\":\"WebSite\",\"@id\":\"https:\\\/\\\/sacracosmetics.com\\\/es\\\/#website\",\"url\":\"https:\\\/\\\/sacracosmetics.com\\\/es\\\/\",\"name\":\"Sacra Cosmetics\",\"inLanguage\":\"es-ES\",\"publisher\":{\"@id\":\"https:\\\/\\\/sacracosmetics.com\\\/es\\\/#organization\"}}]}\n\t\t<\/script>\n\t\t<!-- All in One SEO Pro -->\r\n\t\t<title>Return policy - Sacra Cosmetics<\/title>\n\n","aioseo_head_json":{"title":"Pol\u00edtica de devoluciones - Sacra Cosmetics","description":"Queremos que est\u00e9 completamente satisfecho con su compra. Si por alguna raz\u00f3n no lo est\u00e1, puede devolver su pedido en un plazo de 30 d\u00edas a partir de la recepci\u00f3n del paquete. Para iniciar una devoluci\u00f3n, env\u00ede un correo electr\u00f3nico a info@sacracosmetics.co.uk con su n\u00famero de pedido y el motivo de la devoluci\u00f3n.","canonical_url":"https:\/\/sacracosmetics.com\/es\/politica-de-devoluciones\/","robots":"max-image-preview:large","keywords":"","webmasterTools":{"miscellaneous":""},"schema":{"@context":"https:\/\/schema.org","@graph":[{"@type":"BreadcrumbList","@id":"https:\/\/sacracosmetics.com\/es\/politica-de-devoluciones\/#breadcrumblist","itemListElement":[{"@type":"ListItem","@id":"https:\/\/sacracosmetics.com\/es#listItem","position":1,"name":"Home","item":"https:\/\/sacracosmetics.com\/es","nextItem":{"@type":"ListItem","@id":"https:\/\/sacracosmetics.com\/es\/politica-de-devoluciones\/#listItem","name":"Return policy"}},{"@type":"ListItem","@id":"https:\/\/sacracosmetics.com\/es\/politica-de-devoluciones\/#listItem","position":2,"name":"Return policy","previousItem":{"@type":"ListItem","@id":"https:\/\/sacracosmetics.com\/es#listItem","name":"Home"}}]},{"@type":"Organization","@id":"https:\/\/sacracosmetics.com\/es\/#organization","name":"Sacra Cosmetics","url":"https:\/\/sacracosmetics.com\/es\/","telephone":"+40770310183","logo":{"@type":"ImageObject","url":"https:\/\/sacracosmetics.com\/wp-content\/uploads\/2025\/06\/logo-500.png","@id":"https:\/\/sacracosmetics.com\/es\/politica-de-devoluciones\/#organizationLogo","width":500,"height":500,"caption":"Sacra Cosmetics"},"image":{"@id":"https:\/\/sacracosmetics.com\/es\/politica-de-devoluciones\/#organizationLogo"},"sameAs":["https:\/\/www.facebook.com\/people\/Sacra\/61559924301009\/","https:\/\/www.instagram.com\/sacra.cosmetics\/"]},{"@type":"WebPage","@id":"https:\/\/sacracosmetics.com\/es\/politica-de-devoluciones\/#webpage","url":"https:\/\/sacracosmetics.com\/es\/politica-de-devoluciones\/","name":"Return policy - Sacra Cosmetics","description":"We want you to be completely satisfied with your purchase. If for any reason you are not, you may return your order within 30 days of receiving the package. To initiate a return, please send an email to info@sacracosmetics.co.uk with your order number and reason for return.Our team will provide you with all the necessary","inLanguage":"es-ES","isPartOf":{"@id":"https:\/\/sacracosmetics.com\/es\/#website"},"breadcrumb":{"@id":"https:\/\/sacracosmetics.com\/es\/politica-de-devoluciones\/#breadcrumblist"},"datePublished":"2025-07-18T12:37:34+03:00","dateModified":"2025-07-18T12:43:26+03:00"},{"@type":"WebSite","@id":"https:\/\/sacracosmetics.com\/es\/#website","url":"https:\/\/sacracosmetics.com\/es\/","name":"Sacra Cosmetics","inLanguage":"es-ES","publisher":{"@id":"https:\/\/sacracosmetics.com\/es\/#organization"}}]},"og:locale":"es_ES","og:site_name":"Sacra Cosmetics -","og:type":"article","og:title":"Return policy - Sacra Cosmetics","og:description":"We want you to be completely satisfied with your purchase. If for any reason you are not, you may return your order within 30 days of receiving the package. To initiate a return, please send an email to info@sacracosmetics.co.uk with your order number and reason for return.Our team will provide you with all the necessary","og:url":"https:\/\/sacracosmetics.com\/es\/politica-de-devoluciones\/","article:published_time":"2025-07-18T09:37:34+00:00","article:modified_time":"2025-07-18T09:43:26+00:00","article:publisher":"https:\/\/www.facebook.com\/people\/Sacra\/61559924301009\/","twitter:card":"summary_large_image","twitter:title":"Return policy - Sacra Cosmetics","twitter:description":"We want you to be completely satisfied with your purchase. If for any reason you are not, you may return your order within 30 days of receiving the package. To initiate a return, please send an email to info@sacracosmetics.co.uk with your order number and reason for return.Our team will provide you with all the necessary"},"aioseo_meta_data":{"post_id":"3874","title":null,"description":null,"keywords":null,"keyphrases":{"focus":{"keyphrase":"","score":0,"analysis":{"keyphraseInTitle":{"score":0,"maxScore":9,"error":1}}},"additional":[]},"primary_term":null,"canonical_url":null,"og_title":null,"og_description":null,"og_object_type":"default","og_image_type":"default","og_image_url":null,"og_image_width":null,"og_image_height":null,"og_image_custom_url":null,"og_image_custom_fields":null,"og_video":"","og_custom_url":null,"og_article_section":null,"og_article_tags":null,"twitter_use_og":false,"twitter_card":"default","twitter_image_type":"default","twitter_image_url":null,"twitter_image_custom_url":null,"twitter_image_custom_fields":null,"twitter_title":null,"twitter_description":null,"schema":{"blockGraphs":[],"customGraphs":[],"default":{"data":{"Article":[],"Course":[],"Dataset":[],"FAQPage":[],"Movie":[],"Person":[],"Product":[],"ProductReview":[],"Car":[],"Recipe":[],"Service":[],"SoftwareApplication":[],"WebPage":[]},"graphName":"WebPage","isEnabled":true},"graphs":[]},"schema_type":"default","schema_type_options":null,"pillar_content":false,"robots_default":true,"robots_noindex":false,"robots_noarchive":false,"robots_nosnippet":false,"robots_nofollow":false,"robots_noimageindex":false,"robots_noodp":false,"robots_notranslate":false,"robots_max_snippet":"-1","robots_max_videopreview":"-1","robots_max_imagepreview":"large","priority":null,"frequency":"default","local_seo":null,"seo_analyzer_scan_date":"2026-01-13 12:50:52","breadcrumb_settings":null,"limit_modified_date":false,"reviewed_by":null,"open_ai":null,"ai":{"faqs":[],"keyPoints":[],"titles":[],"descriptions":[],"socialPosts":{"email":[],"linkedin":[],"twitter":[],"facebook":[],"instagram":[]}},"created":"2025-07-18 09:37:06","updated":"2026-01-13 12:50:52"},"aioseo_breadcrumb":"<div class=\"aioseo-breadcrumbs\"><span class=\"aioseo-breadcrumb\">\n\t<a href=\"https:\/\/sacracosmetics.com\/es\" title=\"Home\">Home<\/a>\n<\/span><span class=\"aioseo-breadcrumb-separator\">&raquo;<\/span><span class=\"aioseo-breadcrumb\">\n\tReturn policy\n<\/span><\/div>","aioseo_breadcrumb_json":[{"label":"Home","link":"https:\/\/sacracosmetics.com\/es"},{"label":"Return policy","link":"https:\/\/sacracosmetics.com\/es\/politica-de-devoluciones\/"}],"_links":{"self":[{"href":"https:\/\/sacracosmetics.com\/es\/wp-json\/wp\/v2\/pages\/3874","targetHints":{"allow":["GET"]}}],"collection":[{"href":"https:\/\/sacracosmetics.com\/es\/wp-json\/wp\/v2\/pages"}],"about":[{"href":"https:\/\/sacracosmetics.com\/es\/wp-json\/wp\/v2\/types\/page"}],"author":[{"embeddable":true,"href":"https:\/\/sacracosmetics.com\/es\/wp-json\/wp\/v2\/users\/1"}],"replies":[{"embeddable":true,"href":"https:\/\/sacracosmetics.com\/es\/wp-json\/wp\/v2\/comments?post=3874"}],"version-history":[{"count":0,"href":"https:\/\/sacracosmetics.com\/es\/wp-json\/wp\/v2\/pages\/3874\/revisions"}],"wp:attachment":[{"href":"https:\/\/sacracosmetics.com\/es\/wp-json\/wp\/v2\/media?parent=3874"}],"curies":[{"name":"wp","href":"https:\/\/api.w.org\/{rel}","templated":true}]}}