{"id":3877,"date":"2025-07-18T12:46:39","date_gmt":"2025-07-18T09:46:39","guid":{"rendered":"https:\/\/sacracosmetics.com\/?page_id=3877"},"modified":"2025-07-18T12:46:40","modified_gmt":"2025-07-18T09:46:40","slug":"politica-de-envios","status":"publish","type":"page","link":"https:\/\/sacracosmetics.com\/es\/politica-de-envios\/","title":{"rendered":"Pol\u00edtica de env\u00edos"},"content":{"rendered":"<p>Todos los pedidos se tramitan y env\u00edan en un plazo de <strong>3-5 d\u00edas laborables<\/strong> una vez confirmada la compra.<\/p>\n\n\n\n<p>Ofrecemos <strong>env\u00edo gratuito<\/strong> en todos los pedidos a trav\u00e9s de <strong>FedEx<\/strong>.<\/p>\n\n\n\n<p>Una vez enviado el pedido, recibir\u00e1 un correo electr\u00f3nico de confirmaci\u00f3n con los datos de seguimiento para que pueda controlar la entrega.<\/p>\n\n\n\n<p>Tenga en cuenta lo siguiente:<\/p>\n\n\n\n<ul class=\"wp-block-list\">\n<li>Los plazos de env\u00edo pueden variar ligeramente en funci\u00f3n de su ubicaci\u00f3n y de los procedimientos aduaneros locales.<\/li>\n\n\n\n<li>Actualmente ofrecemos env\u00edos dentro de la UE y a determinados destinos internacionales.<\/li>\n<\/ul>\n\n\n\n<p>Para cualquier pregunta relacionada con su entrega, no dude en ponerse en contacto con nosotros en <strong><a>info@sacracosmetics.co.uk<\/a><\/strong>.<\/p>","protected":false},"excerpt":{"rendered":"<p>All orders are processed and shipped within 3\u20135 business days after your purchase is confirmed. We offer free shipping on all orders via FedEx. Once your order is shipped, you will receive a confirmation email with tracking details so you can monitor your delivery. Please note: For any questions regarding your delivery, feel free to [&hellip;]<\/p>","protected":false},"author":1,"featured_media":0,"parent":0,"menu_order":0,"comment_status":"closed","ping_status":"closed","template":"","meta":{"_acf_changed":false,"footnotes":""},"class_list":["post-3877","page","type-page","status-publish","hentry"],"acf":[],"aioseo_notices":[],"aioseo_head":"\n\t\t<!-- All in One SEO Pro 4.9.3 - aioseo.com -->\n\t<meta name=\"description\" content=\"All orders are processed and shipped within 3\u20135 business days after your purchase is confirmed. We offer free shipping on all orders via FedEx. Once your order is shipped, you will receive a confirmation email with tracking details so you can monitor your delivery. Please note: Shipping times may vary slightly depending on your location\" \/>\n\t<meta name=\"robots\" content=\"max-image-preview:large\" \/>\n\t<link rel=\"canonical\" href=\"https:\/\/sacracosmetics.com\/es\/politica-de-envios\/\" \/>\n\t<meta name=\"generator\" content=\"All in One SEO Pro (AIOSEO) 4.9.3\" \/>\n\t\t<meta property=\"og:locale\" content=\"es_ES\" \/>\n\t\t<meta property=\"og:site_name\" content=\"Sacra Cosmetics -\" \/>\n\t\t<meta property=\"og:type\" content=\"article\" \/>\n\t\t<meta property=\"og:title\" content=\"Shipping Policy - Sacra Cosmetics\" \/>\n\t\t<meta property=\"og:description\" content=\"All orders are processed and shipped within 3\u20135 business days after your purchase is confirmed. We offer free shipping on all orders via FedEx. Once your order is shipped, you will receive a confirmation email with tracking details so you can monitor your delivery. Please note: Shipping times may vary slightly depending on your location\" \/>\n\t\t<meta property=\"og:url\" content=\"https:\/\/sacracosmetics.com\/es\/politica-de-envios\/\" \/>\n\t\t<meta property=\"article:published_time\" content=\"2025-07-18T09:46:39+00:00\" \/>\n\t\t<meta property=\"article:modified_time\" content=\"2025-07-18T09:46:40+00:00\" \/>\n\t\t<meta property=\"article:publisher\" content=\"https:\/\/www.facebook.com\/people\/Sacra\/61559924301009\/\" \/>\n\t\t<meta name=\"twitter:card\" content=\"summary_large_image\" \/>\n\t\t<meta name=\"twitter:title\" content=\"Shipping Policy - Sacra Cosmetics\" \/>\n\t\t<meta name=\"twitter:description\" content=\"All orders are processed and shipped within 3\u20135 business days after your purchase is confirmed. We offer free shipping on all orders via FedEx. Once your order is shipped, you will receive a confirmation email with tracking details so you can monitor your delivery. Please note: Shipping times may vary slightly depending on your location\" \/>\n\t\t<script type=\"application\/ld+json\" class=\"aioseo-schema\">\n\t\t\t{\"@context\":\"https:\\\/\\\/schema.org\",\"@graph\":[{\"@type\":\"BreadcrumbList\",\"@id\":\"https:\\\/\\\/sacracosmetics.com\\\/es\\\/politica-de-envios\\\/#breadcrumblist\",\"itemListElement\":[{\"@type\":\"ListItem\",\"@id\":\"https:\\\/\\\/sacracosmetics.com\\\/es#listItem\",\"position\":1,\"name\":\"Home\",\"item\":\"https:\\\/\\\/sacracosmetics.com\\\/es\",\"nextItem\":{\"@type\":\"ListItem\",\"@id\":\"https:\\\/\\\/sacracosmetics.com\\\/es\\\/politica-de-envios\\\/#listItem\",\"name\":\"Shipping Policy\"}},{\"@type\":\"ListItem\",\"@id\":\"https:\\\/\\\/sacracosmetics.com\\\/es\\\/politica-de-envios\\\/#listItem\",\"position\":2,\"name\":\"Shipping Policy\",\"previousItem\":{\"@type\":\"ListItem\",\"@id\":\"https:\\\/\\\/sacracosmetics.com\\\/es#listItem\",\"name\":\"Home\"}}]},{\"@type\":\"Organization\",\"@id\":\"https:\\\/\\\/sacracosmetics.com\\\/es\\\/#organization\",\"name\":\"Sacra Cosmetics\",\"url\":\"https:\\\/\\\/sacracosmetics.com\\\/es\\\/\",\"telephone\":\"+40770310183\",\"logo\":{\"@type\":\"ImageObject\",\"url\":\"https:\\\/\\\/sacracosmetics.com\\\/wp-content\\\/uploads\\\/2025\\\/06\\\/logo-500.png\",\"@id\":\"https:\\\/\\\/sacracosmetics.com\\\/es\\\/politica-de-envios\\\/#organizationLogo\",\"width\":500,\"height\":500,\"caption\":\"Sacra Cosmetics\"},\"image\":{\"@id\":\"https:\\\/\\\/sacracosmetics.com\\\/es\\\/politica-de-envios\\\/#organizationLogo\"},\"sameAs\":[\"https:\\\/\\\/www.facebook.com\\\/people\\\/Sacra\\\/61559924301009\\\/\",\"https:\\\/\\\/www.instagram.com\\\/sacra.cosmetics\\\/\"]},{\"@type\":\"WebPage\",\"@id\":\"https:\\\/\\\/sacracosmetics.com\\\/es\\\/politica-de-envios\\\/#webpage\",\"url\":\"https:\\\/\\\/sacracosmetics.com\\\/es\\\/politica-de-envios\\\/\",\"name\":\"Shipping Policy - Sacra Cosmetics\",\"description\":\"All orders are processed and shipped within 3\\u20135 business days after your purchase is confirmed. We offer free shipping on all orders via FedEx. Once your order is shipped, you will receive a confirmation email with tracking details so you can monitor your delivery. Please note: Shipping times may vary slightly depending on your location\",\"inLanguage\":\"es-ES\",\"isPartOf\":{\"@id\":\"https:\\\/\\\/sacracosmetics.com\\\/es\\\/#website\"},\"breadcrumb\":{\"@id\":\"https:\\\/\\\/sacracosmetics.com\\\/es\\\/politica-de-envios\\\/#breadcrumblist\"},\"datePublished\":\"2025-07-18T12:46:39+03:00\",\"dateModified\":\"2025-07-18T12:46:40+03:00\"},{\"@type\":\"WebSite\",\"@id\":\"https:\\\/\\\/sacracosmetics.com\\\/es\\\/#website\",\"url\":\"https:\\\/\\\/sacracosmetics.com\\\/es\\\/\",\"name\":\"Sacra Cosmetics\",\"inLanguage\":\"es-ES\",\"publisher\":{\"@id\":\"https:\\\/\\\/sacracosmetics.com\\\/es\\\/#organization\"}}]}\n\t\t<\/script>\n\t\t<!-- All in One SEO Pro -->\r\n\t\t<title>Shipping Policy - Sacra Cosmetics<\/title>\n\n","aioseo_head_json":{"title":"Pol\u00edtica de env\u00edos - Sacra Cosmetics","description":"Todos los pedidos se procesan y env\u00edan en un plazo de 3 a 5 d\u00edas laborables tras la confirmaci\u00f3n de la compra. Ofrecemos env\u00edo gratuito en todos los pedidos a trav\u00e9s de FedEx. Una vez enviado su pedido, recibir\u00e1 un correo electr\u00f3nico de confirmaci\u00f3n con los datos de seguimiento para que pueda controlar su entrega. Nota: Los plazos de env\u00edo pueden variar ligeramente en funci\u00f3n de su ubicaci\u00f3n.","canonical_url":"https:\/\/sacracosmetics.com\/es\/politica-de-envios\/","robots":"max-image-preview:large","keywords":"","webmasterTools":{"miscellaneous":""},"schema":{"@context":"https:\/\/schema.org","@graph":[{"@type":"BreadcrumbList","@id":"https:\/\/sacracosmetics.com\/es\/politica-de-envios\/#breadcrumblist","itemListElement":[{"@type":"ListItem","@id":"https:\/\/sacracosmetics.com\/es#listItem","position":1,"name":"Home","item":"https:\/\/sacracosmetics.com\/es","nextItem":{"@type":"ListItem","@id":"https:\/\/sacracosmetics.com\/es\/politica-de-envios\/#listItem","name":"Shipping Policy"}},{"@type":"ListItem","@id":"https:\/\/sacracosmetics.com\/es\/politica-de-envios\/#listItem","position":2,"name":"Shipping Policy","previousItem":{"@type":"ListItem","@id":"https:\/\/sacracosmetics.com\/es#listItem","name":"Home"}}]},{"@type":"Organization","@id":"https:\/\/sacracosmetics.com\/es\/#organization","name":"Sacra Cosmetics","url":"https:\/\/sacracosmetics.com\/es\/","telephone":"+40770310183","logo":{"@type":"ImageObject","url":"https:\/\/sacracosmetics.com\/wp-content\/uploads\/2025\/06\/logo-500.png","@id":"https:\/\/sacracosmetics.com\/es\/politica-de-envios\/#organizationLogo","width":500,"height":500,"caption":"Sacra Cosmetics"},"image":{"@id":"https:\/\/sacracosmetics.com\/es\/politica-de-envios\/#organizationLogo"},"sameAs":["https:\/\/www.facebook.com\/people\/Sacra\/61559924301009\/","https:\/\/www.instagram.com\/sacra.cosmetics\/"]},{"@type":"WebPage","@id":"https:\/\/sacracosmetics.com\/es\/politica-de-envios\/#webpage","url":"https:\/\/sacracosmetics.com\/es\/politica-de-envios\/","name":"Shipping Policy - Sacra Cosmetics","description":"All orders are processed and shipped within 3\u20135 business days after your purchase is confirmed. We offer free shipping on all orders via FedEx. Once your order is shipped, you will receive a confirmation email with tracking details so you can monitor your delivery. Please note: Shipping times may vary slightly depending on your location","inLanguage":"es-ES","isPartOf":{"@id":"https:\/\/sacracosmetics.com\/es\/#website"},"breadcrumb":{"@id":"https:\/\/sacracosmetics.com\/es\/politica-de-envios\/#breadcrumblist"},"datePublished":"2025-07-18T12:46:39+03:00","dateModified":"2025-07-18T12:46:40+03:00"},{"@type":"WebSite","@id":"https:\/\/sacracosmetics.com\/es\/#website","url":"https:\/\/sacracosmetics.com\/es\/","name":"Sacra Cosmetics","inLanguage":"es-ES","publisher":{"@id":"https:\/\/sacracosmetics.com\/es\/#organization"}}]},"og:locale":"es_ES","og:site_name":"Sacra Cosmetics -","og:type":"article","og:title":"Shipping Policy - Sacra Cosmetics","og:description":"All orders are processed and shipped within 3\u20135 business days after your purchase is confirmed. We offer free shipping on all orders via FedEx. Once your order is shipped, you will receive a confirmation email with tracking details so you can monitor your delivery. Please note: Shipping times may vary slightly depending on your location","og:url":"https:\/\/sacracosmetics.com\/es\/politica-de-envios\/","article:published_time":"2025-07-18T09:46:39+00:00","article:modified_time":"2025-07-18T09:46:40+00:00","article:publisher":"https:\/\/www.facebook.com\/people\/Sacra\/61559924301009\/","twitter:card":"summary_large_image","twitter:title":"Shipping Policy - Sacra Cosmetics","twitter:description":"All orders are processed and shipped within 3\u20135 business days after your purchase is confirmed. We offer free shipping on all orders via FedEx. Once your order is shipped, you will receive a confirmation email with tracking details so you can monitor your delivery. Please note: Shipping times may vary slightly depending on your location"},"aioseo_meta_data":{"post_id":"3877","title":null,"description":null,"keywords":null,"keyphrases":{"focus":{"keyphrase":"","score":0,"analysis":{"keyphraseInTitle":{"score":0,"maxScore":9,"error":1}}},"additional":[]},"primary_term":null,"canonical_url":null,"og_title":null,"og_description":null,"og_object_type":"default","og_image_type":"default","og_image_url":null,"og_image_width":null,"og_image_height":null,"og_image_custom_url":null,"og_image_custom_fields":null,"og_video":"","og_custom_url":null,"og_article_section":null,"og_article_tags":null,"twitter_use_og":false,"twitter_card":"default","twitter_image_type":"default","twitter_image_url":null,"twitter_image_custom_url":null,"twitter_image_custom_fields":null,"twitter_title":null,"twitter_description":null,"schema":{"blockGraphs":[],"customGraphs":[],"default":{"data":{"Article":[],"Course":[],"Dataset":[],"FAQPage":[],"Movie":[],"Person":[],"Product":[],"ProductReview":[],"Car":[],"Recipe":[],"Service":[],"SoftwareApplication":[],"WebPage":[]},"graphName":"WebPage","isEnabled":true},"graphs":[]},"schema_type":"default","schema_type_options":null,"pillar_content":false,"robots_default":true,"robots_noindex":false,"robots_noarchive":false,"robots_nosnippet":false,"robots_nofollow":false,"robots_noimageindex":false,"robots_noodp":false,"robots_notranslate":false,"robots_max_snippet":"-1","robots_max_videopreview":"-1","robots_max_imagepreview":"large","priority":null,"frequency":"default","local_seo":null,"seo_analyzer_scan_date":"2026-01-13 12:50:45","breadcrumb_settings":null,"limit_modified_date":false,"reviewed_by":null,"open_ai":null,"ai":{"faqs":[],"keyPoints":[],"titles":[],"descriptions":[],"socialPosts":{"email":[],"linkedin":[],"twitter":[],"facebook":[],"instagram":[]}},"created":"2025-07-18 09:46:39","updated":"2026-01-13 12:50:45"},"aioseo_breadcrumb":"<div class=\"aioseo-breadcrumbs\"><span class=\"aioseo-breadcrumb\">\n\t<a href=\"https:\/\/sacracosmetics.com\/es\" title=\"Home\">Home<\/a>\n<\/span><span class=\"aioseo-breadcrumb-separator\">&raquo;<\/span><span class=\"aioseo-breadcrumb\">\n\tShipping Policy\n<\/span><\/div>","aioseo_breadcrumb_json":[{"label":"Home","link":"https:\/\/sacracosmetics.com\/es"},{"label":"Shipping Policy","link":"https:\/\/sacracosmetics.com\/es\/politica-de-envios\/"}],"_links":{"self":[{"href":"https:\/\/sacracosmetics.com\/es\/wp-json\/wp\/v2\/pages\/3877","targetHints":{"allow":["GET"]}}],"collection":[{"href":"https:\/\/sacracosmetics.com\/es\/wp-json\/wp\/v2\/pages"}],"about":[{"href":"https:\/\/sacracosmetics.com\/es\/wp-json\/wp\/v2\/types\/page"}],"author":[{"embeddable":true,"href":"https:\/\/sacracosmetics.com\/es\/wp-json\/wp\/v2\/users\/1"}],"replies":[{"embeddable":true,"href":"https:\/\/sacracosmetics.com\/es\/wp-json\/wp\/v2\/comments?post=3877"}],"version-history":[{"count":0,"href":"https:\/\/sacracosmetics.com\/es\/wp-json\/wp\/v2\/pages\/3877\/revisions"}],"wp:attachment":[{"href":"https:\/\/sacracosmetics.com\/es\/wp-json\/wp\/v2\/media?parent=3877"}],"curies":[{"name":"wp","href":"https:\/\/api.w.org\/{rel}","templated":true}]}}