{"id":3213,"date":"2025-06-03T14:17:29","date_gmt":"2025-06-03T11:17:29","guid":{"rendered":"https:\/\/sacracosmetics.com\/?post_type=product&#038;p=3213"},"modified":"2026-04-20T19:38:05","modified_gmt":"2026-04-20T16:38:05","slug":"creme-de-jour-elixir-intense-bio-regeneratrice","status":"publish","type":"product","link":"https:\/\/sacracosmetics.com\/fr\/product\/creme-de-jour-elixir-intense-bio-regeneratrice\/","title":{"rendered":"Elixir Intense Bio Regenerative Day Cream"},"content":{"rendered":"","protected":false},"excerpt":{"rendered":"<p data-start=\"3352\" data-end=\"3421\"><strong data-start=\"3352\" data-end=\"3421\">HYDRATATION QUOTIDIENNE CONTRE LES UV - SOIN ENRICHI EN PEPTIDES - SOUTIEN ANTIOXYDANT<\/strong><\/p>\n<p data-start=\"3423\" data-end=\"3589\">Une cr\u00e8me de jour multifonctionnelle formul\u00e9e pour combiner l'hydratation et la protection quotidienne contre les UV en une seule \u00e9tape. Test\u00e9e dermatologiquement et class\u00e9e non irritante.<\/p>\n<p data-start=\"3591\" data-end=\"3825\">L'acide hyaluronique aide \u00e0 maintenir les niveaux d'hydratation, tandis qu'un complexe peptidique cibl\u00e9 soutient l'apparence de fermet\u00e9 et de douceur. Les huiles v\u00e9g\u00e9tales riches en antioxydants et le CoQ10 contribuent \u00e0 la r\u00e9sistance de la barri\u00e8re cutan\u00e9e et \u00e0 la d\u00e9fense de l'environnement.<\/p>\n<p data-start=\"3827\" data-end=\"3928\">Avec une utilisation r\u00e9guli\u00e8re, la peau est confortable et para\u00eet plus fine et \u00e9quilibr\u00e9e tout au long de la journ\u00e9e.<\/p>\n<p data-start=\"676\" data-end=\"748\">","protected":false},"featured_media":4191,"comment_status":"open","ping_status":"closed","template":"","meta":{"_acf_changed":false},"product_brand":[],"product_cat":[142,143],"product_tag":[],"class_list":{"0":"post-3213","1":"product","2":"type-product","3":"status-publish","4":"has-post-thumbnail","6":"product_cat-elixir","7":"product_cat-the-power-trio","8":"member-discount","9":"discount-restricted","11":"first","12":"instock","13":"shipping-taxable","14":"purchasable","15":"product-type-simple"},"acf":[],"aioseo_notices":[],"aioseo_head":"\n\t\t<!-- All in One SEO Pro 4.9.3 - aioseo.com -->\n\t<meta name=\"description\" content=\"A lightweight 2-in-1 moisturiser and SPF 30 shield with peptides, hyaluronic acid, and botanical oils to hydrate, firm, and protect sensitive skin.\" \/>\n\t<meta name=\"robots\" content=\"max-image-preview:large\" \/>\n\t<link rel=\"canonical\" href=\"https:\/\/sacracosmetics.com\/fr\/product\/creme-de-jour-elixir-intense-bio-regeneratrice\/\" \/>\n\t<meta name=\"generator\" content=\"All in One SEO Pro (AIOSEO) 4.9.3\" \/>\n\t\t<meta property=\"og:locale\" content=\"fr_FR\" \/>\n\t\t<meta property=\"og:site_name\" content=\"Sacra Cosmetics -\" \/>\n\t\t<meta property=\"og:type\" content=\"article\" \/>\n\t\t<meta property=\"og:title\" content=\"Elixir Intense Bio Regenerative Day Cream - Sacra Cosmetics\" \/>\n\t\t<meta property=\"og:description\" content=\"A lightweight 2-in-1 moisturiser and SPF 30 shield with peptides, hyaluronic acid, and botanical oils to hydrate, firm, and protect sensitive skin.\" \/>\n\t\t<meta property=\"og:url\" content=\"https:\/\/sacracosmetics.com\/fr\/product\/creme-de-jour-elixir-intense-bio-regeneratrice\/\" \/>\n\t\t<meta property=\"article:published_time\" content=\"2025-06-03T11:17:29+00:00\" \/>\n\t\t<meta property=\"article:modified_time\" content=\"2026-04-20T16:38:05+00:00\" \/>\n\t\t<meta property=\"article:publisher\" content=\"https:\/\/www.facebook.com\/people\/Sacra\/61559924301009\/\" \/>\n\t\t<meta name=\"twitter:card\" content=\"summary_large_image\" \/>\n\t\t<meta name=\"twitter:title\" content=\"Elixir Intense Bio Regenerative Day Cream - Sacra Cosmetics\" \/>\n\t\t<meta name=\"twitter:description\" content=\"A lightweight 2-in-1 moisturiser and SPF 30 shield with peptides, hyaluronic acid, and botanical oils to hydrate, firm, and protect sensitive skin.\" \/>\n\t\t<script type=\"application\/ld+json\" class=\"aioseo-schema\">\n\t\t\t{\"@context\":\"https:\\\/\\\/schema.org\",\"@graph\":[{\"@type\":\"BreadcrumbList\",\"@id\":\"https:\\\/\\\/sacracosmetics.com\\\/fr\\\/product\\\/creme-de-jour-elixir-intense-bio-regeneratrice\\\/#breadcrumblist\",\"itemListElement\":[{\"@type\":\"ListItem\",\"@id\":\"https:\\\/\\\/sacracosmetics.com\\\/fr#listItem\",\"position\":1,\"name\":\"Home\",\"item\":\"https:\\\/\\\/sacracosmetics.com\\\/fr\",\"nextItem\":{\"@type\":\"ListItem\",\"@id\":\"https:\\\/\\\/sacracosmetics.com\\\/fr\\\/nouveau-en\\\/#listItem\",\"name\":\"New In\"}},{\"@type\":\"ListItem\",\"@id\":\"https:\\\/\\\/sacracosmetics.com\\\/fr\\\/nouveau-en\\\/#listItem\",\"position\":2,\"name\":\"New In\",\"item\":\"https:\\\/\\\/sacracosmetics.com\\\/fr\\\/nouveau-en\\\/\",\"nextItem\":{\"@type\":\"ListItem\",\"@id\":\"https:\\\/\\\/sacracosmetics.com\\\/fr\\\/product-category\\\/tous\\\/#listItem\",\"name\":\"All\"},\"previousItem\":{\"@type\":\"ListItem\",\"@id\":\"https:\\\/\\\/sacracosmetics.com\\\/fr#listItem\",\"name\":\"Home\"}},{\"@type\":\"ListItem\",\"@id\":\"https:\\\/\\\/sacracosmetics.com\\\/fr\\\/product-category\\\/tous\\\/#listItem\",\"position\":3,\"name\":\"All\",\"item\":\"https:\\\/\\\/sacracosmetics.com\\\/fr\\\/product-category\\\/tous\\\/\",\"nextItem\":{\"@type\":\"ListItem\",\"@id\":\"https:\\\/\\\/sacracosmetics.com\\\/fr\\\/product-category\\\/tous\\\/elixir\\\/#listItem\",\"name\":\"ELIXIR\"},\"previousItem\":{\"@type\":\"ListItem\",\"@id\":\"https:\\\/\\\/sacracosmetics.com\\\/fr\\\/nouveau-en\\\/#listItem\",\"name\":\"New In\"}},{\"@type\":\"ListItem\",\"@id\":\"https:\\\/\\\/sacracosmetics.com\\\/fr\\\/product-category\\\/tous\\\/elixir\\\/#listItem\",\"position\":4,\"name\":\"ELIXIR\",\"item\":\"https:\\\/\\\/sacracosmetics.com\\\/fr\\\/product-category\\\/tous\\\/elixir\\\/\",\"nextItem\":{\"@type\":\"ListItem\",\"@id\":\"https:\\\/\\\/sacracosmetics.com\\\/fr\\\/product\\\/creme-de-jour-elixir-intense-bio-regeneratrice\\\/#listItem\",\"name\":\"Elixir Intense Bio Regenerative Day Cream\"},\"previousItem\":{\"@type\":\"ListItem\",\"@id\":\"https:\\\/\\\/sacracosmetics.com\\\/fr\\\/product-category\\\/tous\\\/#listItem\",\"name\":\"All\"}},{\"@type\":\"ListItem\",\"@id\":\"https:\\\/\\\/sacracosmetics.com\\\/fr\\\/product\\\/creme-de-jour-elixir-intense-bio-regeneratrice\\\/#listItem\",\"position\":5,\"name\":\"Elixir Intense Bio Regenerative Day Cream\",\"previousItem\":{\"@type\":\"ListItem\",\"@id\":\"https:\\\/\\\/sacracosmetics.com\\\/fr\\\/product-category\\\/tous\\\/elixir\\\/#listItem\",\"name\":\"ELIXIR\"}}]},{\"@type\":\"Organization\",\"@id\":\"https:\\\/\\\/sacracosmetics.com\\\/fr\\\/#organization\",\"name\":\"Sacra Cosmetics\",\"url\":\"https:\\\/\\\/sacracosmetics.com\\\/fr\\\/\",\"telephone\":\"+40770310183\",\"logo\":{\"@type\":\"ImageObject\",\"url\":\"https:\\\/\\\/sacracosmetics.com\\\/wp-content\\\/uploads\\\/2025\\\/06\\\/logo-500.png\",\"@id\":\"https:\\\/\\\/sacracosmetics.com\\\/fr\\\/product\\\/creme-de-jour-elixir-intense-bio-regeneratrice\\\/#organizationLogo\",\"width\":500,\"height\":500,\"caption\":\"Sacra Cosmetics\"},\"image\":{\"@id\":\"https:\\\/\\\/sacracosmetics.com\\\/fr\\\/product\\\/creme-de-jour-elixir-intense-bio-regeneratrice\\\/#organizationLogo\"},\"sameAs\":[\"https:\\\/\\\/www.facebook.com\\\/people\\\/Sacra\\\/61559924301009\\\/\",\"https:\\\/\\\/www.instagram.com\\\/sacra.cosmetics\\\/\"]},{\"@type\":\"Product\",\"@id\":\"https:\\\/\\\/sacracosmetics.com\\\/fr\\\/product\\\/creme-de-jour-elixir-intense-bio-regeneratrice\\\/#wooCommerceProduct\",\"name\":\"Elixir Intense Bio Regenerative Day Cream\",\"description\":\"DAILY UV MOISTURISER \\u00b7 PEPTIDE-INFUSED CARE \\u00b7 ANTIOXIDANT SUPPORT\\r\\nA multi-functional day cream formulated to combine hydration and daily UV protection in one considered step. Dermatologically tested and classified as non-irritating.\\r\\nHyaluronic acid helps maintain moisture levels, while a targeted peptide complex supports the appearance of firmness and smoothness. Antioxidant-rich botanical oils and CoQ10 contribute to barrier resilience and environmental defense.\\r\\nWith consistent use, skin feels comfortable and appears more refined and balanced throughout the day.\",\"url\":\"https:\\\/\\\/sacracosmetics.com\\\/fr\\\/product\\\/creme-de-jour-elixir-intense-bio-regeneratrice\\\/\",\"sku\":\"elixir-intense-bio-regenerative-day-cream\",\"image\":{\"@type\":\"ImageObject\",\"url\":\"https:\\\/\\\/sacracosmetics.com\\\/wp-content\\\/uploads\\\/2025\\\/06\\\/ELIXIR-DAY-CREAM.png\",\"@id\":\"https:\\\/\\\/sacracosmetics.com\\\/fr\\\/product\\\/creme-de-jour-elixir-intense-bio-regeneratrice\\\/#productImage\",\"width\":1024,\"height\":1536},\"offers\":{\"@type\":\"Offer\",\"url\":\"https:\\\/\\\/sacracosmetics.com\\\/fr\\\/product\\\/creme-de-jour-elixir-intense-bio-regeneratrice\\\/#wooCommerceOffer\",\"price\":67,\"priceCurrency\":\"EUR\",\"category\":\"ELIXIR\",\"availability\":\"https:\\\/\\\/schema.org\\\/InStock\",\"priceSpecification\":{\"@type\":\"PriceSpecification\",\"price\":67,\"priceCurrency\":\"EUR\",\"valueAddedTaxIncluded\":\"true\"},\"seller\":{\"@type\":\"Organization\",\"@id\":\"https:\\\/\\\/sacracosmetics.com\\\/fr\\\/#organization\"}},\"aggregateRating\":{\"@type\":\"AggregateRating\",\"@id\":\"https:\\\/\\\/sacracosmetics.com\\\/fr\\\/product\\\/creme-de-jour-elixir-intense-bio-regeneratrice\\\/#aggregrateRating\",\"worstRating\":1,\"bestRating\":5,\"ratingValue\":5,\"reviewCount\":1},\"review\":[{\"@type\":\"Review\",\"reviewRating\":{\"@type\":\"Rating\",\"ratingValue\":5,\"worstRating\":1,\"bestRating\":5},\"author\":{\"@type\":\"Person\",\"name\":\"Karina\"},\"datePublished\":\"2026-01-08T19:50:37+02:00\",\"reviewBody\":\"I am 16 years old and when I tried this cream, I realized that it was created specifically for teenagers. It does not burn, does not make you greasy, does not leave marks on the pillow. The skin has become smoother, and acne is not as terrible as before. I recommend it, I am very satisfied \\ud83e\\udd29\"}]},{\"@type\":\"WebPage\",\"@id\":\"https:\\\/\\\/sacracosmetics.com\\\/fr\\\/product\\\/creme-de-jour-elixir-intense-bio-regeneratrice\\\/#webpage\",\"url\":\"https:\\\/\\\/sacracosmetics.com\\\/fr\\\/product\\\/creme-de-jour-elixir-intense-bio-regeneratrice\\\/\",\"name\":\"Elixir Intense Bio Regenerative Day Cream - Sacra Cosmetics\",\"description\":\"A lightweight 2-in-1 moisturiser and SPF 30 shield with peptides, hyaluronic acid, and botanical oils to hydrate, firm, and protect sensitive skin.\",\"inLanguage\":\"fr-FR\",\"isPartOf\":{\"@id\":\"https:\\\/\\\/sacracosmetics.com\\\/fr\\\/#website\"},\"breadcrumb\":{\"@id\":\"https:\\\/\\\/sacracosmetics.com\\\/fr\\\/product\\\/creme-de-jour-elixir-intense-bio-regeneratrice\\\/#breadcrumblist\"},\"image\":{\"@type\":\"ImageObject\",\"url\":\"https:\\\/\\\/sacracosmetics.com\\\/wp-content\\\/uploads\\\/2025\\\/06\\\/ELIXIR-DAY-CREAM.png\",\"@id\":\"https:\\\/\\\/sacracosmetics.com\\\/fr\\\/product\\\/creme-de-jour-elixir-intense-bio-regeneratrice\\\/#mainImage\",\"width\":1024,\"height\":1536},\"primaryImageOfPage\":{\"@id\":\"https:\\\/\\\/sacracosmetics.com\\\/fr\\\/product\\\/creme-de-jour-elixir-intense-bio-regeneratrice\\\/#mainImage\"},\"datePublished\":\"2025-06-03T14:17:29+03:00\",\"dateModified\":\"2026-04-20T19:38:05+03:00\"},{\"@type\":\"WebSite\",\"@id\":\"https:\\\/\\\/sacracosmetics.com\\\/fr\\\/#website\",\"url\":\"https:\\\/\\\/sacracosmetics.com\\\/fr\\\/\",\"name\":\"Sacra Cosmetics\",\"inLanguage\":\"fr-FR\",\"publisher\":{\"@id\":\"https:\\\/\\\/sacracosmetics.com\\\/fr\\\/#organization\"}}]}\n\t\t<\/script>\n\t\t<!-- All in One SEO Pro -->\r\n\t\t<title>Elixir Intense Bio Regenerative Day Cream - Sacra Cosmetics<\/title>\n\n","aioseo_head_json":{"title":"Elixir Intense Bio Regenerative Day Cream - Sacra Cosmetics","description":"Une cr\u00e8me hydratante l\u00e9g\u00e8re 2-en-1 et un \u00e9cran SPF 30 contenant des peptides, de l'acide hyaluronique et des huiles v\u00e9g\u00e9tales pour hydrater, raffermir et prot\u00e9ger les peaux sensibles.","canonical_url":"https:\/\/sacracosmetics.com\/fr\/product\/creme-de-jour-elixir-intense-bio-regeneratrice\/","robots":"max-image-preview:large","keywords":"","webmasterTools":{"miscellaneous":""},"schema":{"@context":"https:\/\/schema.org","@graph":[{"@type":"BreadcrumbList","@id":"https:\/\/sacracosmetics.com\/fr\/product\/creme-de-jour-elixir-intense-bio-regeneratrice\/#breadcrumblist","itemListElement":[{"@type":"ListItem","@id":"https:\/\/sacracosmetics.com\/fr#listItem","position":1,"name":"Home","item":"https:\/\/sacracosmetics.com\/fr","nextItem":{"@type":"ListItem","@id":"https:\/\/sacracosmetics.com\/fr\/nouveau-en\/#listItem","name":"New In"}},{"@type":"ListItem","@id":"https:\/\/sacracosmetics.com\/fr\/nouveau-en\/#listItem","position":2,"name":"New In","item":"https:\/\/sacracosmetics.com\/fr\/nouveau-en\/","nextItem":{"@type":"ListItem","@id":"https:\/\/sacracosmetics.com\/fr\/product-category\/tous\/#listItem","name":"All"},"previousItem":{"@type":"ListItem","@id":"https:\/\/sacracosmetics.com\/fr#listItem","name":"Home"}},{"@type":"ListItem","@id":"https:\/\/sacracosmetics.com\/fr\/product-category\/tous\/#listItem","position":3,"name":"All","item":"https:\/\/sacracosmetics.com\/fr\/product-category\/tous\/","nextItem":{"@type":"ListItem","@id":"https:\/\/sacracosmetics.com\/fr\/product-category\/tous\/elixir\/#listItem","name":"ELIXIR"},"previousItem":{"@type":"ListItem","@id":"https:\/\/sacracosmetics.com\/fr\/nouveau-en\/#listItem","name":"New In"}},{"@type":"ListItem","@id":"https:\/\/sacracosmetics.com\/fr\/product-category\/tous\/elixir\/#listItem","position":4,"name":"ELIXIR","item":"https:\/\/sacracosmetics.com\/fr\/product-category\/tous\/elixir\/","nextItem":{"@type":"ListItem","@id":"https:\/\/sacracosmetics.com\/fr\/product\/creme-de-jour-elixir-intense-bio-regeneratrice\/#listItem","name":"Elixir Intense Bio Regenerative Day Cream"},"previousItem":{"@type":"ListItem","@id":"https:\/\/sacracosmetics.com\/fr\/product-category\/tous\/#listItem","name":"All"}},{"@type":"ListItem","@id":"https:\/\/sacracosmetics.com\/fr\/product\/creme-de-jour-elixir-intense-bio-regeneratrice\/#listItem","position":5,"name":"Elixir Intense Bio Regenerative Day Cream","previousItem":{"@type":"ListItem","@id":"https:\/\/sacracosmetics.com\/fr\/product-category\/tous\/elixir\/#listItem","name":"ELIXIR"}}]},{"@type":"Organization","@id":"https:\/\/sacracosmetics.com\/fr\/#organization","name":"Sacra Cosmetics","url":"https:\/\/sacracosmetics.com\/fr\/","telephone":"+40770310183","logo":{"@type":"ImageObject","url":"https:\/\/sacracosmetics.com\/wp-content\/uploads\/2025\/06\/logo-500.png","@id":"https:\/\/sacracosmetics.com\/fr\/product\/creme-de-jour-elixir-intense-bio-regeneratrice\/#organizationLogo","width":500,"height":500,"caption":"Sacra Cosmetics"},"image":{"@id":"https:\/\/sacracosmetics.com\/fr\/product\/creme-de-jour-elixir-intense-bio-regeneratrice\/#organizationLogo"},"sameAs":["https:\/\/www.facebook.com\/people\/Sacra\/61559924301009\/","https:\/\/www.instagram.com\/sacra.cosmetics\/"]},{"@type":"Product","@id":"https:\/\/sacracosmetics.com\/fr\/product\/creme-de-jour-elixir-intense-bio-regeneratrice\/#wooCommerceProduct","name":"Elixir Intense Bio Regenerative Day Cream","description":"DAILY UV MOISTURISER \u00b7 PEPTIDE-INFUSED CARE \u00b7 ANTIOXIDANT SUPPORT\r\nA multi-functional day cream formulated to combine hydration and daily UV protection in one considered step. Dermatologically tested and classified as non-irritating.\r\nHyaluronic acid helps maintain moisture levels, while a targeted peptide complex supports the appearance of firmness and smoothness. Antioxidant-rich botanical oils and CoQ10 contribute to barrier resilience and environmental defense.\r\nWith consistent use, skin feels comfortable and appears more refined and balanced throughout the day.","url":"https:\/\/sacracosmetics.com\/fr\/product\/creme-de-jour-elixir-intense-bio-regeneratrice\/","sku":"elixir-intense-bio-regenerative-day-cream","image":{"@type":"ImageObject","url":"https:\/\/sacracosmetics.com\/wp-content\/uploads\/2025\/06\/ELIXIR-DAY-CREAM.png","@id":"https:\/\/sacracosmetics.com\/fr\/product\/creme-de-jour-elixir-intense-bio-regeneratrice\/#productImage","width":1024,"height":1536},"offers":{"@type":"Offer","url":"https:\/\/sacracosmetics.com\/fr\/product\/creme-de-jour-elixir-intense-bio-regeneratrice\/#wooCommerceOffer","price":67,"priceCurrency":"EUR","category":"ELIXIR","availability":"https:\/\/schema.org\/InStock","priceSpecification":{"@type":"PriceSpecification","price":67,"priceCurrency":"EUR","valueAddedTaxIncluded":"true"},"seller":{"@type":"Organization","@id":"https:\/\/sacracosmetics.com\/fr\/#organization"}},"aggregateRating":{"@type":"AggregateRating","@id":"https:\/\/sacracosmetics.com\/fr\/product\/creme-de-jour-elixir-intense-bio-regeneratrice\/#aggregrateRating","worstRating":1,"bestRating":5,"ratingValue":5,"reviewCount":1},"review":[{"@type":"Review","reviewRating":{"@type":"Rating","ratingValue":5,"worstRating":1,"bestRating":5},"author":{"@type":"Person","name":"Karina"},"datePublished":"2026-01-08T19:50:37+02:00","reviewBody":"I am 16 years old and when I tried this cream, I realized that it was created specifically for teenagers. It does not burn, does not make you greasy, does not leave marks on the pillow. The skin has become smoother, and acne is not as terrible as before. I recommend it, I am very satisfied \ud83e\udd29"}]},{"@type":"WebPage","@id":"https:\/\/sacracosmetics.com\/fr\/product\/creme-de-jour-elixir-intense-bio-regeneratrice\/#webpage","url":"https:\/\/sacracosmetics.com\/fr\/product\/creme-de-jour-elixir-intense-bio-regeneratrice\/","name":"Elixir Intense Bio Regenerative Day Cream - Sacra Cosmetics","description":"A lightweight 2-in-1 moisturiser and SPF 30 shield with peptides, hyaluronic acid, and botanical oils to hydrate, firm, and protect sensitive skin.","inLanguage":"fr-FR","isPartOf":{"@id":"https:\/\/sacracosmetics.com\/fr\/#website"},"breadcrumb":{"@id":"https:\/\/sacracosmetics.com\/fr\/product\/creme-de-jour-elixir-intense-bio-regeneratrice\/#breadcrumblist"},"image":{"@type":"ImageObject","url":"https:\/\/sacracosmetics.com\/wp-content\/uploads\/2025\/06\/ELIXIR-DAY-CREAM.png","@id":"https:\/\/sacracosmetics.com\/fr\/product\/creme-de-jour-elixir-intense-bio-regeneratrice\/#mainImage","width":1024,"height":1536},"primaryImageOfPage":{"@id":"https:\/\/sacracosmetics.com\/fr\/product\/creme-de-jour-elixir-intense-bio-regeneratrice\/#mainImage"},"datePublished":"2025-06-03T14:17:29+03:00","dateModified":"2026-04-20T19:38:05+03:00"},{"@type":"WebSite","@id":"https:\/\/sacracosmetics.com\/fr\/#website","url":"https:\/\/sacracosmetics.com\/fr\/","name":"Sacra Cosmetics","inLanguage":"fr-FR","publisher":{"@id":"https:\/\/sacracosmetics.com\/fr\/#organization"}}]},"og:locale":"fr_FR","og:site_name":"Sacra Cosmetics -","og:type":"article","og:title":"Elixir Intense Bio Regenerative Day Cream - Sacra Cosmetics","og:description":"A lightweight 2-in-1 moisturiser and SPF 30 shield with peptides, hyaluronic acid, and botanical oils to hydrate, firm, and protect sensitive skin.","og:url":"https:\/\/sacracosmetics.com\/fr\/product\/creme-de-jour-elixir-intense-bio-regeneratrice\/","article:published_time":"2025-06-03T11:17:29+00:00","article:modified_time":"2026-04-20T16:38:05+00:00","article:publisher":"https:\/\/www.facebook.com\/people\/Sacra\/61559924301009\/","twitter:card":"summary_large_image","twitter:title":"Elixir Intense Bio Regenerative Day Cream - Sacra Cosmetics","twitter:description":"A lightweight 2-in-1 moisturiser and SPF 30 shield with peptides, hyaluronic acid, and botanical oils to hydrate, firm, and protect sensitive skin."},"aioseo_meta_data":{"post_id":"3213","title":null,"description":"Une cr\u00e8me hydratante l\u00e9g\u00e8re 2-en-1 et un \u00e9cran SPF 30 contenant des peptides, de l'acide hyaluronique et des huiles v\u00e9g\u00e9tales pour hydrater, raffermir et prot\u00e9ger les peaux sensibles.","keywords":null,"keyphrases":{"focus":{"keyphrase":"","score":0,"analysis":{"keyphraseInTitle":{"score":0,"maxScore":9,"error":1}}},"additional":[]},"primary_term":null,"canonical_url":null,"og_title":null,"og_description":null,"og_object_type":"default","og_image_type":"default","og_image_url":null,"og_image_width":null,"og_image_height":null,"og_image_custom_url":null,"og_image_custom_fields":null,"og_video":"","og_custom_url":null,"og_article_section":null,"og_article_tags":null,"twitter_use_og":false,"twitter_card":"default","twitter_image_type":"default","twitter_image_url":null,"twitter_image_custom_url":null,"twitter_image_custom_fields":null,"twitter_title":null,"twitter_description":null,"schema":{"blockGraphs":[],"customGraphs":[],"default":{"data":{"Article":[],"Course":[],"Dataset":[],"FAQPage":[],"Movie":[],"Person":[],"Product":[],"ProductReview":[],"Car":[],"Recipe":[],"Service":[],"SoftwareApplication":[],"WebPage":[]},"graphName":"Product","isEnabled":true},"graphs":[]},"schema_type":"default","schema_type_options":null,"pillar_content":false,"robots_default":true,"robots_noindex":false,"robots_noarchive":false,"robots_nosnippet":false,"robots_nofollow":false,"robots_noimageindex":false,"robots_noodp":false,"robots_notranslate":false,"robots_max_snippet":"-1","robots_max_videopreview":"-1","robots_max_imagepreview":"large","priority":null,"frequency":"default","local_seo":null,"seo_analyzer_scan_date":"2026-03-28 14:38:41","breadcrumb_settings":null,"limit_modified_date":false,"reviewed_by":null,"open_ai":null,"ai":{"faqs":[],"keyPoints":[],"titles":[],"descriptions":[],"socialPosts":{"email":[],"linkedin":[],"twitter":[],"facebook":[],"instagram":[]}},"created":"2025-06-27 11:12:15","updated":"2026-04-20 16:54:09"},"aioseo_breadcrumb":"<div class=\"aioseo-breadcrumbs\"><span class=\"aioseo-breadcrumb\">\n\t<a href=\"https:\/\/sacracosmetics.com\/fr\" title=\"Home\">Home<\/a>\n<\/span><span class=\"aioseo-breadcrumb-separator\">&raquo;<\/span><span class=\"aioseo-breadcrumb\">\n\t<a href=\"https:\/\/sacracosmetics.com\/fr\/nouveau-en\/\" title=\"New In\">New In<\/a>\n<\/span><span class=\"aioseo-breadcrumb-separator\">&raquo;<\/span><span class=\"aioseo-breadcrumb\">\n\t<a href=\"https:\/\/sacracosmetics.com\/fr\/product-category\/tous\/\" title=\"All\">All<\/a>\n<\/span><span class=\"aioseo-breadcrumb-separator\">&raquo;<\/span><span class=\"aioseo-breadcrumb\">\n\t<a href=\"https:\/\/sacracosmetics.com\/fr\/product-category\/tous\/elixir\/\" title=\"ELIXIR\">ELIXIR<\/a>\n<\/span><span class=\"aioseo-breadcrumb-separator\">&raquo;<\/span><span class=\"aioseo-breadcrumb\">\n\tElixir Intense Bio Regenerative Day Cream\n<\/span><\/div>","aioseo_breadcrumb_json":[{"label":"Home","link":"https:\/\/sacracosmetics.com\/fr"},{"label":"New In","link":"https:\/\/sacracosmetics.com\/fr\/nouveau-en\/"},{"label":"All","link":"https:\/\/sacracosmetics.com\/fr\/product-category\/tous\/"},{"label":"ELIXIR","link":"https:\/\/sacracosmetics.com\/fr\/product-category\/tous\/elixir\/"},{"label":"Elixir Intense Bio Regenerative Day Cream","link":"https:\/\/sacracosmetics.com\/fr\/product\/creme-de-jour-elixir-intense-bio-regeneratrice\/"}],"_links":{"self":[{"href":"https:\/\/sacracosmetics.com\/fr\/wp-json\/wp\/v2\/product\/3213","targetHints":{"allow":["GET"]}}],"collection":[{"href":"https:\/\/sacracosmetics.com\/fr\/wp-json\/wp\/v2\/product"}],"about":[{"href":"https:\/\/sacracosmetics.com\/fr\/wp-json\/wp\/v2\/types\/product"}],"replies":[{"embeddable":true,"href":"https:\/\/sacracosmetics.com\/fr\/wp-json\/wp\/v2\/comments?post=3213"}],"wp:featuredmedia":[{"embeddable":true,"href":"https:\/\/sacracosmetics.com\/fr\/wp-json\/wp\/v2\/media\/4191"}],"wp:attachment":[{"href":"https:\/\/sacracosmetics.com\/fr\/wp-json\/wp\/v2\/media?parent=3213"}],"wp:term":[{"taxonomy":"product_brand","embeddable":true,"href":"https:\/\/sacracosmetics.com\/fr\/wp-json\/wp\/v2\/product_brand?post=3213"},{"taxonomy":"product_cat","embeddable":true,"href":"https:\/\/sacracosmetics.com\/fr\/wp-json\/wp\/v2\/product_cat?post=3213"},{"taxonomy":"product_tag","embeddable":true,"href":"https:\/\/sacracosmetics.com\/fr\/wp-json\/wp\/v2\/product_tag?post=3213"}],"curies":[{"name":"wp","href":"https:\/\/api.w.org\/{rel}","templated":true}]}}