{"id":228,"date":"2022-11-28T08:35:59","date_gmt":"2022-11-28T08:35:59","guid":{"rendered":"https:\/\/sacracosmetics.com\/?page_id=228"},"modified":"2022-11-28T08:35:59","modified_gmt":"2022-11-28T08:35:59","slug":"cariere","status":"publish","type":"page","link":"https:\/\/sacracosmetics.com\/ro\/cariere\/","title":{"rendered":"Cariere"},"content":{"rendered":"<p><video src=\"wp-content\/uploads\/yootheme\/careers-hero.mp4\" poster=\"\"><\/video><\/p>\n<h1>Deveni\u021bi o parte a familiei noastre<\/h1>\n<div>\n<h2>Lucra\u021bi cu noi<\/h2>\n<p>Deveni\u021bi membru al organiza\u021biei noastre<br class=\"uk-visible@s\"> Echipa \u0219i aduce\u021bi-o mai departe<\/p>\n<div>Metus aliquam eleifend mi in nulla. Ultrices in iaculis nunc sed. Viverra suspendisse potenti nullam ac tortor vitae purus faucibus. Lectus arcu bibendum at varius ornare.<\/div>\n<p><a href=\"?page_id=233\">Posturi deschise<\/a><\/p>\n<\/div>\n<p><img decoding=\"async\" src=\"wp-content\/uploads\/yootheme\/careers-hero.jpg\" alt=\"\"><\/p>\n<ul>\n<li>\n<img decoding=\"async\" src=\"wp-content\/uploads\/yootheme\/careers-benefits-01.jpg\" alt=\"\"><\/p>\n<h2>Descoper\u0103-\u021bi<br \/> Beneficii al\u0103turi de noi<\/h2>\n<div>Lorem ipsum dolor sit amet, consectetuer adipiscing elit. Aenean commodo ligula eget dolor. Aenean massa. Cum sociis natoque penatibus et magnis dis parturient montes, nascetur ridiculus mus. <\/div>\n<\/li>\n<li>\n<img decoding=\"async\" src=\"wp-content\/uploads\/yootheme\/careers-benefits-02.jpg\" alt=\"\"><\/p>\n<h2>Creativ<br \/>  Spa\u021bii de lucru<\/h2>\n<div>Nulla consequat massa quis enim. Donec pede justo, fringilla vel, aliquet nec, vulputate eget, arcu. In enim justo, rhoncus ut, imperdiet a, venenatis vitae, justo. Nullam dictum felis eu pede mollis pretium. Integer tincidunt. Cras dapibus. Vivamus elementum semper nisi. Aenean vulputate eleifend tellus.<\/div>\n<\/li>\n<li>\n<img decoding=\"async\" src=\"wp-content\/uploads\/yootheme\/careers-benefits-03.jpg\" alt=\"\"><\/p>\n<h2>Educa\u021bie \u00een domeniul modei<br \/> \u0219i formare<\/h2>\n<div>Aenean leo ligula, porttitor eu, consequat vitae, eleifend ac, enim. Aliquam lorem ante, dapibus in, viverra quis, feugiat a, tellus. Phasellus viverra nulla ut metus varius laoreet. Quisque rutrum. Aenean imperdiet. Etiam ultricies nisi vel augue. Curabitur ullamcorper ultricies nisi.<\/div>\n<\/li>\n<li>\n<img decoding=\"async\" src=\"wp-content\/uploads\/yootheme\/careers-benefits-04.jpg\" alt=\"\"><\/p>\n<h2>Mai multe Brand-<br \/>avantaje conexe<\/h2>\n<div>Nam eget dui. Etiam rhoncus. Maecenas tempus, tellus eget condimentum rhoncus, sem quam semper libero, sit amet adipiscing sem neque sed ipsum. Nam quam nunc, blandit vel, luctus pulvinar, hendrerit id, lorem. Maecenas nec odio et ante tincidunt tempus. Donec vitae sapien ut libero venenatis faucibus.<\/div>\n<\/li>\n<\/ul>\n<ul>\n<li>\n<img decoding=\"async\" src=\"wp-content\/uploads\/yootheme\/careers-benefits-01.jpg\" alt=\"\"><\/p>\n<h3>Descoperi\u021bi beneficiile dumneavoastr\u0103 cu noi<\/h3>\n<div>Lorem ipsum dolor sit amet, consectetuer adipiscing elit. Aenean commodo ligula eget dolor. Aenean massa. Cum sociis natoque penatibus et magnis dis parturient montes, nascetur ridiculus mus. <\/div>\n<\/li>\n<li>\n<img decoding=\"async\" src=\"wp-content\/uploads\/yootheme\/careers-benefits-02.jpg\" alt=\"\"><\/p>\n<h3>Spa\u021bii de lucru creative<\/h3>\n<div>Nulla consequat massa quis enim. Donec pede justo, fringilla vel, aliquet nec, vulputate eget, arcu. In enim justo, rhoncus ut, imperdiet a, venenatis vitae, justo. Nullam dictum felis eu pede mollis pretium. Integer tincidunt. Cras dapibus. Vivamus elementum semper nisi. Aenean vulputate eleifend tellus.<\/div>\n<\/li>\n<li>\n<img decoding=\"async\" src=\"wp-content\/uploads\/yootheme\/careers-benefits-03.jpg\" alt=\"\"><\/p>\n<h3>Educa\u021bie \u0219i formare \u00een domeniul modei<\/h3>\n<div>Aenean leo ligula, porttitor eu, consequat vitae, eleifend ac, enim. Aliquam lorem ante, dapibus in, viverra quis, feugiat a, tellus. Phasellus viverra nulla ut metus varius laoreet. Quisque rutrum. Aenean imperdiet. Etiam ultricies nisi vel augue. Curabitur ullamcorper ultricies nisi.<\/div>\n<\/li>\n<li>\n<img decoding=\"async\" src=\"wp-content\/uploads\/yootheme\/careers-benefits-04.jpg\" alt=\"\"><\/p>\n<h3>Mai multe beneficii legate de marc\u0103<\/h3>\n<div>Nam eget dui. Etiam rhoncus. Maecenas tempus, tellus eget condimentum rhoncus, sem quam semper libero, sit amet adipiscing sem neque sed ipsum. Nam quam nunc, blandit vel, luctus pulvinar, hendrerit id, lorem. Maecenas nec odio et ante tincidunt tempus. Donec vitae sapien ut libero venenatis faucibus.<\/div>\n<\/li>\n<\/ul>\n<h2>\"Ceea ce \u00eemi place \u00een mod deosebit este c\u0103 pot vedea colec\u021bia de la \u00eenceput p\u00e2n\u0103 la sf\u00e2r\u0219it, \u00eenso\u021bind-o de la prima schi\u021b\u0103 p\u00e2n\u0103 la ultimul proces de produc\u021bie.\"<\/h2>\n<div>Maria Meyer, creator de mod\u0103<\/div>\n<h2>Cele mai recente locuri de munc\u0103 Posturi<\/h2>\n<div>Faucibus interdum posuere lorem ipsum dolor sit amet consectetur adipiscing. Et malesuada fames ac turpis egestas maecenas. Tincidunt augue interdum velit euismod in pellentesque massa.<\/div>\n<table>\n<thead>\n<tr>\n<th>Pozi\u021bia<\/th>\n<th>Ocuparea for\u021bei de munc\u0103<\/th>\n<th>Loca\u021bie<\/th>\n<th><\/th>\n<\/tr>\n<\/thead>\n<tbody>\n<tr>\n<td>Director artistic<\/td>\n<td>Cu norm\u0103 \u00eentreag\u0103<\/td>\n<td>Paris<\/td>\n<td>\n<a href=\"?page_id=235\">Cite\u0219te mai mult<\/a>\n<\/td>\n<\/tr>\n<tr>\n<td>Designer de mod\u0103<\/td>\n<td>Timp par\u021bial<\/td>\n<td>Londra<\/td>\n<td>\n<a href=\"?page_id=235\">Cite\u0219te mai mult<\/a>\n<\/td>\n<\/tr>\n<tr>\n<td>Designer grafic<\/td>\n<td>Cu norm\u0103 \u00eentreag\u0103<\/td>\n<td>Paris<\/td>\n<td>\n<a href=\"?page_id=235\">Cite\u0219te mai mult<\/a>\n<\/td>\n<\/tr>\n<\/tbody>\n<\/table>\n<p><!--more--><br \/>\n<!-- {\"type\":\"layout\",\"children\":[{\"type\":\"section\",\"props\":{\"image_position\":\"center-center\",\"padding\":\"none\",\"style\":\"default\",\"title_breakpoint\":\"xl\",\"title_position\":\"top-left\",\"title_rotation\":\"left\",\"vertical_align\":\"middle\",\"width\":\"\"},\"children\":[{\"type\":\"row\",\"props\":{\"height\":\"viewport\",\"height_offset_top\":true,\"margin\":\"remove-vertical\"},\"children\":[{\"type\":\"column\",\"props\":{\"image_position\":\"center-center\",\"position_sticky_breakpoint\":\"m\"},\"children\":[{\"type\":\"video\",\"props\":{\"animation\":\"parallax\",\"height_expand\":true,\"margin\":\"default\",\"parallax_blur\":\"100\",\"parallax_opacity\":\"1 30%,0 60%\",\"parallax_scale\":\"3\",\"video\":\"wp-content\\\/uploads\\\/yootheme\\\/careers-hero.mp4\",\"video_autoplay\":\"inview\",\"video_controls\":false,\"video_height\":1350,\"video_loop\":true,\"video_muted\":true,\"video_playsinline\":true,\"video_viewport_height\":false,\"video_width\":2560}}]}]},{\"type\":\"row\",\"children\":[{\"type\":\"column\",\"props\":{\"image_position\":\"center-center\",\"position_sticky_breakpoint\":\"m\",\"text_color\":\"light\",\"vertical_align\":\"middle\"},\"children\":[{\"type\":\"headline\",\"props\":{\"content\":\"Become a Part of Our Family\",\"margin_remove_top\":false,\"position\":\"relative\",\"position_z_index\":\"1\",\"text_align\":\"center\",\"title_element\":\"h1\",\"title_style\":\"heading-small\"}}]}],\"props\":{\"css\":\".el-row { margin-top: -100vh; }\",\"height\":\"viewport\",\"height_offset_top\":true,\"margin\":\"remove-vertical\",\"width\":\"expand\"}},{\"type\":\"row\",\"children\":[{\"type\":\"column\",\"props\":{\"image_position\":\"center-center\",\"padding\":\"none\",\"position_sticky_breakpoint\":\"m\"},\"children\":[{\"type\":\"panel\",\"props\":{\"animation\":\"parallax\",\"block_align\":\"center\",\"content\":\"Metus aliquam eleifend mi in nulla. Ultrices in iaculis nunc sed. Viverra suspendisse potenti nullam ac tortor vitae purus faucibus. Lectus arcu bibendum at varius ornare.\",\"content_column_breakpoint\":\"m\",\"icon_width\":80,\"image_align\":\"top\",\"image_grid_breakpoint\":\"m\",\"image_grid_width\":\"1-2\",\"image_svg_color\":\"emphasis\",\"link\":\"?page_id=233\",\"link_margin\":\"large\",\"link_style\":\"primary\",\"link_text\":\"Open Positions\",\"margin\":\"\",\"maxwidth\":\"xlarge\",\"meta\":\"Become a Member of Our<br class=\\\"uk-visible@s\\\"> Team and Bring It Forward\",\"meta_align\":\"below-title\",\"meta_element\":\"div\",\"meta_style\":\"h2\",\"parallax_breakpoint\":\"m\",\"parallax_y\":\"40vh,0\",\"position_z_index\":\"1\",\"text_align\":\"center\",\"title\":\"Work With Us\",\"title_align\":\"top\",\"title_element\":\"h2\",\"title_grid_breakpoint\":\"m\",\"title_grid_width\":\"1-2\",\"title_hover_style\":\"reset\",\"title_style\":\"h3\"}}]}],\"props\":{\"margin\":\"remove-vertical\",\"margin_remove_bottom\":false,\"margin_remove_top\":false,\"width\":\"expand\"}},{\"type\":\"row\",\"children\":[{\"type\":\"column\",\"props\":{\"image_position\":\"center-center\",\"position_sticky_breakpoint\":\"m\"},\"children\":[{\"type\":\"image\",\"props\":{\"image\":\"wp-content\\\/uploads\\\/yootheme\\\/careers-hero.jpg\",\"image_svg_color\":\"emphasis\",\"image_width\":\"2560\",\"margin\":\"default\"}}]}],\"props\":{\"margin\":\"remove-vertical\"}}],\"name\":\"Hero\"},{\"type\":\"section\",\"props\":{\"height\":\"viewport\",\"height_viewport\":200,\"id\":\"benefits\",\"image_position\":\"center-center\",\"padding_remove_bottom\":false,\"style\":\"default\",\"title_breakpoint\":\"xl\",\"title_position\":\"top-left\",\"title_rotation\":\"left\",\"vertical_align\":\"\",\"width\":\"xlarge\"},\"children\":[{\"type\":\"row\",\"children\":[{\"type\":\"column\",\"props\":{\"image_position\":\"center-center\",\"position_sticky\":\"section\",\"position_sticky_breakpoint\":\"m\",\"position_sticky_offset\":\"50vh - 50%\"},\"children\":[{\"type\":\"panel-slider\",\"props\":{\"content_column_breakpoint\":\"m\",\"icon_width\":80,\"image_align\":\"left\",\"image_grid_breakpoint\":\"m\",\"image_grid_column_gap\":\"large\",\"image_grid_width\":\"1-2\",\"image_svg_color\":\"emphasis\",\"image_vertical_align\":true,\"image_width\":780,\"link_style\":\"default\",\"link_text\":\"Read more\",\"margin\":\"default\",\"meta_align\":\"below-title\",\"meta_element\":\"div\",\"meta_style\":\"text-meta\",\"nav\":\"dotnav\",\"nav_align\":\"right\",\"nav_breakpoint\":\"m\",\"nav_margin\":\"small\",\"panel_image_no_padding\":false,\"panel_match\":true,\"panel_padding\":\"large\",\"panel_style\":\"tile-default\",\"show_content\":true,\"show_hover_image\":true,\"show_hover_video\":true,\"show_image\":true,\"show_link\":true,\"show_meta\":true,\"show_title\":true,\"show_video\":true,\"slidenav\":\"\",\"slidenav_breakpoint\":\"xl\",\"slidenav_margin\":\"medium\",\"slidenav_outside_breakpoint\":\"xl\",\"slider_autoplay_pause\":true,\"slider_center\":false,\"slider_divider\":false,\"slider_finite\":true,\"slider_gap\":\"large\",\"slider_parallax\":true,\"slider_parallax_end\":\"100vh\",\"slider_parallax_start\":\"100vh\",\"slider_parallax_target\":\"!.uk-section\",\"slider_width\":\"fixed\",\"slider_width_default\":\"5-6\",\"slider_width_medium\":\"\",\"slider_width_xlarge\":\"1-1\",\"title_align\":\"top\",\"title_element\":\"h2\",\"title_grid_breakpoint\":\"m\",\"title_grid_width\":\"1-2\",\"title_hover_style\":\"reset\",\"title_style\":\"h1\",\"visibility\":\"m\"},\"children\":[{\"type\":\"panel-slider_item\",\"props\":{\"content\":\"Lorem ipsum dolor sit amet, consectetuer adipiscing elit. Aenean commodo ligula eget dolor. Aenean massa. Cum sociis natoque penatibus et magnis dis parturient montes, nascetur ridiculus mus. \",\"image\":\"wp-content\\\/uploads\\\/yootheme\\\/careers-benefits-01.jpg\",\"title\":\"Discover Your<br \/> Benefits With Us\"}},{\"type\":\"panel-slider_item\",\"props\":{\"content\":\"Nulla consequat massa quis enim. Donec pede justo, fringilla vel, aliquet nec, vulputate eget, arcu. In enim justo, rhoncus ut, imperdiet a, venenatis vitae, justo. Nullam dictum felis eu pede mollis pretium. Integer tincidunt. Cras dapibus. Vivamus elementum semper nisi. Aenean vulputate eleifend tellus.\",\"image\":\"wp-content\\\/uploads\\\/yootheme\\\/careers-benefits-02.jpg\",\"title\":\"Creative<br \/>  Workspaces\"}},{\"type\":\"panel-slider_item\",\"props\":{\"content\":\"Aenean leo ligula, porttitor eu, consequat vitae, eleifend ac, enim. Aliquam lorem ante, dapibus in, viverra quis, feugiat a, tellus. Phasellus viverra nulla ut metus varius laoreet. Quisque rutrum. Aenean imperdiet. Etiam ultricies nisi vel augue. Curabitur ullamcorper ultricies nisi.\",\"image\":\"wp-content\\\/uploads\\\/yootheme\\\/careers-benefits-03.jpg\",\"title\":\"Fashion Education<br \/> and Training\"}},{\"type\":\"panel-slider_item\",\"props\":{\"content\":\"Nam eget dui. Etiam rhoncus. Maecenas tempus, tellus eget condimentum rhoncus, sem quam semper libero, sit amet adipiscing sem neque sed ipsum. Nam quam nunc, blandit vel, luctus pulvinar, hendrerit id, lorem. Maecenas nec odio et ante tincidunt tempus. Donec vitae sapien ut libero venenatis faucibus.\",\"image\":\"wp-content\\\/uploads\\\/yootheme\\\/careers-benefits-04.jpg\",\"title\":\"More Brand-<br \/>related Perks\"}}]},{\"type\":\"grid\",\"props\":{\"content_column_breakpoint\":\"m\",\"filter_align\":\"left\",\"filter_all\":true,\"filter_grid_breakpoint\":\"m\",\"filter_grid_width\":\"auto\",\"filter_position\":\"top\",\"filter_style\":\"tab\",\"grid_column_align\":false,\"grid_default\":\"1\",\"grid_divider\":false,\"grid_medium\":\"\",\"grid_row_align\":false,\"grid_row_gap\":\"large\",\"icon_width\":80,\"image_align\":\"top\",\"image_grid_breakpoint\":\"m\",\"image_grid_width\":\"auto\",\"image_svg_color\":\"emphasis\",\"image_vertical_align\":true,\"image_width\":\"930\",\"item_animation\":true,\"lightbox_bg_close\":true,\"link_style\":\"default\",\"link_text\":\"Read more\",\"margin\":\"remove-vertical\",\"margin_remove_top\":false,\"meta_align\":\"below-title\",\"meta_element\":\"div\",\"meta_style\":\"text-meta\",\"show_content\":true,\"show_hover_image\":true,\"show_hover_video\":true,\"show_image\":true,\"show_link\":true,\"show_meta\":true,\"show_title\":true,\"show_video\":true,\"title_align\":\"top\",\"title_element\":\"h3\",\"title_grid_breakpoint\":\"m\",\"title_grid_width\":\"1-2\",\"title_hover_style\":\"reset\",\"title_style\":\"h2\",\"visibility\":\"hidden-m\"},\"children\":[{\"type\":\"grid_item\",\"props\":{\"content\":\"Lorem ipsum dolor sit amet, consectetuer adipiscing elit. Aenean commodo ligula eget dolor. Aenean massa. Cum sociis natoque penatibus et magnis dis parturient montes, nascetur ridiculus mus. \",\"image\":\"wp-content\\\/uploads\\\/yootheme\\\/careers-benefits-01.jpg\",\"title\":\"Discover Your Benefits With Us\"}},{\"type\":\"grid_item\",\"props\":{\"content\":\"Nulla consequat massa quis enim. Donec pede justo, fringilla vel, aliquet nec, vulputate eget, arcu. In enim justo, rhoncus ut, imperdiet a, venenatis vitae, justo. Nullam dictum felis eu pede mollis pretium. Integer tincidunt. Cras dapibus. Vivamus elementum semper nisi. Aenean vulputate eleifend tellus.\",\"image\":\"wp-content\\\/uploads\\\/yootheme\\\/careers-benefits-02.jpg\",\"title\":\"Creative Workspaces\"}},{\"type\":\"grid_item\",\"props\":{\"content\":\"Aenean leo ligula, porttitor eu, consequat vitae, eleifend ac, enim. Aliquam lorem ante, dapibus in, viverra quis, feugiat a, tellus. Phasellus viverra nulla ut metus varius laoreet. Quisque rutrum. Aenean imperdiet. Etiam ultricies nisi vel augue. Curabitur ullamcorper ultricies nisi.\",\"image\":\"wp-content\\\/uploads\\\/yootheme\\\/careers-benefits-03.jpg\",\"title\":\"Fashion Education and Training\"}},{\"type\":\"grid_item\",\"props\":{\"content\":\"Nam eget dui. Etiam rhoncus. Maecenas tempus, tellus eget condimentum rhoncus, sem quam semper libero, sit amet adipiscing sem neque sed ipsum. Nam quam nunc, blandit vel, luctus pulvinar, hendrerit id, lorem. Maecenas nec odio et ante tincidunt tempus. Donec vitae sapien ut libero venenatis faucibus.\",\"image\":\"wp-content\\\/uploads\\\/yootheme\\\/careers-benefits-04.jpg\",\"title\":\"More Brand-related Perks\"}}]}]}]}],\"name\":\"Benefits\"},{\"type\":\"section\",\"props\":{\"height\":\"page\",\"image_position\":\"center-center\",\"padding\":\"xlarge\",\"padding_remove_top\":false,\"style\":\"muted\",\"title_breakpoint\":\"xl\",\"title_position\":\"top-left\",\"title_rotation\":\"left\",\"vertical_align\":\"\",\"width\":\"small\"},\"children\":[{\"type\":\"row\",\"children\":[{\"type\":\"column\",\"props\":{\"image_position\":\"center-center\",\"position_sticky_breakpoint\":\"m\"},\"children\":[{\"type\":\"headline\",\"props\":{\"content\":\"\\\"What I particularly like is that I can see the collection from start to finish, accompany it from the first sketch to the last manufacturing process.\\u201d\",\"text_align\":\"center\",\"title_element\":\"h2\"}},{\"type\":\"headline\",\"props\":{\"content\":\"Maria Meyer, Fashion Designer\",\"margin\":\"medium\",\"margin_remove_bottom\":false,\"text_align\":\"center\",\"title_element\":\"div\"}}]}]}],\"name\":\"Quote\"},{\"type\":\"section\",\"props\":{\"image_position\":\"center-center\",\"padding\":\"large\",\"padding_remove_top\":false,\"style\":\"default\",\"title_breakpoint\":\"xl\",\"title_position\":\"top-left\",\"title_rotation\":\"left\",\"vertical_align\":\"\",\"width\":\"default\"},\"children\":[{\"type\":\"row\",\"children\":[{\"type\":\"column\",\"props\":{\"image_position\":\"center-center\",\"position_sticky_breakpoint\":\"m\"},\"children\":[{\"type\":\"headline\",\"props\":{\"content\":\"Latest Jobs Positions\",\"text_align\":\"center\",\"title_element\":\"h2\"}},{\"type\":\"text\",\"props\":{\"block_align\":\"center\",\"column_breakpoint\":\"m\",\"content\":\"Faucibus interdum posuere lorem ipsum dolor sit amet consectetur adipiscing. Et malesuada fames ac turpis egestas maecenas. Tincidunt augue interdum velit euismod in pellentesque massa.\",\"margin\":\"\",\"margin_remove_bottom\":false,\"margin_remove_top\":false,\"maxwidth\":\"2xlarge\",\"maxwidth_breakpoint\":\"m\",\"text_align\":\"center\"}},{\"type\":\"table\",\"props\":{\"content_style\":\"text-large\",\"image_svg_color\":\"emphasis\",\"link_style\":\"primary\",\"link_target\":false,\"link_text\":\"Read More\",\"margin\":\"medium\",\"meta_style\":\"text-large\",\"show_content\":true,\"show_image\":true,\"show_link\":true,\"show_meta\":true,\"show_title\":true,\"table_head_content\":\"Location\",\"table_head_meta\":\"Employment\",\"table_head_title\":\"Position\",\"table_order\":\"5\",\"table_responsive\":\"responsive\",\"table_size\":\"large\",\"table_style\":\"divider\",\"table_vertical_align\":false,\"table_width_meta\":\"\",\"table_width_title\":\"\",\"text_align\":\"left\",\"text_align_breakpoint\":\"m\",\"text_align_fallback\":\"center\",\"title_style\":\"text-large\"},\"children\":[{\"type\":\"table_item\",\"props\":{\"content\":\"Paris\",\"link\":\"?page_id=235\",\"link_text\":\"Read More\",\"meta\":\"Full Time\",\"title\":\"Art Director\"}},{\"type\":\"table_item\",\"props\":{\"content\":\"London\",\"link\":\"?page_id=235\",\"link_text\":\"Read More\",\"meta\":\"Part Time\",\"title\":\"Fashion Designer\"}},{\"type\":\"table_item\",\"props\":{\"content\":\"Paris\",\"link\":\"?page_id=235\",\"link_text\":\"Read More\",\"meta\":\"Full Time\",\"title\":\"Graphic Designer\"}}]}]}]}],\"name\":\"Positions\"}],\"version\":\"4.5.15\"} --><\/p>","protected":false},"excerpt":{"rendered":"<p>Become a Part of Our Family Work With Us Become a Member of Our Team and Bring It Forward Metus aliquam eleifend mi in nulla. Ultrices in iaculis nunc sed. Viverra suspendisse potenti nullam ac tortor vitae purus faucibus. Lectus arcu bibendum at varius ornare. Open Positions Discover Your Benefits With Us Lorem ipsum dolor [&hellip;]<\/p>","protected":false},"author":1,"featured_media":0,"parent":0,"menu_order":5,"comment_status":"closed","ping_status":"closed","template":"","meta":{"_acf_changed":false,"footnotes":""},"class_list":["post-228","page","type-page","status-publish","hentry"],"acf":[],"aioseo_notices":[],"_links":{"self":[{"href":"https:\/\/sacracosmetics.com\/ro\/wp-json\/wp\/v2\/pages\/228","targetHints":{"allow":["GET"]}}],"collection":[{"href":"https:\/\/sacracosmetics.com\/ro\/wp-json\/wp\/v2\/pages"}],"about":[{"href":"https:\/\/sacracosmetics.com\/ro\/wp-json\/wp\/v2\/types\/page"}],"author":[{"embeddable":true,"href":"https:\/\/sacracosmetics.com\/ro\/wp-json\/wp\/v2\/users\/1"}],"replies":[{"embeddable":true,"href":"https:\/\/sacracosmetics.com\/ro\/wp-json\/wp\/v2\/comments?post=228"}],"version-history":[{"count":0,"href":"https:\/\/sacracosmetics.com\/ro\/wp-json\/wp\/v2\/pages\/228\/revisions"}],"wp:attachment":[{"href":"https:\/\/sacracosmetics.com\/ro\/wp-json\/wp\/v2\/media?parent=228"}],"curies":[{"name":"wp","href":"https:\/\/api.w.org\/{rel}","templated":true}]}}