{"id":3874,"date":"2025-07-18T12:37:34","date_gmt":"2025-07-18T09:37:34","guid":{"rendered":"https:\/\/sacracosmetics.com\/?page_id=3874"},"modified":"2025-07-18T12:43:26","modified_gmt":"2025-07-18T09:43:26","slug":"politica-de-returnare","status":"publish","type":"page","link":"https:\/\/sacracosmetics.com\/ro\/politica-de-returnare\/","title":{"rendered":"Politica de returnare"},"content":{"rendered":"<p>Ne dorim s\u0103 fi\u021bi complet mul\u021bumi\u021bi de achizi\u021bia dvs. Dac\u0103, din orice motiv, nu sunte\u021bi, pute\u021bi returna comanda dvs. \u00een termen de <strong>30 de zile<\/strong> de la primirea coletului.<\/p>\n\n\n\n<p>Pentru a ini\u021bia o returnare, v\u0103 rug\u0103m s\u0103 trimite\u021bi un e-mail la <strong><a>info@sacracosmetics.co.uk<\/a><\/strong> cu num\u0103rul comenzii \u0219i motivul return\u0103rii.<br>Echipa noastr\u0103 v\u0103 va oferi toate instruc\u021biunile necesare.<\/p>\n\n\n\n<p>V\u0103 rug\u0103m s\u0103 re\u021bine\u021bi:<\/p>\n\n\n\n<ul class=\"wp-block-list\">\n<li>Produsele returnate trebuie s\u0103 fie <strong>neutilizate, nedeschise \u0219i \u00een starea \u0219i ambalajul lor original<\/strong>.<\/li>\n\n\n\n<li>Costurile de returnare sunt \u00een sarcina clientului, cu excep\u021bia cazului \u00een care produsul este defect sau incorect.<\/li>\n\n\n\n<li>Restituirile vor fi procesate dup\u0103 ce articolele returnate au fost primite \u0219i inspectate.<\/li>\n<\/ul>","protected":false},"excerpt":{"rendered":"<p>We want you to be completely satisfied with your purchase. If for any reason you are not, you may return your order within 30 days of receiving the package. To initiate a return, please send an email to info@sacracosmetics.co.uk with your order number and reason for return.Our team will provide you with all the necessary [&hellip;]<\/p>","protected":false},"author":1,"featured_media":0,"parent":0,"menu_order":0,"comment_status":"closed","ping_status":"closed","template":"","meta":{"_acf_changed":false,"footnotes":""},"class_list":["post-3874","page","type-page","status-publish","hentry"],"acf":[],"aioseo_notices":[],"aioseo_head":"\n\t\t<!-- All in One SEO Pro 4.9.3 - aioseo.com -->\n\t<meta name=\"description\" content=\"We want you to be completely satisfied with your purchase. If for any reason you are not, you may return your order within 30 days of receiving the package. To initiate a return, please send an email to info@sacracosmetics.co.uk with your order number and reason for return.Our team will provide you with all the necessary\" \/>\n\t<meta name=\"robots\" content=\"max-image-preview:large\" \/>\n\t<link rel=\"canonical\" href=\"https:\/\/sacracosmetics.com\/ro\/politica-de-returnare\/\" \/>\n\t<meta name=\"generator\" content=\"All in One SEO Pro (AIOSEO) 4.9.3\" \/>\n\t\t<meta property=\"og:locale\" content=\"ro_RO\" \/>\n\t\t<meta property=\"og:site_name\" content=\"Sacra Cosmetics -\" \/>\n\t\t<meta property=\"og:type\" content=\"article\" \/>\n\t\t<meta property=\"og:title\" content=\"Return policy - Sacra Cosmetics\" \/>\n\t\t<meta property=\"og:description\" content=\"We want you to be completely satisfied with your purchase. If for any reason you are not, you may return your order within 30 days of receiving the package. To initiate a return, please send an email to info@sacracosmetics.co.uk with your order number and reason for return.Our team will provide you with all the necessary\" \/>\n\t\t<meta property=\"og:url\" content=\"https:\/\/sacracosmetics.com\/ro\/politica-de-returnare\/\" \/>\n\t\t<meta property=\"article:published_time\" content=\"2025-07-18T09:37:34+00:00\" \/>\n\t\t<meta property=\"article:modified_time\" content=\"2025-07-18T09:43:26+00:00\" \/>\n\t\t<meta property=\"article:publisher\" content=\"https:\/\/www.facebook.com\/people\/Sacra\/61559924301009\/\" \/>\n\t\t<meta name=\"twitter:card\" content=\"summary_large_image\" \/>\n\t\t<meta name=\"twitter:title\" content=\"Return policy - Sacra Cosmetics\" \/>\n\t\t<meta name=\"twitter:description\" content=\"We want you to be completely satisfied with your purchase. If for any reason you are not, you may return your order within 30 days of receiving the package. To initiate a return, please send an email to info@sacracosmetics.co.uk with your order number and reason for return.Our team will provide you with all the necessary\" \/>\n\t\t<script type=\"application\/ld+json\" class=\"aioseo-schema\">\n\t\t\t{\"@context\":\"https:\\\/\\\/schema.org\",\"@graph\":[{\"@type\":\"BreadcrumbList\",\"@id\":\"https:\\\/\\\/sacracosmetics.com\\\/ro\\\/politica-de-returnare\\\/#breadcrumblist\",\"itemListElement\":[{\"@type\":\"ListItem\",\"@id\":\"https:\\\/\\\/sacracosmetics.com\\\/ro#listItem\",\"position\":1,\"name\":\"Home\",\"item\":\"https:\\\/\\\/sacracosmetics.com\\\/ro\",\"nextItem\":{\"@type\":\"ListItem\",\"@id\":\"https:\\\/\\\/sacracosmetics.com\\\/ro\\\/politica-de-returnare\\\/#listItem\",\"name\":\"Return policy\"}},{\"@type\":\"ListItem\",\"@id\":\"https:\\\/\\\/sacracosmetics.com\\\/ro\\\/politica-de-returnare\\\/#listItem\",\"position\":2,\"name\":\"Return policy\",\"previousItem\":{\"@type\":\"ListItem\",\"@id\":\"https:\\\/\\\/sacracosmetics.com\\\/ro#listItem\",\"name\":\"Home\"}}]},{\"@type\":\"Organization\",\"@id\":\"https:\\\/\\\/sacracosmetics.com\\\/ro\\\/#organization\",\"name\":\"Sacra Cosmetics\",\"url\":\"https:\\\/\\\/sacracosmetics.com\\\/ro\\\/\",\"telephone\":\"+40770310183\",\"logo\":{\"@type\":\"ImageObject\",\"url\":\"https:\\\/\\\/sacracosmetics.com\\\/wp-content\\\/uploads\\\/2025\\\/06\\\/logo-500.png\",\"@id\":\"https:\\\/\\\/sacracosmetics.com\\\/ro\\\/politica-de-returnare\\\/#organizationLogo\",\"width\":500,\"height\":500,\"caption\":\"Sacra Cosmetics\"},\"image\":{\"@id\":\"https:\\\/\\\/sacracosmetics.com\\\/ro\\\/politica-de-returnare\\\/#organizationLogo\"},\"sameAs\":[\"https:\\\/\\\/www.facebook.com\\\/people\\\/Sacra\\\/61559924301009\\\/\",\"https:\\\/\\\/www.instagram.com\\\/sacra.cosmetics\\\/\"]},{\"@type\":\"WebPage\",\"@id\":\"https:\\\/\\\/sacracosmetics.com\\\/ro\\\/politica-de-returnare\\\/#webpage\",\"url\":\"https:\\\/\\\/sacracosmetics.com\\\/ro\\\/politica-de-returnare\\\/\",\"name\":\"Return policy - Sacra Cosmetics\",\"description\":\"We want you to be completely satisfied with your purchase. If for any reason you are not, you may return your order within 30 days of receiving the package. To initiate a return, please send an email to info@sacracosmetics.co.uk with your order number and reason for return.Our team will provide you with all the necessary\",\"inLanguage\":\"ro-RO\",\"isPartOf\":{\"@id\":\"https:\\\/\\\/sacracosmetics.com\\\/ro\\\/#website\"},\"breadcrumb\":{\"@id\":\"https:\\\/\\\/sacracosmetics.com\\\/ro\\\/politica-de-returnare\\\/#breadcrumblist\"},\"datePublished\":\"2025-07-18T12:37:34+03:00\",\"dateModified\":\"2025-07-18T12:43:26+03:00\"},{\"@type\":\"WebSite\",\"@id\":\"https:\\\/\\\/sacracosmetics.com\\\/ro\\\/#website\",\"url\":\"https:\\\/\\\/sacracosmetics.com\\\/ro\\\/\",\"name\":\"Sacra Cosmetics\",\"inLanguage\":\"ro-RO\",\"publisher\":{\"@id\":\"https:\\\/\\\/sacracosmetics.com\\\/ro\\\/#organization\"}}]}\n\t\t<\/script>\n\t\t<!-- All in One SEO Pro -->\r\n\t\t<title>Return policy - Sacra Cosmetics<\/title>\n\n","aioseo_head_json":{"title":"Politica de returnare - Sacra Cosmetics","description":"Ne dorim s\u0103 fi\u021bi complet mul\u021bumi\u021bi de achizi\u021bia dvs. Dac\u0103 din orice motiv nu sunte\u021bi, pute\u021bi returna comanda \u00een termen de 30 de zile de la primirea pachetului. Pentru a ini\u021bia o returnare, v\u0103 rug\u0103m s\u0103 trimite\u021bi un e-mail la info@sacracosmetics.co.uk cu num\u0103rul comenzii dvs. \u0219i motivul return\u0103rii.Echipa noastr\u0103 v\u0103 va oferi toate informa\u021biile necesare","canonical_url":"https:\/\/sacracosmetics.com\/ro\/politica-de-returnare\/","robots":"max-image-preview:large","keywords":"","webmasterTools":{"miscellaneous":""},"schema":{"@context":"https:\/\/schema.org","@graph":[{"@type":"BreadcrumbList","@id":"https:\/\/sacracosmetics.com\/ro\/politica-de-returnare\/#breadcrumblist","itemListElement":[{"@type":"ListItem","@id":"https:\/\/sacracosmetics.com\/ro#listItem","position":1,"name":"Home","item":"https:\/\/sacracosmetics.com\/ro","nextItem":{"@type":"ListItem","@id":"https:\/\/sacracosmetics.com\/ro\/politica-de-returnare\/#listItem","name":"Return policy"}},{"@type":"ListItem","@id":"https:\/\/sacracosmetics.com\/ro\/politica-de-returnare\/#listItem","position":2,"name":"Return policy","previousItem":{"@type":"ListItem","@id":"https:\/\/sacracosmetics.com\/ro#listItem","name":"Home"}}]},{"@type":"Organization","@id":"https:\/\/sacracosmetics.com\/ro\/#organization","name":"Sacra Cosmetics","url":"https:\/\/sacracosmetics.com\/ro\/","telephone":"+40770310183","logo":{"@type":"ImageObject","url":"https:\/\/sacracosmetics.com\/wp-content\/uploads\/2025\/06\/logo-500.png","@id":"https:\/\/sacracosmetics.com\/ro\/politica-de-returnare\/#organizationLogo","width":500,"height":500,"caption":"Sacra Cosmetics"},"image":{"@id":"https:\/\/sacracosmetics.com\/ro\/politica-de-returnare\/#organizationLogo"},"sameAs":["https:\/\/www.facebook.com\/people\/Sacra\/61559924301009\/","https:\/\/www.instagram.com\/sacra.cosmetics\/"]},{"@type":"WebPage","@id":"https:\/\/sacracosmetics.com\/ro\/politica-de-returnare\/#webpage","url":"https:\/\/sacracosmetics.com\/ro\/politica-de-returnare\/","name":"Return policy - Sacra Cosmetics","description":"We want you to be completely satisfied with your purchase. If for any reason you are not, you may return your order within 30 days of receiving the package. To initiate a return, please send an email to info@sacracosmetics.co.uk with your order number and reason for return.Our team will provide you with all the necessary","inLanguage":"ro-RO","isPartOf":{"@id":"https:\/\/sacracosmetics.com\/ro\/#website"},"breadcrumb":{"@id":"https:\/\/sacracosmetics.com\/ro\/politica-de-returnare\/#breadcrumblist"},"datePublished":"2025-07-18T12:37:34+03:00","dateModified":"2025-07-18T12:43:26+03:00"},{"@type":"WebSite","@id":"https:\/\/sacracosmetics.com\/ro\/#website","url":"https:\/\/sacracosmetics.com\/ro\/","name":"Sacra Cosmetics","inLanguage":"ro-RO","publisher":{"@id":"https:\/\/sacracosmetics.com\/ro\/#organization"}}]},"og:locale":"ro_RO","og:site_name":"Sacra Cosmetics -","og:type":"article","og:title":"Return policy - Sacra Cosmetics","og:description":"We want you to be completely satisfied with your purchase. If for any reason you are not, you may return your order within 30 days of receiving the package. To initiate a return, please send an email to info@sacracosmetics.co.uk with your order number and reason for return.Our team will provide you with all the necessary","og:url":"https:\/\/sacracosmetics.com\/ro\/politica-de-returnare\/","article:published_time":"2025-07-18T09:37:34+00:00","article:modified_time":"2025-07-18T09:43:26+00:00","article:publisher":"https:\/\/www.facebook.com\/people\/Sacra\/61559924301009\/","twitter:card":"summary_large_image","twitter:title":"Return policy - Sacra Cosmetics","twitter:description":"We want you to be completely satisfied with your purchase. If for any reason you are not, you may return your order within 30 days of receiving the package. To initiate a return, please send an email to info@sacracosmetics.co.uk with your order number and reason for return.Our team will provide you with all the necessary"},"aioseo_meta_data":{"post_id":"3874","title":null,"description":null,"keywords":null,"keyphrases":{"focus":{"keyphrase":"","score":0,"analysis":{"keyphraseInTitle":{"score":0,"maxScore":9,"error":1}}},"additional":[]},"primary_term":null,"canonical_url":null,"og_title":null,"og_description":null,"og_object_type":"default","og_image_type":"default","og_image_url":null,"og_image_width":null,"og_image_height":null,"og_image_custom_url":null,"og_image_custom_fields":null,"og_video":"","og_custom_url":null,"og_article_section":null,"og_article_tags":null,"twitter_use_og":false,"twitter_card":"default","twitter_image_type":"default","twitter_image_url":null,"twitter_image_custom_url":null,"twitter_image_custom_fields":null,"twitter_title":null,"twitter_description":null,"schema":{"blockGraphs":[],"customGraphs":[],"default":{"data":{"Article":[],"Course":[],"Dataset":[],"FAQPage":[],"Movie":[],"Person":[],"Product":[],"ProductReview":[],"Car":[],"Recipe":[],"Service":[],"SoftwareApplication":[],"WebPage":[]},"graphName":"WebPage","isEnabled":true},"graphs":[]},"schema_type":"default","schema_type_options":null,"pillar_content":false,"robots_default":true,"robots_noindex":false,"robots_noarchive":false,"robots_nosnippet":false,"robots_nofollow":false,"robots_noimageindex":false,"robots_noodp":false,"robots_notranslate":false,"robots_max_snippet":"-1","robots_max_videopreview":"-1","robots_max_imagepreview":"large","priority":null,"frequency":"default","local_seo":null,"seo_analyzer_scan_date":"2026-01-13 12:50:52","breadcrumb_settings":null,"limit_modified_date":false,"reviewed_by":null,"open_ai":null,"ai":{"faqs":[],"keyPoints":[],"titles":[],"descriptions":[],"socialPosts":{"email":[],"linkedin":[],"twitter":[],"facebook":[],"instagram":[]}},"created":"2025-07-18 09:37:06","updated":"2026-01-13 12:50:52"},"aioseo_breadcrumb":"<div class=\"aioseo-breadcrumbs\"><span class=\"aioseo-breadcrumb\">\n\t<a href=\"https:\/\/sacracosmetics.com\/ro\" title=\"Home\">Home<\/a>\n<\/span><span class=\"aioseo-breadcrumb-separator\">&raquo;<\/span><span class=\"aioseo-breadcrumb\">\n\tReturn policy\n<\/span><\/div>","aioseo_breadcrumb_json":[{"label":"Home","link":"https:\/\/sacracosmetics.com\/ro"},{"label":"Return policy","link":"https:\/\/sacracosmetics.com\/ro\/politica-de-returnare\/"}],"_links":{"self":[{"href":"https:\/\/sacracosmetics.com\/ro\/wp-json\/wp\/v2\/pages\/3874","targetHints":{"allow":["GET"]}}],"collection":[{"href":"https:\/\/sacracosmetics.com\/ro\/wp-json\/wp\/v2\/pages"}],"about":[{"href":"https:\/\/sacracosmetics.com\/ro\/wp-json\/wp\/v2\/types\/page"}],"author":[{"embeddable":true,"href":"https:\/\/sacracosmetics.com\/ro\/wp-json\/wp\/v2\/users\/1"}],"replies":[{"embeddable":true,"href":"https:\/\/sacracosmetics.com\/ro\/wp-json\/wp\/v2\/comments?post=3874"}],"version-history":[{"count":0,"href":"https:\/\/sacracosmetics.com\/ro\/wp-json\/wp\/v2\/pages\/3874\/revisions"}],"wp:attachment":[{"href":"https:\/\/sacracosmetics.com\/ro\/wp-json\/wp\/v2\/media?parent=3874"}],"curies":[{"name":"wp","href":"https:\/\/api.w.org\/{rel}","templated":true}]}}