{"id":3221,"date":"2025-06-03T14:53:57","date_gmt":"2025-06-03T11:53:57","guid":{"rendered":"https:\/\/sacracosmetics.com\/?post_type=product&#038;p=3221"},"modified":"2026-04-17T15:47:43","modified_gmt":"2026-04-17T12:47:43","slug":"pachetul-power-trio","status":"publish","type":"product","link":"https:\/\/sacracosmetics.com\/ro\/product\/pachetul-power-trio\/","title":{"rendered":"Setul Power Trio"},"content":{"rendered":"","protected":false},"excerpt":{"rendered":"<p data-start=\"305\" data-end=\"677\">O rutin\u0103 complet\u0103 pentru oricine \u00ee\u0219i dore\u0219te o piele mai neted\u0103, mai luminoas\u0103 \u0219i cu aspect s\u0103n\u0103tos. Acest ritual \u00een trei pa\u0219i aduce claritate, hidratare, confort \u0219i str\u0103lucire fiec\u0103rui tip de ten \u2014 indiferent dac\u0103 este t\u00e2n\u0103r sau matur, normal sau sensibil, minimalist \u00een abordare sau orientat spre s\u0103n\u0103tatea pielii. Ingrediente naturale \u0219i active biotehnologice ac\u021bioneaz\u0103 sinergic pentru o piele luminoas\u0103, echilibrat\u0103 \u0219i vizibil mai rafinat\u0103.<\/p>\n<p data-start=\"1497\" data-end=\"1643\"><strong data-start=\"1497\" data-end=\"1532\">Serul clarifiant ULTRA (50 ml):<\/strong><br data-start=\"1532\" data-end=\"1535\" \/>4% acid glicolic, asociat cu extracte botanice calmante, rafineaz\u0103 textura pielii, uniformizeaz\u0103 \u0219i lumineaz\u0103 tonul, contribuind la claritate f\u0103r\u0103 a compromite confortul cutanat.<\/p>\n<p data-start=\"1645\" data-end=\"1818\"><strong data-start=\"1645\" data-end=\"1681\">Crema de zi ELIXIR (50 ml):<\/strong><br data-start=\"1681\" data-end=\"1684\" \/>Crem\u0103 de zi cu textur\u0103 lejer\u0103, formulat\u0103 cu peptide, acid hialuronic \u0219i uleiuri bogate \u00een omega, pentru hidratare sus\u021binut\u0103, \u00eembun\u0103t\u0103\u021birea fermit\u0103\u021bii \u0219i protec\u021bie zilnic\u0103 \u00eempotriva radia\u021biilor UV \u0219i a polu\u0103rii.<\/p>\n<p data-start=\"1820\" data-end=\"1987\"><strong data-start=\"1820\" data-end=\"1851\">Serul de noapte ELIXIR (30 ml):<\/strong><br data-start=\"1851\" data-end=\"1854\" \/>Serum concentrat cu 11 extracte botanice nutritive, care calmeaz\u0103, reface aportul lipidic \u0219i sus\u021bine procesele naturale de regenerare, pentru un ten mai luminos.<\/p>\n<p data-start=\"1989\" data-end=\"2042\">Pa\u0219i esen\u021biali. \u00cengrijire multifunc\u021bional\u0103. Eficacitate concentrat\u0103. Rezultate m\u0103surabile.<\/p>\n<h2 data-start=\"997\" data-end=\"1017\"><\/h2>","protected":false},"featured_media":4209,"comment_status":"open","ping_status":"closed","template":"","meta":{"_acf_changed":false},"product_brand":[],"product_cat":[142,143,141],"product_tag":[],"class_list":{"0":"post-3221","1":"product","2":"type-product","3":"status-publish","4":"has-post-thumbnail","6":"product_cat-elixir","7":"product_cat-the-power-trio","8":"product_cat-ultra","9":"member-discount","10":"discount-restricted","12":"first","13":"instock","14":"shipping-taxable","15":"purchasable","16":"product-type-simple"},"acf":[],"aioseo_notices":[],"aioseo_head":"\n\t\t<!-- All in One SEO Pro 4.9.3 - aioseo.com -->\n\t<meta name=\"description\" content=\"Biotech meets nature. Exfoliation, hydration, barrier repair &amp; SPF protection in one minimalist ritual for sensitive skin.\" \/>\n\t<meta name=\"robots\" content=\"max-image-preview:large\" \/>\n\t<link rel=\"canonical\" href=\"https:\/\/sacracosmetics.com\/ro\/product\/pachetul-power-trio\/\" \/>\n\t<meta name=\"generator\" content=\"All in One SEO Pro (AIOSEO) 4.9.3\" \/>\n\t\t<meta property=\"og:locale\" content=\"ro_RO\" \/>\n\t\t<meta property=\"og:site_name\" content=\"Sacra Cosmetics -\" \/>\n\t\t<meta property=\"og:type\" content=\"article\" \/>\n\t\t<meta property=\"og:title\" content=\"The Power Trio Bundle - Clean Skincare, Powered by Nature\" \/>\n\t\t<meta property=\"og:description\" content=\"Biotech meets nature. Exfoliation, hydration, barrier repair &amp; SPF protection in one minimalist ritual for sensitive skin.\" \/>\n\t\t<meta property=\"og:url\" content=\"https:\/\/sacracosmetics.com\/ro\/product\/pachetul-power-trio\/\" \/>\n\t\t<meta property=\"article:published_time\" content=\"2025-06-03T11:53:57+00:00\" \/>\n\t\t<meta property=\"article:modified_time\" content=\"2026-04-17T12:47:43+00:00\" \/>\n\t\t<meta property=\"article:publisher\" content=\"https:\/\/www.facebook.com\/people\/Sacra\/61559924301009\/\" \/>\n\t\t<meta name=\"twitter:card\" content=\"summary_large_image\" \/>\n\t\t<meta name=\"twitter:title\" content=\"The Power Trio Bundle - Clean Skincare, Powered by Nature\" \/>\n\t\t<meta name=\"twitter:description\" content=\"Biotech meets nature. Exfoliation, hydration, barrier repair &amp; SPF protection in one minimalist ritual for sensitive skin.\" \/>\n\t\t<script type=\"application\/ld+json\" class=\"aioseo-schema\">\n\t\t\t{\"@context\":\"https:\\\/\\\/schema.org\",\"@graph\":[{\"@type\":\"BreadcrumbList\",\"@id\":\"https:\\\/\\\/sacracosmetics.com\\\/ro\\\/product\\\/pachetul-power-trio\\\/#breadcrumblist\",\"itemListElement\":[{\"@type\":\"ListItem\",\"@id\":\"https:\\\/\\\/sacracosmetics.com\\\/ro#listItem\",\"position\":1,\"name\":\"Home\",\"item\":\"https:\\\/\\\/sacracosmetics.com\\\/ro\",\"nextItem\":{\"@type\":\"ListItem\",\"@id\":\"https:\\\/\\\/sacracosmetics.com\\\/ro\\\/nou-in\\\/#listItem\",\"name\":\"New In\"}},{\"@type\":\"ListItem\",\"@id\":\"https:\\\/\\\/sacracosmetics.com\\\/ro\\\/nou-in\\\/#listItem\",\"position\":2,\"name\":\"New In\",\"item\":\"https:\\\/\\\/sacracosmetics.com\\\/ro\\\/nou-in\\\/\",\"nextItem\":{\"@type\":\"ListItem\",\"@id\":\"https:\\\/\\\/sacracosmetics.com\\\/ro\\\/product-category\\\/toate\\\/#listItem\",\"name\":\"All\"},\"previousItem\":{\"@type\":\"ListItem\",\"@id\":\"https:\\\/\\\/sacracosmetics.com\\\/ro#listItem\",\"name\":\"Home\"}},{\"@type\":\"ListItem\",\"@id\":\"https:\\\/\\\/sacracosmetics.com\\\/ro\\\/product-category\\\/toate\\\/#listItem\",\"position\":3,\"name\":\"All\",\"item\":\"https:\\\/\\\/sacracosmetics.com\\\/ro\\\/product-category\\\/toate\\\/\",\"nextItem\":{\"@type\":\"ListItem\",\"@id\":\"https:\\\/\\\/sacracosmetics.com\\\/ro\\\/product-category\\\/toate\\\/ultra\\\/#listItem\",\"name\":\"ULTRA\"},\"previousItem\":{\"@type\":\"ListItem\",\"@id\":\"https:\\\/\\\/sacracosmetics.com\\\/ro\\\/nou-in\\\/#listItem\",\"name\":\"New In\"}},{\"@type\":\"ListItem\",\"@id\":\"https:\\\/\\\/sacracosmetics.com\\\/ro\\\/product-category\\\/toate\\\/ultra\\\/#listItem\",\"position\":4,\"name\":\"ULTRA\",\"item\":\"https:\\\/\\\/sacracosmetics.com\\\/ro\\\/product-category\\\/toate\\\/ultra\\\/\",\"nextItem\":{\"@type\":\"ListItem\",\"@id\":\"https:\\\/\\\/sacracosmetics.com\\\/ro\\\/product\\\/pachetul-power-trio\\\/#listItem\",\"name\":\"The Power Trio Bundle\"},\"previousItem\":{\"@type\":\"ListItem\",\"@id\":\"https:\\\/\\\/sacracosmetics.com\\\/ro\\\/product-category\\\/toate\\\/#listItem\",\"name\":\"All\"}},{\"@type\":\"ListItem\",\"@id\":\"https:\\\/\\\/sacracosmetics.com\\\/ro\\\/product\\\/pachetul-power-trio\\\/#listItem\",\"position\":5,\"name\":\"The Power Trio Bundle\",\"previousItem\":{\"@type\":\"ListItem\",\"@id\":\"https:\\\/\\\/sacracosmetics.com\\\/ro\\\/product-category\\\/toate\\\/ultra\\\/#listItem\",\"name\":\"ULTRA\"}}]},{\"@type\":\"Organization\",\"@id\":\"https:\\\/\\\/sacracosmetics.com\\\/ro\\\/#organization\",\"name\":\"Sacra Cosmetics\",\"url\":\"https:\\\/\\\/sacracosmetics.com\\\/ro\\\/\",\"telephone\":\"+40770310183\",\"logo\":{\"@type\":\"ImageObject\",\"url\":\"https:\\\/\\\/sacracosmetics.com\\\/wp-content\\\/uploads\\\/2025\\\/06\\\/logo-500.png\",\"@id\":\"https:\\\/\\\/sacracosmetics.com\\\/ro\\\/product\\\/pachetul-power-trio\\\/#organizationLogo\",\"width\":500,\"height\":500,\"caption\":\"Sacra Cosmetics\"},\"image\":{\"@id\":\"https:\\\/\\\/sacracosmetics.com\\\/ro\\\/product\\\/pachetul-power-trio\\\/#organizationLogo\"},\"sameAs\":[\"https:\\\/\\\/www.facebook.com\\\/people\\\/Sacra\\\/61559924301009\\\/\",\"https:\\\/\\\/www.instagram.com\\\/sacra.cosmetics\\\/\"]},{\"@type\":\"Product\",\"@id\":\"https:\\\/\\\/sacracosmetics.com\\\/ro\\\/product\\\/pachetul-power-trio\\\/#wooCommerceProduct\",\"name\":\"The Power Trio Bundle\",\"description\":\"A complete routine for anyone who wants smoother, brighter, healthier-looking skin. This three-step ritual brings clarity, hydration, comfort, and glow to every complexion \\u2014 whether your skin is young or mature, normal or sensitive, minimalist or health-focused. Clean botanicals and biotech actives work together to reveal skin that looks luminous, balanced, and beautifully refined.\\r\\nULTRA Clarifying Serum (50 ml):4% Glycolic Acid and soothing botanicals smooth, brighten, and clear the skin without dryness or irritation.\\r\\nELIXIR Day Cream (50 ml):A feather-light moisturiser with peptides, Hyaluronic Acid, and omega-rich oils to hydrate, firm, and shield against UV and pollution.\\r\\nELIXIR Night Serum (30 ml):A concentrated blend of 11 nutrient-rich botanicals that calm, replenish, and restore the skin overnight for a luminous morning glow.\\r\\nMinimal steps. Multifunctional care. Potent performance. Real results.\",\"url\":\"https:\\\/\\\/sacracosmetics.com\\\/ro\\\/product\\\/pachetul-power-trio\\\/\",\"sku\":\"the-power-trio-bundle\",\"image\":{\"@type\":\"ImageObject\",\"url\":\"https:\\\/\\\/sacracosmetics.com\\\/wp-content\\\/uploads\\\/2025\\\/06\\\/ChatGPT-Image-Dec-19-2025-at-12_18_13-PM.png\",\"@id\":\"https:\\\/\\\/sacracosmetics.com\\\/ro\\\/product\\\/pachetul-power-trio\\\/#productImage\",\"width\":1536,\"height\":1024},\"offers\":{\"@type\":\"Offer\",\"url\":\"https:\\\/\\\/sacracosmetics.com\\\/ro\\\/product\\\/pachetul-power-trio\\\/#wooCommerceOffer\",\"price\":160,\"priceCurrency\":\"EUR\",\"category\":\"ELIXIR\",\"availability\":\"https:\\\/\\\/schema.org\\\/InStock\",\"priceSpecification\":{\"@type\":\"PriceSpecification\",\"price\":160,\"priceCurrency\":\"EUR\",\"valueAddedTaxIncluded\":\"true\"},\"seller\":{\"@type\":\"Organization\",\"@id\":\"https:\\\/\\\/sacracosmetics.com\\\/ro\\\/#organization\"}},\"aggregateRating\":{\"@type\":\"AggregateRating\",\"@id\":\"https:\\\/\\\/sacracosmetics.com\\\/ro\\\/product\\\/pachetul-power-trio\\\/#aggregrateRating\",\"worstRating\":1,\"bestRating\":5,\"ratingValue\":5,\"reviewCount\":1},\"review\":[{\"@type\":\"Review\",\"reviewRating\":{\"@type\":\"Rating\",\"ratingValue\":5,\"worstRating\":1,\"bestRating\":5},\"author\":{\"@type\":\"Person\",\"name\":\"Sacra Life\"},\"datePublished\":\"2025-10-08T10:07:04+03:00\",\"reviewBody\":\"Este un must have:) Ma bucur ca il am\"}]},{\"@type\":\"WebPage\",\"@id\":\"https:\\\/\\\/sacracosmetics.com\\\/ro\\\/product\\\/pachetul-power-trio\\\/#webpage\",\"url\":\"https:\\\/\\\/sacracosmetics.com\\\/ro\\\/product\\\/pachetul-power-trio\\\/\",\"name\":\"The Power Trio Bundle - Clean Skincare, Powered by Nature\",\"description\":\"Biotech meets nature. Exfoliation, hydration, barrier repair & SPF protection in one minimalist ritual for sensitive skin.\",\"inLanguage\":\"ro-RO\",\"isPartOf\":{\"@id\":\"https:\\\/\\\/sacracosmetics.com\\\/ro\\\/#website\"},\"breadcrumb\":{\"@id\":\"https:\\\/\\\/sacracosmetics.com\\\/ro\\\/product\\\/pachetul-power-trio\\\/#breadcrumblist\"},\"image\":{\"@type\":\"ImageObject\",\"url\":\"https:\\\/\\\/sacracosmetics.com\\\/wp-content\\\/uploads\\\/2025\\\/06\\\/ChatGPT-Image-Dec-19-2025-at-12_18_13-PM.png\",\"@id\":\"https:\\\/\\\/sacracosmetics.com\\\/ro\\\/product\\\/pachetul-power-trio\\\/#mainImage\",\"width\":1536,\"height\":1024},\"primaryImageOfPage\":{\"@id\":\"https:\\\/\\\/sacracosmetics.com\\\/ro\\\/product\\\/pachetul-power-trio\\\/#mainImage\"},\"datePublished\":\"2025-06-03T14:53:57+03:00\",\"dateModified\":\"2026-04-17T15:47:43+03:00\"},{\"@type\":\"WebSite\",\"@id\":\"https:\\\/\\\/sacracosmetics.com\\\/ro\\\/#website\",\"url\":\"https:\\\/\\\/sacracosmetics.com\\\/ro\\\/\",\"name\":\"Sacra Cosmetics\",\"inLanguage\":\"ro-RO\",\"publisher\":{\"@id\":\"https:\\\/\\\/sacracosmetics.com\\\/ro\\\/#organization\"}}]}\n\t\t<\/script>\n\t\t<!-- All in One SEO Pro -->\r\n\t\t<title>The Power Trio Bundle - Clean Skincare, Powered by Nature<\/title>\n\n","aioseo_head_json":{"title":"Pachetul Power Trio - \u00cengrijire curat\u0103 a pielii, sus\u021binut\u0103 de natur\u0103","description":"Biotehnologia \u00eent\u00e2lne\u0219te natura. Exfoliere, hidratare, repararea barierei \u0219i protec\u021bie SPF \u00eentr-un singur ritual minimalist pentru pielea sensibil\u0103.","canonical_url":"https:\/\/sacracosmetics.com\/ro\/product\/pachetul-power-trio\/","robots":"max-image-preview:large","keywords":"","webmasterTools":{"miscellaneous":""},"schema":{"@context":"https:\/\/schema.org","@graph":[{"@type":"BreadcrumbList","@id":"https:\/\/sacracosmetics.com\/ro\/product\/pachetul-power-trio\/#breadcrumblist","itemListElement":[{"@type":"ListItem","@id":"https:\/\/sacracosmetics.com\/ro#listItem","position":1,"name":"Home","item":"https:\/\/sacracosmetics.com\/ro","nextItem":{"@type":"ListItem","@id":"https:\/\/sacracosmetics.com\/ro\/nou-in\/#listItem","name":"New In"}},{"@type":"ListItem","@id":"https:\/\/sacracosmetics.com\/ro\/nou-in\/#listItem","position":2,"name":"New In","item":"https:\/\/sacracosmetics.com\/ro\/nou-in\/","nextItem":{"@type":"ListItem","@id":"https:\/\/sacracosmetics.com\/ro\/product-category\/toate\/#listItem","name":"All"},"previousItem":{"@type":"ListItem","@id":"https:\/\/sacracosmetics.com\/ro#listItem","name":"Home"}},{"@type":"ListItem","@id":"https:\/\/sacracosmetics.com\/ro\/product-category\/toate\/#listItem","position":3,"name":"All","item":"https:\/\/sacracosmetics.com\/ro\/product-category\/toate\/","nextItem":{"@type":"ListItem","@id":"https:\/\/sacracosmetics.com\/ro\/product-category\/toate\/ultra\/#listItem","name":"ULTRA"},"previousItem":{"@type":"ListItem","@id":"https:\/\/sacracosmetics.com\/ro\/nou-in\/#listItem","name":"New In"}},{"@type":"ListItem","@id":"https:\/\/sacracosmetics.com\/ro\/product-category\/toate\/ultra\/#listItem","position":4,"name":"ULTRA","item":"https:\/\/sacracosmetics.com\/ro\/product-category\/toate\/ultra\/","nextItem":{"@type":"ListItem","@id":"https:\/\/sacracosmetics.com\/ro\/product\/pachetul-power-trio\/#listItem","name":"The Power Trio Bundle"},"previousItem":{"@type":"ListItem","@id":"https:\/\/sacracosmetics.com\/ro\/product-category\/toate\/#listItem","name":"All"}},{"@type":"ListItem","@id":"https:\/\/sacracosmetics.com\/ro\/product\/pachetul-power-trio\/#listItem","position":5,"name":"The Power Trio Bundle","previousItem":{"@type":"ListItem","@id":"https:\/\/sacracosmetics.com\/ro\/product-category\/toate\/ultra\/#listItem","name":"ULTRA"}}]},{"@type":"Organization","@id":"https:\/\/sacracosmetics.com\/ro\/#organization","name":"Sacra Cosmetics","url":"https:\/\/sacracosmetics.com\/ro\/","telephone":"+40770310183","logo":{"@type":"ImageObject","url":"https:\/\/sacracosmetics.com\/wp-content\/uploads\/2025\/06\/logo-500.png","@id":"https:\/\/sacracosmetics.com\/ro\/product\/pachetul-power-trio\/#organizationLogo","width":500,"height":500,"caption":"Sacra Cosmetics"},"image":{"@id":"https:\/\/sacracosmetics.com\/ro\/product\/pachetul-power-trio\/#organizationLogo"},"sameAs":["https:\/\/www.facebook.com\/people\/Sacra\/61559924301009\/","https:\/\/www.instagram.com\/sacra.cosmetics\/"]},{"@type":"Product","@id":"https:\/\/sacracosmetics.com\/ro\/product\/pachetul-power-trio\/#wooCommerceProduct","name":"The Power Trio Bundle","description":"A complete routine for anyone who wants smoother, brighter, healthier-looking skin. This three-step ritual brings clarity, hydration, comfort, and glow to every complexion \u2014 whether your skin is young or mature, normal or sensitive, minimalist or health-focused. Clean botanicals and biotech actives work together to reveal skin that looks luminous, balanced, and beautifully refined.\r\nULTRA Clarifying Serum (50 ml):4% Glycolic Acid and soothing botanicals smooth, brighten, and clear the skin without dryness or irritation.\r\nELIXIR Day Cream (50 ml):A feather-light moisturiser with peptides, Hyaluronic Acid, and omega-rich oils to hydrate, firm, and shield against UV and pollution.\r\nELIXIR Night Serum (30 ml):A concentrated blend of 11 nutrient-rich botanicals that calm, replenish, and restore the skin overnight for a luminous morning glow.\r\nMinimal steps. Multifunctional care. Potent performance. Real results.","url":"https:\/\/sacracosmetics.com\/ro\/product\/pachetul-power-trio\/","sku":"the-power-trio-bundle","image":{"@type":"ImageObject","url":"https:\/\/sacracosmetics.com\/wp-content\/uploads\/2025\/06\/ChatGPT-Image-Dec-19-2025-at-12_18_13-PM.png","@id":"https:\/\/sacracosmetics.com\/ro\/product\/pachetul-power-trio\/#productImage","width":1536,"height":1024},"offers":{"@type":"Offer","url":"https:\/\/sacracosmetics.com\/ro\/product\/pachetul-power-trio\/#wooCommerceOffer","price":160,"priceCurrency":"EUR","category":"ELIXIR","availability":"https:\/\/schema.org\/InStock","priceSpecification":{"@type":"PriceSpecification","price":160,"priceCurrency":"EUR","valueAddedTaxIncluded":"true"},"seller":{"@type":"Organization","@id":"https:\/\/sacracosmetics.com\/ro\/#organization"}},"aggregateRating":{"@type":"AggregateRating","@id":"https:\/\/sacracosmetics.com\/ro\/product\/pachetul-power-trio\/#aggregrateRating","worstRating":1,"bestRating":5,"ratingValue":5,"reviewCount":1},"review":[{"@type":"Review","reviewRating":{"@type":"Rating","ratingValue":5,"worstRating":1,"bestRating":5},"author":{"@type":"Person","name":"Sacra Life"},"datePublished":"2025-10-08T10:07:04+03:00","reviewBody":"Este un must have:) Ma bucur ca il am"}]},{"@type":"WebPage","@id":"https:\/\/sacracosmetics.com\/ro\/product\/pachetul-power-trio\/#webpage","url":"https:\/\/sacracosmetics.com\/ro\/product\/pachetul-power-trio\/","name":"The Power Trio Bundle - Clean Skincare, Powered by Nature","description":"Biotech meets nature. Exfoliation, hydration, barrier repair & SPF protection in one minimalist ritual for sensitive skin.","inLanguage":"ro-RO","isPartOf":{"@id":"https:\/\/sacracosmetics.com\/ro\/#website"},"breadcrumb":{"@id":"https:\/\/sacracosmetics.com\/ro\/product\/pachetul-power-trio\/#breadcrumblist"},"image":{"@type":"ImageObject","url":"https:\/\/sacracosmetics.com\/wp-content\/uploads\/2025\/06\/ChatGPT-Image-Dec-19-2025-at-12_18_13-PM.png","@id":"https:\/\/sacracosmetics.com\/ro\/product\/pachetul-power-trio\/#mainImage","width":1536,"height":1024},"primaryImageOfPage":{"@id":"https:\/\/sacracosmetics.com\/ro\/product\/pachetul-power-trio\/#mainImage"},"datePublished":"2025-06-03T14:53:57+03:00","dateModified":"2026-04-17T15:47:43+03:00"},{"@type":"WebSite","@id":"https:\/\/sacracosmetics.com\/ro\/#website","url":"https:\/\/sacracosmetics.com\/ro\/","name":"Sacra Cosmetics","inLanguage":"ro-RO","publisher":{"@id":"https:\/\/sacracosmetics.com\/ro\/#organization"}}]},"og:locale":"ro_RO","og:site_name":"Sacra Cosmetics -","og:type":"article","og:title":"The Power Trio Bundle - Clean Skincare, Powered by Nature","og:description":"Biotech meets nature. Exfoliation, hydration, barrier repair &amp; SPF protection in one minimalist ritual for sensitive skin.","og:url":"https:\/\/sacracosmetics.com\/ro\/product\/pachetul-power-trio\/","article:published_time":"2025-06-03T11:53:57+00:00","article:modified_time":"2026-04-17T12:47:43+00:00","article:publisher":"https:\/\/www.facebook.com\/people\/Sacra\/61559924301009\/","twitter:card":"summary_large_image","twitter:title":"The Power Trio Bundle - Clean Skincare, Powered by Nature","twitter:description":"Biotech meets nature. Exfoliation, hydration, barrier repair &amp; SPF protection in one minimalist ritual for sensitive skin."},"aioseo_meta_data":{"post_id":"3221","title":"#post_title #separator_sa Clean Skincare, Powered by Nature","description":"Biotech meets nature. Exfoliation, hydration, barrier repair &amp; SPF protection in one minimalist ritual for sensitive skin.","keywords":null,"keyphrases":{"focus":{"keyphrase":"","score":0,"analysis":{"keyphraseInTitle":{"score":0,"maxScore":9,"error":1}}},"additional":[]},"primary_term":null,"canonical_url":null,"og_title":null,"og_description":null,"og_object_type":"default","og_image_type":"default","og_image_url":null,"og_image_width":null,"og_image_height":null,"og_image_custom_url":null,"og_image_custom_fields":null,"og_video":"","og_custom_url":null,"og_article_section":null,"og_article_tags":null,"twitter_use_og":false,"twitter_card":"default","twitter_image_type":"default","twitter_image_url":null,"twitter_image_custom_url":null,"twitter_image_custom_fields":null,"twitter_title":null,"twitter_description":null,"schema":{"blockGraphs":[],"customGraphs":[],"default":{"data":{"Article":[],"Course":[],"Dataset":[],"FAQPage":[],"Movie":[],"Person":[],"Product":[],"ProductReview":[],"Car":[],"Recipe":[],"Service":[],"SoftwareApplication":[],"WebPage":[]},"graphName":"Product","isEnabled":true},"graphs":[]},"schema_type":"default","schema_type_options":null,"pillar_content":false,"robots_default":true,"robots_noindex":false,"robots_noarchive":false,"robots_nosnippet":false,"robots_nofollow":false,"robots_noimageindex":false,"robots_noodp":false,"robots_notranslate":false,"robots_max_snippet":"-1","robots_max_videopreview":"-1","robots_max_imagepreview":"large","priority":null,"frequency":"default","local_seo":null,"seo_analyzer_scan_date":"2026-02-20 06:46:33","breadcrumb_settings":null,"limit_modified_date":false,"reviewed_by":null,"open_ai":null,"ai":{"faqs":[],"keyPoints":[],"titles":[],"descriptions":[],"socialPosts":{"email":[],"linkedin":[],"twitter":[],"facebook":[],"instagram":[]}},"created":"2025-06-27 11:12:15","updated":"2026-04-17 13:04:33"},"aioseo_breadcrumb":"<div class=\"aioseo-breadcrumbs\"><span class=\"aioseo-breadcrumb\">\n\t<a href=\"https:\/\/sacracosmetics.com\/ro\" title=\"Home\">Home<\/a>\n<\/span><span class=\"aioseo-breadcrumb-separator\">&raquo;<\/span><span class=\"aioseo-breadcrumb\">\n\t<a href=\"https:\/\/sacracosmetics.com\/ro\/nou-in\/\" title=\"New In\">New In<\/a>\n<\/span><span class=\"aioseo-breadcrumb-separator\">&raquo;<\/span><span class=\"aioseo-breadcrumb\">\n\t<a href=\"https:\/\/sacracosmetics.com\/ro\/product-category\/toate\/\" title=\"All\">All<\/a>\n<\/span><span class=\"aioseo-breadcrumb-separator\">&raquo;<\/span><span class=\"aioseo-breadcrumb\">\n\t<a href=\"https:\/\/sacracosmetics.com\/ro\/product-category\/toate\/ultra\/\" title=\"ULTRA\">ULTRA<\/a>\n<\/span><span class=\"aioseo-breadcrumb-separator\">&raquo;<\/span><span class=\"aioseo-breadcrumb\">\n\tThe Power Trio Bundle\n<\/span><\/div>","aioseo_breadcrumb_json":[{"label":"Home","link":"https:\/\/sacracosmetics.com\/ro"},{"label":"New In","link":"https:\/\/sacracosmetics.com\/ro\/nou-in\/"},{"label":"All","link":"https:\/\/sacracosmetics.com\/ro\/product-category\/toate\/"},{"label":"ULTRA","link":"https:\/\/sacracosmetics.com\/ro\/product-category\/toate\/ultra\/"},{"label":"The Power Trio Bundle","link":"https:\/\/sacracosmetics.com\/ro\/product\/pachetul-power-trio\/"}],"_links":{"self":[{"href":"https:\/\/sacracosmetics.com\/ro\/wp-json\/wp\/v2\/product\/3221","targetHints":{"allow":["GET"]}}],"collection":[{"href":"https:\/\/sacracosmetics.com\/ro\/wp-json\/wp\/v2\/product"}],"about":[{"href":"https:\/\/sacracosmetics.com\/ro\/wp-json\/wp\/v2\/types\/product"}],"replies":[{"embeddable":true,"href":"https:\/\/sacracosmetics.com\/ro\/wp-json\/wp\/v2\/comments?post=3221"}],"wp:featuredmedia":[{"embeddable":true,"href":"https:\/\/sacracosmetics.com\/ro\/wp-json\/wp\/v2\/media\/4209"}],"wp:attachment":[{"href":"https:\/\/sacracosmetics.com\/ro\/wp-json\/wp\/v2\/media?parent=3221"}],"wp:term":[{"taxonomy":"product_brand","embeddable":true,"href":"https:\/\/sacracosmetics.com\/ro\/wp-json\/wp\/v2\/product_brand?post=3221"},{"taxonomy":"product_cat","embeddable":true,"href":"https:\/\/sacracosmetics.com\/ro\/wp-json\/wp\/v2\/product_cat?post=3221"},{"taxonomy":"product_tag","embeddable":true,"href":"https:\/\/sacracosmetics.com\/ro\/wp-json\/wp\/v2\/product_tag?post=3221"}],"curies":[{"name":"wp","href":"https:\/\/api.w.org\/{rel}","templated":true}]}}