{"id":4221,"date":"2025-12-22T16:37:41","date_gmt":"2025-12-22T14:37:41","guid":{"rendered":"https:\/\/sacracosmetics.com\/?post_type=product&#038;p=4221"},"modified":"2026-03-28T15:06:36","modified_gmt":"2026-03-28T13:06:36","slug":"elixir-crema-de-noapte-bio-regeneranta-ultra-bogata","status":"publish","type":"product","link":"https:\/\/sacracosmetics.com\/ro\/product\/elixir-crema-de-noapte-bio-regeneranta-ultra-bogata\/","title":{"rendered":"Elixir Ultra Rich Bio Regenerating Night Cream"},"content":{"rendered":"","protected":false},"excerpt":{"rendered":"<p data-start=\"75\" data-end=\"122\"><strong data-start=\"75\" data-end=\"122\">REGENEREAZ\u0102 - HR\u0102NE\u0218TE - SUS\u021aINE FERMITATEA<\/strong><\/p>\n<p data-start=\"124\" data-end=\"337\">Crem\u0103 de noapte bogat\u0103 \u00een lipide \u0219i peptide, formulat\u0103 pentru a ac\u021biona \u00een sincron cu ciclul natural nocturn de reparare al pielii. Conceput\u0103 pentru a oferi hidratare sus\u021binut\u0103, a consolida integritatea barierei \u0219i a sprijini fermitatea vizibil\u0103.<\/p>\n<h3 data-start=\"501\" data-end=\"520\">De ce performeaz\u0103<\/h3>\n<ul data-start=\"522\" data-end=\"937\">\n<li data-start=\"522\" data-end=\"632\">\n<p data-start=\"524\" data-end=\"632\"><strong data-start=\"524\" data-end=\"547\">Peptide biomimetice<\/strong> sus\u021bin c\u0103ile asociate colagenului, implicate \u00een fermitate \u0219i rezilien\u021b\u0103 structural\u0103.<\/p>\n<\/li>\n<li data-start=\"633\" data-end=\"737\">\n<p data-start=\"635\" data-end=\"737\"><strong data-start=\"635\" data-end=\"682\">Colagen hidrolizat \u0219i hidratan\u021bi multi-nivel<\/strong> contribuie la \u00eembun\u0103t\u0103\u021birea reten\u021biei apei \u0219i a suple\u021bei pielii.<\/p>\n<\/li>\n<li data-start=\"738\" data-end=\"845\">\n<p data-start=\"740\" data-end=\"845\"><strong data-start=\"740\" data-end=\"769\">Uleiuri botanice bogate \u00een Omega<\/strong> refac lipidele esen\u021biale \u0219i reduc pierderea transepidermic\u0103 de ap\u0103 pe timpul nop\u021bii.<\/p>\n<\/li>\n<li data-start=\"846\" data-end=\"937\">\n<p data-start=\"848\" data-end=\"937\"><strong data-start=\"848\" data-end=\"871\">Suport antioxidant<\/strong> ajut\u0103 la neutralizarea stresului oxidativ acumulat \u00een timpul zilei.<\/p>\n<\/li>\n<\/ul>\n<p data-start=\"939\" data-end=\"1008\">Diminea\u021ba, pielea apare mai neted\u0103, mai odihnit\u0103 \u0219i vizibil sus\u021binut\u0103.<\/p>","protected":false},"featured_media":4505,"comment_status":"open","ping_status":"closed","template":"","meta":{"_acf_changed":false},"product_brand":[],"product_cat":[142,143],"product_tag":[],"class_list":{"0":"post-4221","1":"product","2":"type-product","3":"status-publish","4":"has-post-thumbnail","6":"product_cat-elixir","7":"product_cat-the-power-trio","8":"member-discount","9":"discount-restricted","11":"first","12":"instock","13":"shipping-taxable","14":"purchasable","15":"product-type-simple"},"acf":[],"aioseo_notices":[],"aioseo_head":"\n\t\t<!-- All in One SEO Pro 4.9.3 - aioseo.com -->\n\t<meta name=\"description\" content=\"A lightweight 2-in-1 moisturiser and SPF 30 shield with peptides, hyaluronic acid, and botanical oils to hydrate, firm, and protect sensitive skin.\" \/>\n\t<meta name=\"robots\" content=\"max-image-preview:large\" \/>\n\t<link rel=\"canonical\" href=\"https:\/\/sacracosmetics.com\/ro\/product\/elixir-crema-de-noapte-bio-regeneranta-ultra-bogata\/\" \/>\n\t<meta name=\"generator\" content=\"All in One SEO Pro (AIOSEO) 4.9.3\" \/>\n\t\t<meta property=\"og:locale\" content=\"ro_RO\" \/>\n\t\t<meta property=\"og:site_name\" content=\"Sacra Cosmetics -\" \/>\n\t\t<meta property=\"og:type\" content=\"article\" \/>\n\t\t<meta property=\"og:title\" content=\"Elixir Ultra Rich Bio Regenerating Night Cream - Sacra Cosmetics\" \/>\n\t\t<meta property=\"og:description\" content=\"A lightweight 2-in-1 moisturiser and SPF 30 shield with peptides, hyaluronic acid, and botanical oils to hydrate, firm, and protect sensitive skin.\" \/>\n\t\t<meta property=\"og:url\" content=\"https:\/\/sacracosmetics.com\/ro\/product\/elixir-crema-de-noapte-bio-regeneranta-ultra-bogata\/\" \/>\n\t\t<meta property=\"article:published_time\" content=\"2025-12-22T14:37:41+00:00\" \/>\n\t\t<meta property=\"article:modified_time\" content=\"2026-03-28T13:06:36+00:00\" \/>\n\t\t<meta property=\"article:publisher\" content=\"https:\/\/www.facebook.com\/people\/Sacra\/61559924301009\/\" \/>\n\t\t<meta name=\"twitter:card\" content=\"summary_large_image\" \/>\n\t\t<meta name=\"twitter:title\" content=\"Elixir Ultra Rich Bio Regenerating Night Cream - Sacra Cosmetics\" \/>\n\t\t<meta name=\"twitter:description\" content=\"A lightweight 2-in-1 moisturiser and SPF 30 shield with peptides, hyaluronic acid, and botanical oils to hydrate, firm, and protect sensitive skin.\" \/>\n\t\t<script type=\"application\/ld+json\" class=\"aioseo-schema\">\n\t\t\t{\"@context\":\"https:\\\/\\\/schema.org\",\"@graph\":[{\"@type\":\"BreadcrumbList\",\"@id\":\"https:\\\/\\\/sacracosmetics.com\\\/ro\\\/product\\\/elixir-crema-de-noapte-bio-regeneranta-ultra-bogata\\\/#breadcrumblist\",\"itemListElement\":[{\"@type\":\"ListItem\",\"@id\":\"https:\\\/\\\/sacracosmetics.com\\\/ro#listItem\",\"position\":1,\"name\":\"Home\",\"item\":\"https:\\\/\\\/sacracosmetics.com\\\/ro\",\"nextItem\":{\"@type\":\"ListItem\",\"@id\":\"https:\\\/\\\/sacracosmetics.com\\\/ro\\\/nou-in\\\/#listItem\",\"name\":\"New In\"}},{\"@type\":\"ListItem\",\"@id\":\"https:\\\/\\\/sacracosmetics.com\\\/ro\\\/nou-in\\\/#listItem\",\"position\":2,\"name\":\"New In\",\"item\":\"https:\\\/\\\/sacracosmetics.com\\\/ro\\\/nou-in\\\/\",\"nextItem\":{\"@type\":\"ListItem\",\"@id\":\"https:\\\/\\\/sacracosmetics.com\\\/ro\\\/product-category\\\/toate\\\/#listItem\",\"name\":\"All\"},\"previousItem\":{\"@type\":\"ListItem\",\"@id\":\"https:\\\/\\\/sacracosmetics.com\\\/ro#listItem\",\"name\":\"Home\"}},{\"@type\":\"ListItem\",\"@id\":\"https:\\\/\\\/sacracosmetics.com\\\/ro\\\/product-category\\\/toate\\\/#listItem\",\"position\":3,\"name\":\"All\",\"item\":\"https:\\\/\\\/sacracosmetics.com\\\/ro\\\/product-category\\\/toate\\\/\",\"nextItem\":{\"@type\":\"ListItem\",\"@id\":\"https:\\\/\\\/sacracosmetics.com\\\/ro\\\/product-category\\\/toate\\\/elixir\\\/#listItem\",\"name\":\"ELIXIR\"},\"previousItem\":{\"@type\":\"ListItem\",\"@id\":\"https:\\\/\\\/sacracosmetics.com\\\/ro\\\/nou-in\\\/#listItem\",\"name\":\"New In\"}},{\"@type\":\"ListItem\",\"@id\":\"https:\\\/\\\/sacracosmetics.com\\\/ro\\\/product-category\\\/toate\\\/elixir\\\/#listItem\",\"position\":4,\"name\":\"ELIXIR\",\"item\":\"https:\\\/\\\/sacracosmetics.com\\\/ro\\\/product-category\\\/toate\\\/elixir\\\/\",\"nextItem\":{\"@type\":\"ListItem\",\"@id\":\"https:\\\/\\\/sacracosmetics.com\\\/ro\\\/product\\\/elixir-crema-de-noapte-bio-regeneranta-ultra-bogata\\\/#listItem\",\"name\":\"Elixir Ultra Rich Bio Regenerating Night Cream\"},\"previousItem\":{\"@type\":\"ListItem\",\"@id\":\"https:\\\/\\\/sacracosmetics.com\\\/ro\\\/product-category\\\/toate\\\/#listItem\",\"name\":\"All\"}},{\"@type\":\"ListItem\",\"@id\":\"https:\\\/\\\/sacracosmetics.com\\\/ro\\\/product\\\/elixir-crema-de-noapte-bio-regeneranta-ultra-bogata\\\/#listItem\",\"position\":5,\"name\":\"Elixir Ultra Rich Bio Regenerating Night Cream\",\"previousItem\":{\"@type\":\"ListItem\",\"@id\":\"https:\\\/\\\/sacracosmetics.com\\\/ro\\\/product-category\\\/toate\\\/elixir\\\/#listItem\",\"name\":\"ELIXIR\"}}]},{\"@type\":\"Organization\",\"@id\":\"https:\\\/\\\/sacracosmetics.com\\\/ro\\\/#organization\",\"name\":\"Sacra Cosmetics\",\"url\":\"https:\\\/\\\/sacracosmetics.com\\\/ro\\\/\",\"telephone\":\"+40770310183\",\"logo\":{\"@type\":\"ImageObject\",\"url\":\"https:\\\/\\\/sacracosmetics.com\\\/wp-content\\\/uploads\\\/2025\\\/06\\\/logo-500.png\",\"@id\":\"https:\\\/\\\/sacracosmetics.com\\\/ro\\\/product\\\/elixir-crema-de-noapte-bio-regeneranta-ultra-bogata\\\/#organizationLogo\",\"width\":500,\"height\":500,\"caption\":\"Sacra Cosmetics\"},\"image\":{\"@id\":\"https:\\\/\\\/sacracosmetics.com\\\/ro\\\/product\\\/elixir-crema-de-noapte-bio-regeneranta-ultra-bogata\\\/#organizationLogo\"},\"sameAs\":[\"https:\\\/\\\/www.facebook.com\\\/people\\\/Sacra\\\/61559924301009\\\/\",\"https:\\\/\\\/www.instagram.com\\\/sacra.cosmetics\\\/\"]},{\"@type\":\"Product\",\"@id\":\"https:\\\/\\\/sacracosmetics.com\\\/ro\\\/product\\\/elixir-crema-de-noapte-bio-regeneranta-ultra-bogata\\\/#wooCommerceProduct\",\"name\":\"Elixir Ultra Rich Bio Regenerating Night Cream\",\"description\":\"REGENERATES \\u00b7 NOURISHES \\u00b7 SUPPORTS FIRMNESS\\r\\nA lipid- and peptide-rich night cream formulated to work in alignment with the skin\\u2019s natural nocturnal repair cycle. Designed to deliver sustained hydration, reinforce barrier integrity and support visible firmness.\\r\\n\\r\\nWhy it performs\\r\\n\\r\\n \\t\\r\\nBiomimetic peptides support collagen-associated pathways linked to firmness and structural resilience.\\r\\n\\r\\n \\t\\r\\nHydrolysed collagen &amp; multi-level hydrators help improve moisture retention and skin suppleness.\\r\\n\\r\\n \\t\\r\\nOmega-rich botanical oils replenish essential lipids, reducing transepidermal water loss overnight.\\r\\n\\r\\n \\t\\r\\nAntioxidant support helps defend against oxidative stress accumulated during the day.\\r\\n\\r\\n\\r\\nBy morning, skin appears smoother, more rested and visibly supported.\",\"url\":\"https:\\\/\\\/sacracosmetics.com\\\/ro\\\/product\\\/elixir-crema-de-noapte-bio-regeneranta-ultra-bogata\\\/\",\"sku\":\"elixir-intense-bio-regenerative-day-cream-1\",\"image\":{\"@type\":\"ImageObject\",\"url\":\"https:\\\/\\\/sacracosmetics.com\\\/wp-content\\\/uploads\\\/2025\\\/12\\\/Sacra-by-Ioana-Porav-Fine-Art-Photographer20-e1773921362473.jpg\",\"@id\":\"https:\\\/\\\/sacracosmetics.com\\\/ro\\\/product\\\/elixir-crema-de-noapte-bio-regeneranta-ultra-bogata\\\/#productImage\",\"width\":1853,\"height\":1333},\"offers\":{\"@type\":\"Offer\",\"url\":\"https:\\\/\\\/sacracosmetics.com\\\/ro\\\/product\\\/elixir-crema-de-noapte-bio-regeneranta-ultra-bogata\\\/#wooCommerceOffer\",\"price\":67,\"priceCurrency\":\"EUR\",\"category\":\"ELIXIR\",\"availability\":\"https:\\\/\\\/schema.org\\\/InStock\",\"priceSpecification\":{\"@type\":\"PriceSpecification\",\"price\":67,\"priceCurrency\":\"EUR\",\"valueAddedTaxIncluded\":\"true\"},\"seller\":{\"@type\":\"Organization\",\"@id\":\"https:\\\/\\\/sacracosmetics.com\\\/ro\\\/#organization\"}},\"aggregateRating\":{\"@type\":\"AggregateRating\",\"@id\":\"https:\\\/\\\/sacracosmetics.com\\\/ro\\\/product\\\/elixir-crema-de-noapte-bio-regeneranta-ultra-bogata\\\/#aggregrateRating\",\"worstRating\":1,\"bestRating\":5,\"ratingValue\":5,\"reviewCount\":1},\"review\":[{\"@type\":\"Review\",\"reviewRating\":{\"@type\":\"Rating\",\"ratingValue\":5,\"worstRating\":1,\"bestRating\":5},\"author\":{\"@type\":\"Person\",\"name\":\"Laura Cret\"},\"datePublished\":\"2026-03-23T20:27:39+02:00\",\"reviewBody\":\"Excelenta crema pentru tenul matur si sensibil. Da senzatia unui produs luxuriant si foarte hidratant.Cu siguranta o voi cumpara din nou.\"}]},{\"@type\":\"WebPage\",\"@id\":\"https:\\\/\\\/sacracosmetics.com\\\/ro\\\/product\\\/elixir-crema-de-noapte-bio-regeneranta-ultra-bogata\\\/#webpage\",\"url\":\"https:\\\/\\\/sacracosmetics.com\\\/ro\\\/product\\\/elixir-crema-de-noapte-bio-regeneranta-ultra-bogata\\\/\",\"name\":\"Elixir Ultra Rich Bio Regenerating Night Cream - Sacra Cosmetics\",\"description\":\"A lightweight 2-in-1 moisturiser and SPF 30 shield with peptides, hyaluronic acid, and botanical oils to hydrate, firm, and protect sensitive skin.\",\"inLanguage\":\"ro-RO\",\"isPartOf\":{\"@id\":\"https:\\\/\\\/sacracosmetics.com\\\/ro\\\/#website\"},\"breadcrumb\":{\"@id\":\"https:\\\/\\\/sacracosmetics.com\\\/ro\\\/product\\\/elixir-crema-de-noapte-bio-regeneranta-ultra-bogata\\\/#breadcrumblist\"},\"image\":{\"@type\":\"ImageObject\",\"url\":\"https:\\\/\\\/sacracosmetics.com\\\/wp-content\\\/uploads\\\/2025\\\/12\\\/Sacra-by-Ioana-Porav-Fine-Art-Photographer20-e1773921362473.jpg\",\"@id\":\"https:\\\/\\\/sacracosmetics.com\\\/ro\\\/product\\\/elixir-crema-de-noapte-bio-regeneranta-ultra-bogata\\\/#mainImage\",\"width\":1853,\"height\":1333},\"primaryImageOfPage\":{\"@id\":\"https:\\\/\\\/sacracosmetics.com\\\/ro\\\/product\\\/elixir-crema-de-noapte-bio-regeneranta-ultra-bogata\\\/#mainImage\"},\"datePublished\":\"2025-12-22T16:37:41+02:00\",\"dateModified\":\"2026-03-28T15:06:36+02:00\"},{\"@type\":\"WebSite\",\"@id\":\"https:\\\/\\\/sacracosmetics.com\\\/ro\\\/#website\",\"url\":\"https:\\\/\\\/sacracosmetics.com\\\/ro\\\/\",\"name\":\"Sacra Cosmetics\",\"inLanguage\":\"ro-RO\",\"publisher\":{\"@id\":\"https:\\\/\\\/sacracosmetics.com\\\/ro\\\/#organization\"}}]}\n\t\t<\/script>\n\t\t<!-- All in One SEO Pro -->\r\n\t\t<title>Elixir Ultra Rich Bio Regenerating Night Cream - Sacra Cosmetics<\/title>\n\n","aioseo_head_json":{"title":"Elixir Ultra Rich Bio Regenerating Night Cream - Sacra Cosmetics","description":"O crem\u0103 hidratant\u0103 u\u0219oar\u0103 2 \u00een 1 \u0219i ecran cu SPF 30 cu peptide, acid hialuronic \u0219i uleiuri botanice pentru a hidrata, \u00eent\u0103ri \u0219i proteja pielea sensibil\u0103.","canonical_url":"https:\/\/sacracosmetics.com\/ro\/product\/elixir-crema-de-noapte-bio-regeneranta-ultra-bogata\/","robots":"max-image-preview:large","keywords":"","webmasterTools":{"miscellaneous":""},"schema":{"@context":"https:\/\/schema.org","@graph":[{"@type":"BreadcrumbList","@id":"https:\/\/sacracosmetics.com\/ro\/product\/elixir-crema-de-noapte-bio-regeneranta-ultra-bogata\/#breadcrumblist","itemListElement":[{"@type":"ListItem","@id":"https:\/\/sacracosmetics.com\/ro#listItem","position":1,"name":"Home","item":"https:\/\/sacracosmetics.com\/ro","nextItem":{"@type":"ListItem","@id":"https:\/\/sacracosmetics.com\/ro\/nou-in\/#listItem","name":"New In"}},{"@type":"ListItem","@id":"https:\/\/sacracosmetics.com\/ro\/nou-in\/#listItem","position":2,"name":"New In","item":"https:\/\/sacracosmetics.com\/ro\/nou-in\/","nextItem":{"@type":"ListItem","@id":"https:\/\/sacracosmetics.com\/ro\/product-category\/toate\/#listItem","name":"All"},"previousItem":{"@type":"ListItem","@id":"https:\/\/sacracosmetics.com\/ro#listItem","name":"Home"}},{"@type":"ListItem","@id":"https:\/\/sacracosmetics.com\/ro\/product-category\/toate\/#listItem","position":3,"name":"All","item":"https:\/\/sacracosmetics.com\/ro\/product-category\/toate\/","nextItem":{"@type":"ListItem","@id":"https:\/\/sacracosmetics.com\/ro\/product-category\/toate\/elixir\/#listItem","name":"ELIXIR"},"previousItem":{"@type":"ListItem","@id":"https:\/\/sacracosmetics.com\/ro\/nou-in\/#listItem","name":"New In"}},{"@type":"ListItem","@id":"https:\/\/sacracosmetics.com\/ro\/product-category\/toate\/elixir\/#listItem","position":4,"name":"ELIXIR","item":"https:\/\/sacracosmetics.com\/ro\/product-category\/toate\/elixir\/","nextItem":{"@type":"ListItem","@id":"https:\/\/sacracosmetics.com\/ro\/product\/elixir-crema-de-noapte-bio-regeneranta-ultra-bogata\/#listItem","name":"Elixir Ultra Rich Bio Regenerating Night Cream"},"previousItem":{"@type":"ListItem","@id":"https:\/\/sacracosmetics.com\/ro\/product-category\/toate\/#listItem","name":"All"}},{"@type":"ListItem","@id":"https:\/\/sacracosmetics.com\/ro\/product\/elixir-crema-de-noapte-bio-regeneranta-ultra-bogata\/#listItem","position":5,"name":"Elixir Ultra Rich Bio Regenerating Night Cream","previousItem":{"@type":"ListItem","@id":"https:\/\/sacracosmetics.com\/ro\/product-category\/toate\/elixir\/#listItem","name":"ELIXIR"}}]},{"@type":"Organization","@id":"https:\/\/sacracosmetics.com\/ro\/#organization","name":"Sacra Cosmetics","url":"https:\/\/sacracosmetics.com\/ro\/","telephone":"+40770310183","logo":{"@type":"ImageObject","url":"https:\/\/sacracosmetics.com\/wp-content\/uploads\/2025\/06\/logo-500.png","@id":"https:\/\/sacracosmetics.com\/ro\/product\/elixir-crema-de-noapte-bio-regeneranta-ultra-bogata\/#organizationLogo","width":500,"height":500,"caption":"Sacra Cosmetics"},"image":{"@id":"https:\/\/sacracosmetics.com\/ro\/product\/elixir-crema-de-noapte-bio-regeneranta-ultra-bogata\/#organizationLogo"},"sameAs":["https:\/\/www.facebook.com\/people\/Sacra\/61559924301009\/","https:\/\/www.instagram.com\/sacra.cosmetics\/"]},{"@type":"Product","@id":"https:\/\/sacracosmetics.com\/ro\/product\/elixir-crema-de-noapte-bio-regeneranta-ultra-bogata\/#wooCommerceProduct","name":"Elixir Ultra Rich Bio Regenerating Night Cream","description":"REGENERATES \u00b7 NOURISHES \u00b7 SUPPORTS FIRMNESS\r\nA lipid- and peptide-rich night cream formulated to work in alignment with the skin\u2019s natural nocturnal repair cycle. Designed to deliver sustained hydration, reinforce barrier integrity and support visible firmness.\r\n\r\nWhy it performs\r\n\r\n \t\r\nBiomimetic peptides support collagen-associated pathways linked to firmness and structural resilience.\r\n\r\n \t\r\nHydrolysed collagen &amp; multi-level hydrators help improve moisture retention and skin suppleness.\r\n\r\n \t\r\nOmega-rich botanical oils replenish essential lipids, reducing transepidermal water loss overnight.\r\n\r\n \t\r\nAntioxidant support helps defend against oxidative stress accumulated during the day.\r\n\r\n\r\nBy morning, skin appears smoother, more rested and visibly supported.","url":"https:\/\/sacracosmetics.com\/ro\/product\/elixir-crema-de-noapte-bio-regeneranta-ultra-bogata\/","sku":"elixir-intense-bio-regenerative-day-cream-1","image":{"@type":"ImageObject","url":"https:\/\/sacracosmetics.com\/wp-content\/uploads\/2025\/12\/Sacra-by-Ioana-Porav-Fine-Art-Photographer20-e1773921362473.jpg","@id":"https:\/\/sacracosmetics.com\/ro\/product\/elixir-crema-de-noapte-bio-regeneranta-ultra-bogata\/#productImage","width":1853,"height":1333},"offers":{"@type":"Offer","url":"https:\/\/sacracosmetics.com\/ro\/product\/elixir-crema-de-noapte-bio-regeneranta-ultra-bogata\/#wooCommerceOffer","price":67,"priceCurrency":"EUR","category":"ELIXIR","availability":"https:\/\/schema.org\/InStock","priceSpecification":{"@type":"PriceSpecification","price":67,"priceCurrency":"EUR","valueAddedTaxIncluded":"true"},"seller":{"@type":"Organization","@id":"https:\/\/sacracosmetics.com\/ro\/#organization"}},"aggregateRating":{"@type":"AggregateRating","@id":"https:\/\/sacracosmetics.com\/ro\/product\/elixir-crema-de-noapte-bio-regeneranta-ultra-bogata\/#aggregrateRating","worstRating":1,"bestRating":5,"ratingValue":5,"reviewCount":1},"review":[{"@type":"Review","reviewRating":{"@type":"Rating","ratingValue":5,"worstRating":1,"bestRating":5},"author":{"@type":"Person","name":"Laura Cret"},"datePublished":"2026-03-23T20:27:39+02:00","reviewBody":"Excelenta crema pentru tenul matur si sensibil. Da senzatia unui produs luxuriant si foarte hidratant.Cu siguranta o voi cumpara din nou."}]},{"@type":"WebPage","@id":"https:\/\/sacracosmetics.com\/ro\/product\/elixir-crema-de-noapte-bio-regeneranta-ultra-bogata\/#webpage","url":"https:\/\/sacracosmetics.com\/ro\/product\/elixir-crema-de-noapte-bio-regeneranta-ultra-bogata\/","name":"Elixir Ultra Rich Bio Regenerating Night Cream - Sacra Cosmetics","description":"A lightweight 2-in-1 moisturiser and SPF 30 shield with peptides, hyaluronic acid, and botanical oils to hydrate, firm, and protect sensitive skin.","inLanguage":"ro-RO","isPartOf":{"@id":"https:\/\/sacracosmetics.com\/ro\/#website"},"breadcrumb":{"@id":"https:\/\/sacracosmetics.com\/ro\/product\/elixir-crema-de-noapte-bio-regeneranta-ultra-bogata\/#breadcrumblist"},"image":{"@type":"ImageObject","url":"https:\/\/sacracosmetics.com\/wp-content\/uploads\/2025\/12\/Sacra-by-Ioana-Porav-Fine-Art-Photographer20-e1773921362473.jpg","@id":"https:\/\/sacracosmetics.com\/ro\/product\/elixir-crema-de-noapte-bio-regeneranta-ultra-bogata\/#mainImage","width":1853,"height":1333},"primaryImageOfPage":{"@id":"https:\/\/sacracosmetics.com\/ro\/product\/elixir-crema-de-noapte-bio-regeneranta-ultra-bogata\/#mainImage"},"datePublished":"2025-12-22T16:37:41+02:00","dateModified":"2026-03-28T15:06:36+02:00"},{"@type":"WebSite","@id":"https:\/\/sacracosmetics.com\/ro\/#website","url":"https:\/\/sacracosmetics.com\/ro\/","name":"Sacra Cosmetics","inLanguage":"ro-RO","publisher":{"@id":"https:\/\/sacracosmetics.com\/ro\/#organization"}}]},"og:locale":"ro_RO","og:site_name":"Sacra Cosmetics -","og:type":"article","og:title":"Elixir Ultra Rich Bio Regenerating Night Cream - Sacra Cosmetics","og:description":"A lightweight 2-in-1 moisturiser and SPF 30 shield with peptides, hyaluronic acid, and botanical oils to hydrate, firm, and protect sensitive skin.","og:url":"https:\/\/sacracosmetics.com\/ro\/product\/elixir-crema-de-noapte-bio-regeneranta-ultra-bogata\/","article:published_time":"2025-12-22T14:37:41+00:00","article:modified_time":"2026-03-28T13:06:36+00:00","article:publisher":"https:\/\/www.facebook.com\/people\/Sacra\/61559924301009\/","twitter:card":"summary_large_image","twitter:title":"Elixir Ultra Rich Bio Regenerating Night Cream - Sacra Cosmetics","twitter:description":"A lightweight 2-in-1 moisturiser and SPF 30 shield with peptides, hyaluronic acid, and botanical oils to hydrate, firm, and protect sensitive skin."},"aioseo_meta_data":{"post_id":"4221","title":null,"description":"O crem\u0103 hidratant\u0103 u\u0219oar\u0103 2 \u00een 1 \u0219i ecran cu SPF 30 cu peptide, acid hialuronic \u0219i uleiuri botanice pentru a hidrata, \u00eent\u0103ri \u0219i proteja pielea sensibil\u0103.","keywords":null,"keyphrases":{"focus":{"keyphrase":"","score":0,"analysis":{"keyphraseInTitle":{"score":0,"maxScore":9,"error":1}}},"additional":[]},"primary_term":null,"canonical_url":null,"og_title":null,"og_description":null,"og_object_type":"default","og_image_type":"default","og_image_url":null,"og_image_width":null,"og_image_height":null,"og_image_custom_url":null,"og_image_custom_fields":null,"og_video":"","og_custom_url":null,"og_article_section":null,"og_article_tags":null,"twitter_use_og":false,"twitter_card":"default","twitter_image_type":"default","twitter_image_url":null,"twitter_image_custom_url":null,"twitter_image_custom_fields":null,"twitter_title":null,"twitter_description":null,"schema":{"blockGraphs":[],"customGraphs":[],"default":{"data":{"Article":[],"Course":[],"Dataset":[],"FAQPage":[],"Movie":[],"Person":[],"Product":[],"ProductReview":[],"Car":[],"Recipe":[],"Service":[],"SoftwareApplication":[],"WebPage":[]},"graphName":"Product","isEnabled":true},"graphs":[]},"schema_type":"default","schema_type_options":null,"pillar_content":false,"robots_default":true,"robots_noindex":false,"robots_noarchive":false,"robots_nosnippet":false,"robots_nofollow":false,"robots_noimageindex":false,"robots_noodp":false,"robots_notranslate":false,"robots_max_snippet":"-1","robots_max_videopreview":"-1","robots_max_imagepreview":"large","priority":null,"frequency":"default","local_seo":null,"seo_analyzer_scan_date":"2026-03-28 13:09:43","breadcrumb_settings":null,"limit_modified_date":false,"reviewed_by":null,"open_ai":null,"ai":{"faqs":[],"keyPoints":[],"titles":[],"descriptions":[],"socialPosts":{"email":[],"linkedin":[],"twitter":[],"facebook":[],"instagram":[]}},"created":"2025-12-22 14:37:41","updated":"2026-03-28 13:13:37"},"aioseo_breadcrumb":"<div class=\"aioseo-breadcrumbs\"><span class=\"aioseo-breadcrumb\">\n\t<a href=\"https:\/\/sacracosmetics.com\/ro\" title=\"Home\">Home<\/a>\n<\/span><span class=\"aioseo-breadcrumb-separator\">&raquo;<\/span><span class=\"aioseo-breadcrumb\">\n\t<a href=\"https:\/\/sacracosmetics.com\/ro\/nou-in\/\" title=\"New In\">New In<\/a>\n<\/span><span class=\"aioseo-breadcrumb-separator\">&raquo;<\/span><span class=\"aioseo-breadcrumb\">\n\t<a href=\"https:\/\/sacracosmetics.com\/ro\/product-category\/toate\/\" title=\"All\">All<\/a>\n<\/span><span class=\"aioseo-breadcrumb-separator\">&raquo;<\/span><span class=\"aioseo-breadcrumb\">\n\t<a href=\"https:\/\/sacracosmetics.com\/ro\/product-category\/toate\/elixir\/\" title=\"ELIXIR\">ELIXIR<\/a>\n<\/span><span class=\"aioseo-breadcrumb-separator\">&raquo;<\/span><span class=\"aioseo-breadcrumb\">\n\tElixir Ultra Rich Bio Regenerating Night Cream\n<\/span><\/div>","aioseo_breadcrumb_json":[{"label":"Home","link":"https:\/\/sacracosmetics.com\/ro"},{"label":"New In","link":"https:\/\/sacracosmetics.com\/ro\/nou-in\/"},{"label":"All","link":"https:\/\/sacracosmetics.com\/ro\/product-category\/toate\/"},{"label":"ELIXIR","link":"https:\/\/sacracosmetics.com\/ro\/product-category\/toate\/elixir\/"},{"label":"Elixir Ultra Rich Bio Regenerating Night Cream","link":"https:\/\/sacracosmetics.com\/ro\/product\/elixir-crema-de-noapte-bio-regeneranta-ultra-bogata\/"}],"_links":{"self":[{"href":"https:\/\/sacracosmetics.com\/ro\/wp-json\/wp\/v2\/product\/4221","targetHints":{"allow":["GET"]}}],"collection":[{"href":"https:\/\/sacracosmetics.com\/ro\/wp-json\/wp\/v2\/product"}],"about":[{"href":"https:\/\/sacracosmetics.com\/ro\/wp-json\/wp\/v2\/types\/product"}],"replies":[{"embeddable":true,"href":"https:\/\/sacracosmetics.com\/ro\/wp-json\/wp\/v2\/comments?post=4221"}],"wp:featuredmedia":[{"embeddable":true,"href":"https:\/\/sacracosmetics.com\/ro\/wp-json\/wp\/v2\/media\/4505"}],"wp:attachment":[{"href":"https:\/\/sacracosmetics.com\/ro\/wp-json\/wp\/v2\/media?parent=4221"}],"wp:term":[{"taxonomy":"product_brand","embeddable":true,"href":"https:\/\/sacracosmetics.com\/ro\/wp-json\/wp\/v2\/product_brand?post=4221"},{"taxonomy":"product_cat","embeddable":true,"href":"https:\/\/sacracosmetics.com\/ro\/wp-json\/wp\/v2\/product_cat?post=4221"},{"taxonomy":"product_tag","embeddable":true,"href":"https:\/\/sacracosmetics.com\/ro\/wp-json\/wp\/v2\/product_tag?post=4221"}],"curies":[{"name":"wp","href":"https:\/\/api.w.org\/{rel}","templated":true}]}}